{"id":616,"date":"2022-12-22T09:25:22","date_gmt":"2022-12-22T09:25:22","guid":{"rendered":"https:\/\/jessgrove.co.uk\/?page_id=616"},"modified":"2022-12-22T09:25:22","modified_gmt":"2022-12-22T09:25:22","slug":"sartlar-ve-kosullar","status":"publish","type":"page","link":"https:\/\/jessgrove.co.uk\/tr\/terms-and-conditions\/","title":{"rendered":"\u015eartlar ve Ko\u015fullar"},"content":{"rendered":"<div class=\"wpb-content-wrapper\"><div data-parent=\"true\" class=\"vc_row has-bg need-focus style-accent-bg row-container\" id=\"row-unique-0\"><div class=\"row double-top-padding double-bottom-padding single-h-padding limit-width row-parent\"><div class=\"wpb_row row-inner\"><div class=\"wpb_column pos-middle pos-center align_center column_parent col-lg-12 single-internal-gutter\"><div class=\"uncol style-spec style-dark\"  ><div class=\"uncoltable\"><div class=\"uncell no-block-padding\" ><div class=\"uncont\" ><div class=\"vc_custom_heading_wrap\"><div class=\"heading-text el-text\" ><h1 class=\"fontsize-410071 text-color-xsdn-color\" ><span>\u015eartlar ve Ko\u015fullar<\/span><\/h1><\/div><div class=\"clear\"><\/div><\/div><\/div><\/div><\/div><\/div><\/div><script id=\"script-row-unique-0\" data-row=\"script-row-unique-0\" type=\"text\/javascript\" class=\"vc_controls\">UNCODE.initRow(document.getElementById(\"row-unique-0\"));<\/script><\/div><\/div><\/div><div data-parent=\"true\" class=\"vc_row has-bg need-focus style-color-xsdn-bg row-container\" id=\"row-unique-1\"><div class=\"row double-top-padding double-bottom-padding single-h-padding limit-width row-parent\"><div class=\"wpb_row row-inner\"><div class=\"wpb_column pos-top pos-center align_left column_parent col-lg-12 single-internal-gutter\"><div class=\"uncol style-light\"  ><div class=\"uncoltable\"><div class=\"uncell no-block-padding\" ><div class=\"uncont\" ><div class=\"vc_custom_heading_wrap\"><div class=\"heading-text el-text\" ><h2 class=\"font-111111 h4 font-weight-400\" ><span>Web sitemize ho\u015f geldiniz.<\/span><\/h2><\/div><div class=\"clear\"><\/div><\/div><div class=\"uncode_text_column\" ><p>Bu web sitesine g\u00f6z atmaya ve kullanmaya devam ederseniz, gizlilik politikam\u0131zla birlikte Jessgrove'un bu web sitesi ile ilgili olarak sizinle olan ili\u015fkisini y\u00f6neten a\u015fa\u011f\u0131daki kullan\u0131m \u015fartlar\u0131na ve ko\u015fullar\u0131na uymay\u0131 ve bunlara ba\u011fl\u0131 kalmay\u0131 kabul etmi\u015f olursunuz. Bu h\u00fck\u00fcm ve ko\u015fullar\u0131n herhangi bir b\u00f6l\u00fcm\u00fcne kat\u0131lm\u0131yorsan\u0131z, l\u00fctfen web sitemizi kullanmay\u0131n.<\/p>\n<p>'Jessgrove' veya 'biz' veya 'biz' terimi, kay\u0131tl\u0131 ofisi Cross Lane Mills, Cross Lane, Bradford, BD7 3JT olan web sitesinin sahibini ifade eder. \u015eirket kay\u0131t numaram\u0131z 1419182'dir. 'Siz' terimi, web sitemizin kullan\u0131c\u0131s\u0131 veya izleyicisi anlam\u0131na gelir.<\/p>\n<h4>Bu web sitesinin kullan\u0131m\u0131 a\u015fa\u011f\u0131daki kullan\u0131m ko\u015fullar\u0131na tabidir:<\/h4>\n<p>Bu web sitesinin sayfalar\u0131n\u0131n i\u00e7eri\u011fi yaln\u0131zca genel bilgi ve kullan\u0131m\u0131n\u0131z i\u00e7indir. Haber verilmeksizin de\u011fi\u015ftirilebilir.<\/p>\n<p>Bu web sitesi, tarama tercihlerini izlemek i\u00e7in \u00e7erezler kullanmaktad\u0131r. \u00c7erezlerin kullan\u0131lmas\u0131na izin verirseniz, a\u015fa\u011f\u0131daki ki\u015fisel bilgiler \u00fc\u00e7\u00fcnc\u00fc taraflarca kullan\u0131lmak \u00fczere taraf\u0131m\u0131zdan saklanabilir.<\/p>\n<p>Ne biz ne de herhangi bir \u00fc\u00e7\u00fcnc\u00fc taraf, bu web sitesinde bulunan veya sunulan bilgi ve materyallerin do\u011frulu\u011fu, g\u00fcncelli\u011fi, performans\u0131, eksiksizli\u011fi veya belirli bir amaca uygunlu\u011fu konusunda herhangi bir garanti veya teminat vermemektedir. Bu t\u00fcr bilgi ve materyallerin yanl\u0131\u015fl\u0131klar veya hatalar i\u00e7erebilece\u011fini ve yasalar\u0131n izin verdi\u011fi en geni\u015f \u00f6l\u00e7\u00fcde bu t\u00fcr yanl\u0131\u015fl\u0131klar veya hatalar i\u00e7in sorumlulu\u011fu a\u00e7\u0131k\u00e7a hari\u00e7 tuttu\u011fumuzu kabul edersiniz.<\/p>\n<p>Bu web sitesindeki herhangi bir bilgi veya materyali kullanman\u0131z tamamen sizin sorumlulu\u011funuzdad\u0131r ve bundan biz sorumlu olmayaca\u011f\u0131z. Bu web sitesi arac\u0131l\u0131\u011f\u0131yla sunulan herhangi bir \u00fcr\u00fcn, hizmet veya bilginin \u00f6zel gereksinimlerinizi kar\u015f\u0131lad\u0131\u011f\u0131ndan emin olmak sizin sorumlulu\u011funuzdad\u0131r.<\/p>\n<p>Bu web sitesi, bize ait veya lisansl\u0131 materyaller i\u00e7ermektedir. Bu materyal, tasar\u0131m, d\u00fczen, g\u00f6r\u00fcn\u00fcm, g\u00f6r\u00fcn\u00fcm ve grafikleri i\u00e7erir, ancak bunlarla s\u0131n\u0131rl\u0131 de\u011fildir. Bu h\u00fck\u00fcm ve ko\u015fullar\u0131n bir par\u00e7as\u0131n\u0131 olu\u015fturan telif hakk\u0131 bildirimi d\u0131\u015f\u0131nda \u00e7o\u011falt\u0131lmas\u0131 yasakt\u0131r.<\/p>\n<p>Bu web sitesinde \u00e7o\u011falt\u0131lan ve operat\u00f6r\u00fcn m\u00fclkiyetinde olmayan veya operat\u00f6re lisans verilmeyen t\u00fcm ticari markalar web sitesinde belirtilmi\u015ftir.<\/p>\n<p>Bu web sitesinin izinsiz kullan\u0131m\u0131 tazminat talebine yol a\u00e7abilir ve\/veya cezai bir su\u00e7 te\u015fkil edebilir.<\/p>\n<p>Bu web sitesi zaman zaman ba\u015fka web sitelerine ba\u011flant\u0131lar da i\u00e7erebilir. Bu ba\u011flant\u0131lar, daha fazla bilgi sa\u011flamak amac\u0131yla size kolayl\u0131k sa\u011flamak i\u00e7in verilmi\u015ftir. Bu ba\u011flant\u0131lar, s\u00f6z konusu web sitelerini destekledi\u011fimiz anlam\u0131na gelmez. Ba\u011flant\u0131 verilen web sitelerinin i\u00e7eri\u011fi konusunda hi\u00e7bir sorumlulu\u011fumuz bulunmamaktad\u0131r.<\/p>\n<p>Bu web sitesini kullan\u0131m\u0131n\u0131z ve web sitesinin bu \u015fekilde kullan\u0131m\u0131ndan kaynaklanan herhangi bir anla\u015fmazl\u0131k \u0130ngiltere, Kuzey \u0130rlanda, \u0130sko\u00e7ya ve Galler yasalar\u0131na tabidir.<\/p>\n<\/div><\/div><\/div><\/div><\/div><\/div><script id=\"script-row-unique-1\" data-row=\"script-row-unique-1\" type=\"text\/javascript\" class=\"vc_controls\">UNCODE.initRow(document.getElementById(\"row-unique-1\"));<\/script><\/div><\/div><\/div>\n<\/div>","protected":false},"excerpt":{"rendered":"Terms &#038; ConditionsWelcome to our website.If you continue to browse and use this website, you are agreeing to comply with [...]","protected":false},"author":4,"featured_media":0,"parent":0,"menu_order":0,"comment_status":"closed","ping_status":"closed","template":"","meta":{"_surecart_dashboard_logo_width":"180px","_surecart_dashboard_show_logo":true,"_surecart_dashboard_navigation_orders":true,"_surecart_dashboard_navigation_invoices":true,"_surecart_dashboard_navigation_subscriptions":true,"_surecart_dashboard_navigation_downloads":true,"_surecart_dashboard_navigation_billing":true,"_surecart_dashboard_navigation_account":true,"_monsterinsights_skip_tracking":false,"_monsterinsights_sitenote_active":false,"_monsterinsights_sitenote_note":"","_monsterinsights_sitenote_category":0,"footnotes":""},"class_list":["post-616","page","type-page","status-publish","hentry"],"_links":{"self":[{"href":"https:\/\/jessgrove.co.uk\/tr\/wp-json\/wp\/v2\/pages\/616","targetHints":{"allow":["GET"]}}],"collection":[{"href":"https:\/\/jessgrove.co.uk\/tr\/wp-json\/wp\/v2\/pages"}],"about":[{"href":"https:\/\/jessgrove.co.uk\/tr\/wp-json\/wp\/v2\/types\/page"}],"author":[{"embeddable":true,"href":"https:\/\/jessgrove.co.uk\/tr\/wp-json\/wp\/v2\/users\/4"}],"replies":[{"embeddable":true,"href":"https:\/\/jessgrove.co.uk\/tr\/wp-json\/wp\/v2\/comments?post=616"}],"version-history":[{"count":0,"href":"https:\/\/jessgrove.co.uk\/tr\/wp-json\/wp\/v2\/pages\/616\/revisions"}],"wp:attachment":[{"href":"https:\/\/jessgrove.co.uk\/tr\/wp-json\/wp\/v2\/media?parent=616"}],"curies":[{"name":"wp","href":"https:\/\/api.w.org\/{rel}","templated":true}]}}