{"id":500,"date":"2022-12-21T12:52:50","date_gmt":"2022-12-21T12:52:50","guid":{"rendered":"https:\/\/jessgrove.co.uk\/?page_id=500"},"modified":"2022-12-21T15:02:36","modified_gmt":"2022-12-21T15:02:36","slug":"surdurulebi%cc%87li%cc%87rli%cc%87k","status":"publish","type":"page","link":"https:\/\/jessgrove.co.uk\/tr\/sustainability\/","title":{"rendered":"S\u00fcrd\u00fcr\u00fclebilirlik"},"content":{"rendered":"<div class=\"wpb-content-wrapper\"><div data-parent=\"true\" class=\"vc_row has-bg need-focus style-color-wayh-bg row-container\" id=\"row-unique-0\"><div class=\"row-background background-element\">\n\t\t\t\t\t\t\t\t\t\t\t<div class=\"background-wrapper\">\n\t\t\t\t\t\t\t\t\t\t\t\t<div class=\"background-inner\" style=\"background-image: url(https:\/\/jessgrove.co.uk\/wp-content\/uploads\/2022\/12\/Sustainability-header-bg.jpg);background-repeat: no-repeat;background-position: center center;background-attachment: scroll;background-size: cover;\"><\/div>\n\t\t\t\t\t\t\t\t\t\t\t\t<div class=\"block-bg-overlay style-color-jevc-bg\" style=\"opacity: 0.3;\"><\/div>\n\t\t\t\t\t\t\t\t\t\t\t<\/div>\n\t\t\t\t\t\t\t\t\t\t<\/div><div class=\"row quad-top-padding quad-bottom-padding single-h-padding limit-width row-parent\" data-height-ratio=\"50\"><div class=\"wpb_row row-inner\"><div class=\"wpb_column pos-middle pos-center align_left column_parent col-lg-12 half-internal-gutter\"><div class=\"uncol style-spec style-dark\"  ><div class=\"uncoltable\"><div class=\"uncell no-block-padding\" ><div class=\"uncont\" ><div class=\"vc_custom_heading_wrap\"><div class=\"heading-text el-text\" ><h1 class=\"font-111111 h6 font-weight-400\" ><span>| S\u00fcrd\u00fcr\u00fclebilirlik |<\/span><\/h1><\/div><div class=\"clear\"><\/div><\/div><div class=\"vc_custom_heading_wrap\"><div class=\"heading-text el-text\" ><h3 class=\"fontsize-913426\" ><span>Daha s\u00fcrd\u00fcr\u00fclebilir bir gelecek i\u00e7in \u00e7al\u0131\u015f\u0131yoruz<\/span><\/h3><\/div><div class=\"clear\"><\/div><\/div><div class=\"empty-space empty-single\" ><span class=\"empty-space-inner\"><\/span><\/div>\n<\/div><\/div><\/div><\/div><\/div><script id=\"script-row-unique-0\" data-row=\"script-row-unique-0\" type=\"text\/javascript\" class=\"vc_controls\">UNCODE.initRow(document.getElementById(\"row-unique-0\"));<\/script><\/div><\/div><\/div><div data-parent=\"true\" class=\"vc_row has-bg need-focus style-color-xsdn-bg row-container\" id=\"row-unique-1\"><div class=\"row double-top-padding double-bottom-padding single-h-padding limit-width row-parent\"><div class=\"wpb_row row-inner\"><div class=\"wpb_column pos-top pos-center align_left column_parent col-lg-8 single-internal-gutter\"><div class=\"uncol style-light\"  ><div class=\"uncoltable\"><div class=\"uncell no-block-padding\" ><div class=\"uncont\" ><div class=\"vc_custom_heading_wrap\"><div class=\"heading-text el-text\" ><h3 class=\"font-111111 h4 font-weight-400\" ><span>Jessgrove'un 1983 y\u0131l\u0131nda ilk kuruldu\u011fu zamana k\u0131yasla bug\u00fcn \u00e7ok farkl\u0131 bir d\u00fcnya var.<\/span><\/h3><\/div><div class=\"clear\"><\/div><\/div><div class=\"uncode_text_column\" ><p>\u00d6ncelikler de\u011fi\u015fti ve art\u0131k hepimiz s\u00fcrd\u00fcr\u00fclebilirli\u011fin \u00f6neminin \u00e7ok daha fazla fark\u0131nday\u0131z.<\/p>\n<p>Bu, tedarik etti\u011fimiz kuma\u015f ve astarlardan da\u011f\u0131t\u0131m merkezlerimizden m\u00fc\u015fterilerimize kadar kat ettikleri mesafeleri en aza indirme ihtiyac\u0131na kadar i\u015fimizin t\u00fcm alanlar\u0131na yans\u0131maktad\u0131r.<\/p>\n<p>Bu nedenle, s\u00fcrekli geni\u015fleyen daha da geni\u015f bir yelpazenin yan\u0131 s\u0131ra geri d\u00f6n\u00fc\u015ft\u00fcr\u00fclm\u00fc\u015f polyester ile birlikte s\u00fcrd\u00fcr\u00fclebilir pamuk ve viskon \u00fcr\u00fcnlerinden olu\u015fan bir se\u00e7ki bulacaks\u0131n\u0131z. Bu \u00fcr\u00fcnlerin \u00e7o\u011fu tam Global Organik Tekstil Standard\u0131 sertifikas\u0131na sahip tedarik\u00e7ilerden gelmektedir. Ayr\u0131ca, bir\u00e7o\u011fu geri d\u00f6n\u00fc\u015ft\u00fcr\u00fclm\u00fc\u015f plastik \u015fi\u015felerden \u00fcretilen bir dizi REPREVE polyester kuma\u015f da sunuyoruz.<\/p>\n<p>Avrupa'da \u00fcretim ve da\u011f\u0131t\u0131ma odaklanarak, \u00e7evreye etkisi minimum d\u00fczeyde olan k\u0131sa ve \u015feffaf bir tedarik zinciri kullanabiliyoruz. Ayr\u0131ca, sertifikal\u0131 ve g\u00fcvenilir ortaklarla \u00e7al\u0131\u015farak, hepsinin bizimle ayn\u0131 vizyonu payla\u015ft\u0131\u011f\u0131ndan emin olabiliyoruz.<\/p>\n<\/div><\/div><\/div><\/div><\/div><\/div><div class=\"wpb_column pos-top pos-center align_left column_parent col-lg-4 single-internal-gutter\"><div class=\"uncol style-light\"  ><div class=\"uncoltable\"><div class=\"uncell no-block-padding\" ><div class=\"uncont\" ><div class=\"uncode-single-media  text-left\"><div class=\"single-wrapper\" style=\"max-width: 100%;\"><div class=\"tmb tmb-light  tmb-media-first tmb-media-last tmb-content-overlay tmb-no-bg\"><div class=\"t-inside\"><div class=\"t-entry-visual\"><div class=\"t-entry-visual-tc\"><div class=\"uncode-single-media-wrapper\"><img decoding=\"async\" class=\"wp-image-191\" src=\"https:\/\/jessgrove.co.uk\/wp-content\/uploads\/2022\/12\/Recycled.jpg\" width=\"1000\" height=\"1000\" alt=\"Geri D\u00f6n\u00fc\u015ft\u00fcr\u00fclm\u00fc\u015f\" title=\"\" srcset=\"https:\/\/jessgrove.co.uk\/wp-content\/uploads\/2022\/12\/Recycled.jpg 1000w, https:\/\/jessgrove.co.uk\/wp-content\/uploads\/2022\/12\/Recycled-300x300.jpg 300w, https:\/\/jessgrove.co.uk\/wp-content\/uploads\/2022\/12\/Recycled-150x150.jpg 150w, https:\/\/jessgrove.co.uk\/wp-content\/uploads\/2022\/12\/Recycled-768x768.jpg 768w, https:\/\/jessgrove.co.uk\/wp-content\/uploads\/2022\/12\/Recycled-12x12.jpg 12w, https:\/\/jessgrove.co.uk\/wp-content\/uploads\/2022\/12\/Recycled-350x350.jpg 350w, https:\/\/jessgrove.co.uk\/wp-content\/uploads\/2022\/12\/Recycled-348x348.jpg 348w\" sizes=\"(max-width: 1000px) 100vw, 1000px\"><\/div>\n\t\t\t\t\t<\/div>\n\t\t\t\t<\/div><\/div><\/div><\/div><\/div><\/div><\/div><\/div><\/div><\/div><script id=\"script-row-unique-1\" data-row=\"script-row-unique-1\" type=\"text\/javascript\" class=\"vc_controls\">UNCODE.initRow(document.getElementById(\"row-unique-1\"));<\/script><\/div><\/div><\/div><div data-parent=\"true\" class=\"vc_row has-bg need-focus style-color-xsdn-bg row-container\" id=\"row-unique-3\"><div class=\"row-background background-element\">\n\t\t\t\t\t\t\t\t\t\t\t<div class=\"background-wrapper\">\n\t\t\t\t\t\t\t\t\t\t\t\t<div class=\"background-inner\" style=\"background-image: url(https:\/\/jessgrove.co.uk\/wp-content\/uploads\/2022\/09\/Placeholder-03.jpg);background-repeat: no-repeat;background-position: center center;background-attachment: fixed;background-size: cover;\"><\/div>\n\t\t\t\t\t\t\t\t\t\t\t\t\n\t\t\t\t\t\t\t\t\t\t\t<\/div>\n\t\t\t\t\t\t\t\t\t\t<\/div><div class=\"row triple-top-padding triple-bottom-padding double-h-padding full-width row-parent\"><div class=\"wpb_row row-inner\"><div class=\"wpb_column pos-top pos-center align_left column_parent col-lg-12 overflow-hidden single-internal-gutter\"><div class=\"uncol style-light\"  ><div class=\"uncoltable\"><div class=\"uncell no-block-padding\" ><div class=\"uncont\" ><div class=\"vc_row row-internal row-container\"><div class=\"row unequal col-no-gutter row-child\" data-height=\"100\"><div class=\"wpb_row row-inner\"><div class=\"wpb_column pos-top pos-center align_left column_child col-lg-1 single-internal-gutter\"><div class=\"uncol style-light\" ><div class=\"uncoltable\"><div class=\"uncell no-block-padding\" ><div class=\"uncont\" ><\/div><\/div><\/div><\/div><\/div><div class=\"wpb_column pos-top pos-center align_left column_child col-lg-6 half-internal-gutter\"><div class=\"uncol style-spec style-dark\" ><div class=\"uncoltable\"><div class=\"uncell triple-block-padding style-accent-bg\" ><div class=\"uncont\" ><div class=\"empty-space empty-single desktop-hidden\" ><span class=\"empty-space-inner\"><\/span><\/div>\n<div class=\"vc_custom_heading_wrap\"><div class=\"heading-text el-text\" ><h2 class=\"fontsize-913426\" ><span>\u0130leti\u015fime ge\u00e7in<\/span><\/h2><\/div><div class=\"clear\"><\/div><\/div><div class=\"vc_custom_heading_wrap\"><div class=\"heading-text el-text\" ><h3 class=\"h2\" ><span>Stoklar\u0131m\u0131zda, Avrupa'n\u0131n her yerine an\u0131nda sevkiyata haz\u0131r sekiz milyon metreden fazla malzeme bulunmaktad\u0131r.<\/span><\/h3><\/div><div class=\"clear\"><\/div><\/div><div class=\"empty-space empty-half\" ><span class=\"empty-space-inner\"><\/span><\/div>\n<div class=\"divider-wrapper\"  >\n    <hr class=\"unseparator border-,Default-color separator-no-padding\"  style=\"border-top-width: 8px;\" \/>\n<\/div>\n<div class=\"empty-space empty-half\" ><span class=\"empty-space-inner\"><\/span><\/div>\n<span class=\"btn-container\" ><a role=\"button\"  href=\"https:\/\/jessgrove.co.uk\/tr\/iletisim\/\" class=\"custom-link btn border-width-0 btn-default btn-icon-left\" title=\"\u0130leti\u015fim\" target=\"_blank\">Bize Ula\u015f\u0131n &gt;<\/a><\/span><\/div><\/div><\/div><\/div><\/div><div class=\"wpb_column pos-middle pos-center align_left column_child col-lg-5 tablet-hidden mobile-hidden single-internal-gutter z_index_1\"><div class=\"uncol style-light\" ><div class=\"uncoltable\"><div class=\"uncell no-block-padding\" ><div class=\"uncont\" ><\/div><\/div><\/div><\/div><\/div><\/div><\/div><\/div><\/div><\/div><\/div><\/div><\/div><script id=\"script-row-unique-3\" data-row=\"script-row-unique-3\" type=\"text\/javascript\" class=\"vc_controls\">UNCODE.initRow(document.getElementById(\"row-unique-3\"));<\/script><\/div><\/div><\/div>\n<\/div>","protected":false},"excerpt":{"rendered":"| Sustainability |Working for a more sustainable future It\u2019s a very different world today compared with when Jessgrove was first [...]","protected":false},"author":4,"featured_media":501,"parent":0,"menu_order":0,"comment_status":"closed","ping_status":"closed","template":"","meta":{"_surecart_dashboard_logo_width":"180px","_surecart_dashboard_show_logo":true,"_surecart_dashboard_navigation_orders":true,"_surecart_dashboard_navigation_invoices":true,"_surecart_dashboard_navigation_subscriptions":true,"_surecart_dashboard_navigation_downloads":true,"_surecart_dashboard_navigation_billing":true,"_surecart_dashboard_navigation_account":true,"_monsterinsights_skip_tracking":false,"_monsterinsights_sitenote_active":false,"_monsterinsights_sitenote_note":"","_monsterinsights_sitenote_category":0,"footnotes":""},"class_list":["post-500","page","type-page","status-publish","has-post-thumbnail","hentry"],"_links":{"self":[{"href":"https:\/\/jessgrove.co.uk\/tr\/wp-json\/wp\/v2\/pages\/500","targetHints":{"allow":["GET"]}}],"collection":[{"href":"https:\/\/jessgrove.co.uk\/tr\/wp-json\/wp\/v2\/pages"}],"about":[{"href":"https:\/\/jessgrove.co.uk\/tr\/wp-json\/wp\/v2\/types\/page"}],"author":[{"embeddable":true,"href":"https:\/\/jessgrove.co.uk\/tr\/wp-json\/wp\/v2\/users\/4"}],"replies":[{"embeddable":true,"href":"https:\/\/jessgrove.co.uk\/tr\/wp-json\/wp\/v2\/comments?post=500"}],"version-history":[{"count":0,"href":"https:\/\/jessgrove.co.uk\/tr\/wp-json\/wp\/v2\/pages\/500\/revisions"}],"wp:featuredmedia":[{"embeddable":true,"href":"https:\/\/jessgrove.co.uk\/tr\/wp-json\/wp\/v2\/media\/501"}],"wp:attachment":[{"href":"https:\/\/jessgrove.co.uk\/tr\/wp-json\/wp\/v2\/media?parent=500"}],"curies":[{"name":"wp","href":"https:\/\/api.w.org\/{rel}","templated":true}]}}