{"id":3,"date":"2021-01-26T09:22:34","date_gmt":"2021-01-26T09:22:34","guid":{"rendered":"https:\/\/jessgrove.co.uk\/?page_id=3"},"modified":"2022-12-22T09:23:06","modified_gmt":"2022-12-22T09:23:06","slug":"gi%cc%87zli%cc%87li%cc%87k-poli%cc%87ti%cc%87kasi","status":"publish","type":"page","link":"https:\/\/jessgrove.co.uk\/tr\/privacy-policy\/","title":{"rendered":"Gizlilik Politikas\u0131"},"content":{"rendered":"<div class=\"wpb-content-wrapper\"><div data-parent=\"true\" class=\"vc_row has-bg need-focus style-accent-bg row-container\" id=\"row-unique-0\"><div class=\"row double-top-padding double-bottom-padding single-h-padding limit-width row-parent\"><div class=\"wpb_row row-inner\"><div class=\"wpb_column pos-middle pos-center align_center column_parent col-lg-12 single-internal-gutter\"><div class=\"uncol style-spec style-dark\"  ><div class=\"uncoltable\"><div class=\"uncell no-block-padding\" ><div class=\"uncont\" ><div class=\"vc_custom_heading_wrap\"><div class=\"heading-text el-text\" ><h1 class=\"fontsize-410071 text-color-xsdn-color\" ><span>Gizlilik Politikas\u0131<\/span><\/h1><\/div><div class=\"clear\"><\/div><\/div><\/div><\/div><\/div><\/div><\/div><script id=\"script-row-unique-0\" data-row=\"script-row-unique-0\" type=\"text\/javascript\" class=\"vc_controls\">UNCODE.initRow(document.getElementById(\"row-unique-0\"));<\/script><\/div><\/div><\/div><div data-parent=\"true\" class=\"vc_row has-bg need-focus style-color-xsdn-bg row-container\" id=\"row-unique-1\"><div class=\"row double-top-padding double-bottom-padding single-h-padding limit-width row-parent\"><div class=\"wpb_row row-inner\"><div class=\"wpb_column pos-top pos-center align_left column_parent col-lg-12 single-internal-gutter\"><div class=\"uncol style-light\"  ><div class=\"uncoltable\"><div class=\"uncell no-block-padding\" ><div class=\"uncont\" ><div class=\"vc_custom_heading_wrap\"><div class=\"heading-text el-text\" ><h2 class=\"font-111111 h4 font-weight-400\" ><span>Jessgrove Group (\"Biz\") gizlili\u011finizi korumay\u0131 ve gizlili\u011finize sayg\u0131 g\u00f6stermeyi taahh\u00fct eder.<\/span><\/h2><\/div><div class=\"clear\"><\/div><\/div><div class=\"uncode_text_column\" ><p>Bu politika, sizden toplad\u0131\u011f\u0131m\u0131z veya bize sa\u011flad\u0131\u011f\u0131n\u0131z ki\u015fisel verilerin taraf\u0131m\u0131zdan hangi temelde i\u015flenece\u011fini belirler. Ki\u015fisel verilerinize ili\u015fkin g\u00f6r\u00fc\u015flerimizi ve uygulamalar\u0131m\u0131z\u0131 ve bunlar\u0131 nas\u0131l ele alaca\u011f\u0131m\u0131z\u0131 anlamak i\u00e7in l\u00fctfen a\u015fa\u011f\u0131dakileri dikkatlice okuyun. Web sitemizi ziyaret etti\u011finizde baz\u0131 temel bilgileri sakl\u0131yoruz ve bu bilgileri g\u00fcvende tutman\u0131n ve bu bilgilerle ne yapaca\u011f\u0131m\u0131z\u0131 size bildirmenin \u00f6neminin fark\u0131nday\u0131z.<\/p>\n<p>Veri Koruma Yasas\u0131 1998'in (Yasa) amac\u0131 do\u011frultusunda, veri denetleyicisi Jessgrove, Cross Lane Mills, Cross Lane, Bradford, BD7 3JT'dir<\/p>\n<p>Sitemizden bir ba\u011flant\u0131 yoluyla veya ba\u015fka bir \u015fekilde ayr\u0131l\u0131rsan\u0131z, s\u00f6z konusu web sitesi sa\u011flay\u0131c\u0131s\u0131n\u0131n politikas\u0131na tabi olursunuz. Bu politika veya web sitesinin ko\u015fullar\u0131 \u00fczerinde hi\u00e7bir kontrol\u00fcm\u00fcz yoktur ve siteye eri\u015fmeye devam etmeden \u00f6nce politikalar\u0131n\u0131 kontrol etmelisiniz.<\/p>\n<h4>Sizden toplayabilece\u011fimiz bilgiler<\/h4>\n<p>Sizin hakk\u0131n\u0131zda a\u015fa\u011f\u0131daki verileri toplayabilir ve i\u015fleyebiliriz:<\/p>\n<ol>\n<li>Sitemizdeki formlar\u0131 doldurarak sa\u011flad\u0131\u011f\u0131n\u0131z bilgiler. Bu, sitemizi kullanmak i\u00e7in kaydolurken, hizmetimize abone olurken veya daha fazla hizmet talep ederken sa\u011flanan bilgileri i\u00e7erir. Sitemizle ilgili bir sorunu bildirdi\u011finizde de sizden bilgi isteyebiliriz.<\/li>\n<li>Bizimle ileti\u015fime ge\u00e7erseniz, bu yaz\u0131\u015fmalar\u0131n kayd\u0131n\u0131 tutabiliriz.<\/li>\n<li>Ayr\u0131ca, ara\u015ft\u0131rma amac\u0131yla kulland\u0131\u011f\u0131m\u0131z anketleri doldurman\u0131z\u0131 isteyebiliriz, ancak bunlara yan\u0131t vermek zorunda de\u011filsiniz.<\/li>\n<li>Trafik verileri, konum verileri, web g\u00fcnl\u00fckleri, i\u015fletim sistemi, taray\u0131c\u0131 kullan\u0131m\u0131 ve di\u011fer ileti\u015fim verileri dahil ancak bunlarla s\u0131n\u0131rl\u0131 olmamak \u00fczere sitemize yapt\u0131\u011f\u0131n\u0131z ziyaretlerin ayr\u0131nt\u0131lar\u0131, bunun kendi faturalama ama\u00e7lar\u0131m\u0131z i\u00e7in veya ba\u015fka bir \u015fekilde gerekli olup olmad\u0131\u011f\u0131 ve eri\u015fti\u011finiz kaynaklar.<\/li>\n<\/ol>\n<h4>IP adresleri<\/h4>\n<p>Sistem y\u00f6netimi ve reklamverenlerimize toplu bilgi raporlamak i\u00e7in, varsa IP adresiniz, i\u015fletim sisteminiz ve taray\u0131c\u0131 t\u00fcr\u00fcn\u00fcz dahil olmak \u00fczere bilgisayar\u0131n\u0131z hakk\u0131nda bilgi toplayabiliriz. Bu, kullan\u0131c\u0131lar\u0131m\u0131z\u0131n tarama eylemleri ve kal\u0131plar\u0131 hakk\u0131nda istatistiksel verilerdir ve herhangi bir bireyi tan\u0131mlamaz ve bu \u015fekilde ki\u015fisel bilgi toplamayaca\u011f\u0131z.<\/p>\n<h4>Sizin haklar\u0131n\u0131z<\/h4>\n<p>Ki\u015fisel verilerinizi pazarlama amac\u0131yla i\u015flemememizi isteme hakk\u0131na sahipsiniz. Verilerinizi bu t\u00fcr ama\u00e7lar i\u00e7in kullanmay\u0131 planl\u0131yorsak veya bilgilerinizi bu t\u00fcr ama\u00e7lar i\u00e7in herhangi bir \u00fc\u00e7\u00fcnc\u00fc tarafa if\u015fa etmeyi planl\u0131yorsak, genellikle sizi (verilerinizi toplamadan \u00f6nce) bilgilendirece\u011fiz. Verilerinizi toplamak i\u00e7in kulland\u0131\u011f\u0131m\u0131z formlardaki belirli kutular\u0131 i\u015faretleyerek bu t\u00fcr i\u015flemeyi \u00f6nleme hakk\u0131n\u0131z\u0131 kullanabilirsiniz. Ayr\u0131ca bu hakk\u0131n\u0131z\u0131 istedi\u011finiz zaman Jessgrove, Cross Lane Mills, Cross Lane, Bradford, BD7 3JT adresinden bizimle ileti\u015fime ge\u00e7erek de kullanabilirsiniz.<\/p>\n<p>Sitemiz zaman zaman ortak a\u011flar\u0131m\u0131z\u0131n, reklamc\u0131lar\u0131m\u0131z\u0131n ve i\u015ftiraklerimizin web sitelerine ve bu web sitelerinden ba\u011flant\u0131lar i\u00e7erebilir. Bu web sitelerinden herhangi birine giden bir ba\u011flant\u0131y\u0131 takip ederseniz, l\u00fctfen bu web sitelerinin kendi gizlilik politikalar\u0131 oldu\u011funu ve bu politikalar i\u00e7in herhangi bir sorumluluk veya y\u00fck\u00fcml\u00fcl\u00fck kabul etmedi\u011fimizi unutmay\u0131n. Bu web sitelerine herhangi bir ki\u015fisel veri g\u00f6ndermeden \u00f6nce l\u00fctfen bu politikalar\u0131 kontrol edin.<\/p>\n<h4>Bilgiye eri\u015fim<\/h4>\n<p>Yasa size hakk\u0131n\u0131zda tutulan bilgilere eri\u015fim hakk\u0131 vermektedir. Eri\u015fim hakk\u0131n\u0131z Yasaya uygun olarak kullan\u0131labilir. Herhangi bir eri\u015fim talebi, hakk\u0131n\u0131zda tuttu\u011fumuz bilgilerin ayr\u0131nt\u0131lar\u0131n\u0131 size sa\u011flama maliyetlerimizi kar\u015f\u0131lamak i\u00e7in 10 \u00a3 \u00fccrete tabi olabilir.<\/p>\n<h4>Gizlilik politikam\u0131zdaki de\u011fi\u015fiklikler<\/h4>\n<p>Gelecekte gizlilik politikam\u0131zda yapabilece\u011fimiz de\u011fi\u015fiklikler bu sayfada yay\u0131nlanacak ve uygun oldu\u011fu durumlarda size e-posta ile bildirilecektir. Ancak, gerekli de\u011fi\u015fikliklerden haberdar olmak i\u00e7in bu sayfay\u0131 d\u00fczenli olarak kontrol etmenizi tavsiye ederiz.<\/p>\n<h4>\u0130leti\u015fim<\/h4>\n<p>Bu gizlilik politikas\u0131 ile ilgili sorular, yorumlar ve talepler memnuniyetle kar\u015f\u0131lanmaktad\u0131r ve Jessgrove, Cross Lane Mills, Cross Lane, Bradford, BD7 3JT adresine g\u00f6nderilmelidir.<\/p>\n<p>\n<\/div><\/div><\/div><\/div><\/div><\/div><script id=\"script-row-unique-1\" data-row=\"script-row-unique-1\" type=\"text\/javascript\" class=\"vc_controls\">UNCODE.initRow(document.getElementById(\"row-unique-1\"));<\/script><\/div><\/div><\/div>\n<\/div>","protected":false},"excerpt":{"rendered":"Privacy PolicyThe Jessgrove Group (\u201cWe\u201d) are committed to protecting and respecting your privacy.This policy sets out the basis on which [...]","protected":false},"author":4,"featured_media":0,"parent":0,"menu_order":0,"comment_status":"closed","ping_status":"closed","template":"","meta":{"_surecart_dashboard_logo_width":"180px","_surecart_dashboard_show_logo":true,"_surecart_dashboard_navigation_orders":true,"_surecart_dashboard_navigation_invoices":true,"_surecart_dashboard_navigation_subscriptions":true,"_surecart_dashboard_navigation_downloads":true,"_surecart_dashboard_navigation_billing":true,"_surecart_dashboard_navigation_account":true,"_monsterinsights_skip_tracking":false,"_monsterinsights_sitenote_active":false,"_monsterinsights_sitenote_note":"","_monsterinsights_sitenote_category":0,"footnotes":""},"class_list":["post-3","page","type-page","status-publish","hentry"],"_links":{"self":[{"href":"https:\/\/jessgrove.co.uk\/tr\/wp-json\/wp\/v2\/pages\/3","targetHints":{"allow":["GET"]}}],"collection":[{"href":"https:\/\/jessgrove.co.uk\/tr\/wp-json\/wp\/v2\/pages"}],"about":[{"href":"https:\/\/jessgrove.co.uk\/tr\/wp-json\/wp\/v2\/types\/page"}],"author":[{"embeddable":true,"href":"https:\/\/jessgrove.co.uk\/tr\/wp-json\/wp\/v2\/users\/4"}],"replies":[{"embeddable":true,"href":"https:\/\/jessgrove.co.uk\/tr\/wp-json\/wp\/v2\/comments?post=3"}],"version-history":[{"count":0,"href":"https:\/\/jessgrove.co.uk\/tr\/wp-json\/wp\/v2\/pages\/3\/revisions"}],"wp:attachment":[{"href":"https:\/\/jessgrove.co.uk\/tr\/wp-json\/wp\/v2\/media?parent=3"}],"curies":[{"name":"wp","href":"https:\/\/api.w.org\/{rel}","templated":true}]}}