{"id":616,"date":"2022-12-22T09:25:22","date_gmt":"2022-12-22T09:25:22","guid":{"rendered":"https:\/\/jessgrove.co.uk\/?page_id=616"},"modified":"2022-12-22T09:25:22","modified_gmt":"2022-12-22T09:25:22","slug":"termeni-si-conditii","status":"publish","type":"page","link":"https:\/\/jessgrove.co.uk\/ro\/terms-and-conditions\/","title":{"rendered":"Termeni \u0219i condi\u021bii"},"content":{"rendered":"<div class=\"wpb-content-wrapper\"><div data-parent=\"true\" class=\"vc_row has-bg need-focus style-accent-bg row-container\" id=\"row-unique-0\"><div class=\"row double-top-padding double-bottom-padding single-h-padding limit-width row-parent\"><div class=\"wpb_row row-inner\"><div class=\"wpb_column pos-middle pos-center align_center column_parent col-lg-12 single-internal-gutter\"><div class=\"uncol style-spec style-dark\"  ><div class=\"uncoltable\"><div class=\"uncell no-block-padding\" ><div class=\"uncont\" ><div class=\"vc_custom_heading_wrap\"><div class=\"heading-text el-text\" ><h1 class=\"fontsize-410071 text-color-xsdn-color\" ><span>Termeni \u0219i condi\u021bii<\/span><\/h1><\/div><div class=\"clear\"><\/div><\/div><\/div><\/div><\/div><\/div><\/div><script id=\"script-row-unique-0\" data-row=\"script-row-unique-0\" type=\"text\/javascript\" class=\"vc_controls\">UNCODE.initRow(document.getElementById(\"row-unique-0\"));<\/script><\/div><\/div><\/div><div data-parent=\"true\" class=\"vc_row has-bg need-focus style-color-xsdn-bg row-container\" id=\"row-unique-1\"><div class=\"row double-top-padding double-bottom-padding single-h-padding limit-width row-parent\"><div class=\"wpb_row row-inner\"><div class=\"wpb_column pos-top pos-center align_left column_parent col-lg-12 single-internal-gutter\"><div class=\"uncol style-light\"  ><div class=\"uncoltable\"><div class=\"uncell no-block-padding\" ><div class=\"uncont\" ><div class=\"vc_custom_heading_wrap\"><div class=\"heading-text el-text\" ><h2 class=\"font-111111 h4 font-weight-400\" ><span>Bine a\u021bi venit pe site-ul nostru.<\/span><\/h2><\/div><div class=\"clear\"><\/div><\/div><div class=\"uncode_text_column\" ><p>Dac\u0103 continua\u021bi s\u0103 naviga\u021bi \u0219i s\u0103 utiliza\u021bi acest site, sunte\u021bi de acord s\u0103 respecta\u021bi \u0219i s\u0103 v\u0103 supune\u021bi urm\u0103toarelor condi\u021bii de utilizare, care, \u00eempreun\u0103 cu politica noastr\u0103 de confiden\u021bialitate, reglementeaz\u0103 rela\u021bia dintre Jessgrove \u0219i dumneavoastr\u0103 \u00een leg\u0103tur\u0103 cu acest site. Dac\u0103 nu sunte\u021bi de acord cu orice parte a acestor termeni \u0219i condi\u021bii, v\u0103 rug\u0103m s\u0103 nu utiliza\u021bi site-ul nostru web.<\/p>\n<p>Termenul \"Jessgrove\" sau \"noi\" sau \"noi\" se refer\u0103 la proprietarul site-ului, al c\u0103rui sediu social este Cross Lane Mills, Cross Lane, Bradford, BD7 3JT. Num\u0103rul de \u00eenregistrare al societ\u0103\u021bii noastre este 1419182. Termenul \"dumneavoastr\u0103\" se refer\u0103 la utilizatorul sau privitorul site-ului nostru web.<\/p>\n<h4>Utilizarea acestui site web este supus\u0103 urm\u0103toarelor condi\u021bii de utilizare:<\/h4>\n<p>Con\u021binutul paginilor acestui site web este destinat doar inform\u0103rii \u0219i utiliz\u0103rii dumneavoastr\u0103 generale. Acesta poate fi modificat f\u0103r\u0103 notificare prealabil\u0103.<\/p>\n<p>Acest site web utilizeaz\u0103 module cookie pentru a monitoriza preferin\u021bele de navigare. Dac\u0103 permite\u021bi utilizarea cookie-urilor, este posibil ca urm\u0103toarele informa\u021bii personale s\u0103 fie stocate de noi pentru a fi utilizate de ter\u021be p\u0103r\u021bi.<\/p>\n<p>Nici noi, nici ter\u021be p\u0103r\u021bi nu oferim vreo garan\u021bie sau asigurare cu privire la acurate\u021bea, oportunitatea, performan\u021ba, caracterul complet sau adecvat al informa\u021biilor \u0219i materialelor g\u0103site sau oferite pe acest site web pentru un anumit scop. Recunoa\u0219te\u021bi c\u0103 aceste informa\u021bii \u0219i materiale pot con\u021bine inexactit\u0103\u021bi sau erori \u0219i excludem \u00een mod expres r\u0103spunderea pentru astfel de inexactit\u0103\u021bi sau erori \u00een cea mai mare m\u0103sur\u0103 permis\u0103 de lege.<\/p>\n<p>Utilizarea de c\u0103tre dvs. a oric\u0103ror informa\u021bii sau materiale de pe acest site web se face \u00een \u00eentregime pe propriul dvs. risc, pentru care noi nu vom fi r\u0103spunz\u0103tori. Este responsabilitatea dumneavoastr\u0103 s\u0103 v\u0103 asigura\u021bi c\u0103 orice produse, servicii sau informa\u021bii disponibile prin intermediul acestui site web \u00eendeplinesc cerin\u021bele dumneavoastr\u0103 specifice.<\/p>\n<p>Acest site web con\u021bine materiale care ne apar\u021bin sau ne sunt licen\u021biate. Acest material include, dar nu se limiteaz\u0103 la, designul, aspectul, \u00eenf\u0103\u021bi\u0219area, aspectul \u0219i grafica. Reproducerea este interzis\u0103, cu excep\u021bia cazului \u00een care este \u00een conformitate cu notificarea privind drepturile de autor, care face parte din ace\u0219ti termeni \u0219i condi\u021bii.<\/p>\n<p>Toate m\u0103rcile comerciale reproduse pe acest site web care nu sunt proprietatea sau nu sunt licen\u021biate operatorului sunt recunoscute pe site-ul web.<\/p>\n<p>Utilizarea neautorizat\u0103 a acestui site web poate da na\u0219tere la o cerere de desp\u0103gubiri \u0219i\/sau poate constitui o infrac\u021biune penal\u0103.<\/p>\n<p>Din c\u00e2nd \u00een c\u00e2nd, acest site web poate include, de asemenea, linkuri c\u0103tre alte site-uri web. Aceste linkuri sunt furnizate pentru confortul dumneavoastr\u0103, pentru a v\u0103 oferi informa\u021bii suplimentare. Ele nu \u00eenseamn\u0103 c\u0103 noi aprob\u0103m site-ul (site-urile) web respectiv(e). Nu avem nicio responsabilitate pentru con\u021binutul site-ului (site-urilor) legat(e).<\/p>\n<p>Utilizarea de c\u0103tre dvs. a acestui site web \u0219i orice litigiu care decurge din aceast\u0103 utilizare a site-ului web se supune legilor din Anglia, Irlanda de Nord, Sco\u021bia \u0219i \u021aara Galilor.<\/p>\n<\/div><\/div><\/div><\/div><\/div><\/div><script id=\"script-row-unique-1\" data-row=\"script-row-unique-1\" type=\"text\/javascript\" class=\"vc_controls\">UNCODE.initRow(document.getElementById(\"row-unique-1\"));<\/script><\/div><\/div><\/div>\n<\/div>","protected":false},"excerpt":{"rendered":"Terms &#038; ConditionsWelcome to our website.If you continue to browse and use this website, you are agreeing to comply with [...]","protected":false},"author":4,"featured_media":0,"parent":0,"menu_order":0,"comment_status":"closed","ping_status":"closed","template":"","meta":{"_surecart_dashboard_logo_width":"180px","_surecart_dashboard_show_logo":true,"_surecart_dashboard_navigation_orders":true,"_surecart_dashboard_navigation_invoices":true,"_surecart_dashboard_navigation_subscriptions":true,"_surecart_dashboard_navigation_downloads":true,"_surecart_dashboard_navigation_billing":true,"_surecart_dashboard_navigation_account":true,"_monsterinsights_skip_tracking":false,"_monsterinsights_sitenote_active":false,"_monsterinsights_sitenote_note":"","_monsterinsights_sitenote_category":0,"footnotes":""},"class_list":["post-616","page","type-page","status-publish","hentry"],"_links":{"self":[{"href":"https:\/\/jessgrove.co.uk\/ro\/wp-json\/wp\/v2\/pages\/616","targetHints":{"allow":["GET"]}}],"collection":[{"href":"https:\/\/jessgrove.co.uk\/ro\/wp-json\/wp\/v2\/pages"}],"about":[{"href":"https:\/\/jessgrove.co.uk\/ro\/wp-json\/wp\/v2\/types\/page"}],"author":[{"embeddable":true,"href":"https:\/\/jessgrove.co.uk\/ro\/wp-json\/wp\/v2\/users\/4"}],"replies":[{"embeddable":true,"href":"https:\/\/jessgrove.co.uk\/ro\/wp-json\/wp\/v2\/comments?post=616"}],"version-history":[{"count":0,"href":"https:\/\/jessgrove.co.uk\/ro\/wp-json\/wp\/v2\/pages\/616\/revisions"}],"wp:attachment":[{"href":"https:\/\/jessgrove.co.uk\/ro\/wp-json\/wp\/v2\/media?parent=616"}],"curies":[{"name":"wp","href":"https:\/\/api.w.org\/{rel}","templated":true}]}}