{"id":537,"date":"2022-12-21T14:25:06","date_gmt":"2022-12-21T14:25:06","guid":{"rendered":"https:\/\/jessgrove.co.uk\/?page_id=537"},"modified":"2022-12-21T15:03:03","modified_gmt":"2022-12-21T15:03:03","slug":"despre","status":"publish","type":"page","link":"https:\/\/jessgrove.co.uk\/ro\/about\/","title":{"rendered":"Despre"},"content":{"rendered":"<div class=\"wpb-content-wrapper\"><div data-parent=\"true\" class=\"vc_row has-bg need-focus style-color-wayh-bg row-container\" id=\"row-unique-0\"><div class=\"row-background background-element\">\n\t\t\t\t\t\t\t\t\t\t\t<div class=\"background-wrapper\">\n\t\t\t\t\t\t\t\t\t\t\t\t<div class=\"background-inner\" style=\"background-image: url(https:\/\/jessgrove.co.uk\/wp-content\/uploads\/2022\/12\/About-Header-BG.jpg);background-repeat: no-repeat;background-position: center center;background-attachment: scroll;background-size: cover;\"><\/div>\n\t\t\t\t\t\t\t\t\t\t\t\t<div class=\"block-bg-overlay style-color-jevc-bg\" style=\"opacity: 0.4;\"><\/div>\n\t\t\t\t\t\t\t\t\t\t\t<\/div>\n\t\t\t\t\t\t\t\t\t\t<\/div><div class=\"row quad-top-padding quad-bottom-padding single-h-padding limit-width row-parent\" data-height-ratio=\"50\"><div class=\"wpb_row row-inner\"><div class=\"wpb_column pos-middle pos-center align_left column_parent col-lg-12 half-internal-gutter\"><div class=\"uncol style-spec style-dark\"  ><div class=\"uncoltable\"><div class=\"uncell no-block-padding\" ><div class=\"uncont\" ><div class=\"vc_custom_heading_wrap\"><div class=\"heading-text el-text\" ><h1 class=\"font-111111 h6 font-weight-400\" ><span>| Despre |<\/span><\/h1><\/div><div class=\"clear\"><\/div><\/div><div class=\"vc_custom_heading_wrap\"><div class=\"heading-text el-text\" ><h3 class=\"fontsize-236346\" ><span>O afacere de familie \u0219i unul dintre cei mai importan\u021bi furnizori de c\u0103ptu\u0219eli din Europa din 1983.<\/span><\/h3><\/div><div class=\"clear\"><\/div><\/div><div class=\"empty-space empty-single\" ><span class=\"empty-space-inner\"><\/span><\/div>\n<\/div><\/div><\/div><\/div><\/div><script id=\"script-row-unique-0\" data-row=\"script-row-unique-0\" type=\"text\/javascript\" class=\"vc_controls\">UNCODE.initRow(document.getElementById(\"row-unique-0\"));<\/script><\/div><\/div><\/div><div data-parent=\"true\" class=\"vc_row has-bg need-focus style-color-xsdn-bg row-container\" id=\"row-unique-1\"><div class=\"row double-top-padding double-bottom-padding single-h-padding limit-width row-parent\"><div class=\"wpb_row row-inner\"><div class=\"wpb_column pos-top pos-center align_left column_parent col-lg-8 single-internal-gutter\"><div class=\"uncol style-light\"  ><div class=\"uncoltable\"><div class=\"uncell no-block-padding\" ><div class=\"uncont\" ><div class=\"vc_custom_heading_wrap\"><div class=\"heading-text el-text\" ><h3 class=\"font-111111 h4 font-weight-400\" ><span>O scurt\u0103 istorie a Jessgrove<\/span><\/h3><\/div><div class=\"clear\"><\/div><\/div><div class=\"uncode_text_column\" ><p>Jessgrove Ltd a fost fondat\u0103 \u00een 1983 de Ron Craven, un b\u0103rbat din Bradford care a petrecut mul\u021bi ani \u00een domeniul textil, concentr\u00e2ndu-se \u00een special pe \u021bes\u0103turile pentru c\u0103ptu\u0219eli. Dezam\u0103git de direc\u021bia \u00een care se \u00eendrepta fosta sa companie, a decis s\u0103 porneasc\u0103 pe cont propriu.<\/p>\n<p>Din anul \u00eenfiin\u021b\u0103rii \u0219i p\u00e2n\u0103 \u00een anii 1990, \u00een Regatul Unit a r\u0103mas o afacere de succes, de\u0219i \u00een schimbare rapid\u0103, \u00een domeniul confec\u021biilor textile \u0219i al modei. Dar pia\u021ba se schimba: o mai mare parte a produc\u021biei se deplasa pe continentul european, \u00een special \u00een fostele \u021b\u0103ri din blocul estic, \u00een timp ce produc\u021bia din Regatul Unit se reducea.<\/p>\n<p>Pentru a profita la maximum de aceast\u0103 schimbare, \u00een 2002, Jessgrove a construit o mare unitate de distribu\u021bie \u00een Republica Ceh\u0103. Aceasta a fost pozi\u021bionat\u0103 \u00een apropierea unuia dintre principalii no\u0219tri furnizori: gigantul de produc\u021bie Toray Textiles, care a finalizat recent o fabric\u0103 integrat\u0103 de c\u0103ptu\u0219eli din poliester \u00een apropiere. Toray continu\u0103 s\u0103 fie unul dintre cei mai de \u00eencredere furnizori ai no\u0219tri p\u00e2n\u0103 \u00een prezent.<\/p>\n<\/div><\/div><\/div><\/div><\/div><\/div><div class=\"wpb_column pos-top pos-center align_left column_parent col-lg-4 single-internal-gutter\"><div class=\"uncol style-light\"  ><div class=\"uncoltable\"><div class=\"uncell no-block-padding\" ><div class=\"uncont\" ><div class=\"uncode-single-media  text-left\"><div class=\"single-wrapper\" style=\"max-width: 100%;\"><div class=\"tmb tmb-light  tmb-media-first tmb-media-last tmb-content-overlay tmb-no-bg\"><div class=\"t-inside\"><div class=\"t-entry-visual\"><div class=\"t-entry-visual-tc\"><div class=\"uncode-single-media-wrapper\"><img decoding=\"async\" class=\"wp-image-547\" src=\"https:\/\/jessgrove.co.uk\/wp-content\/uploads\/2022\/12\/About-Czech-Republic.jpg\" width=\"1000\" height=\"1000\" alt=\"\" title=\"\" srcset=\"https:\/\/jessgrove.co.uk\/wp-content\/uploads\/2022\/12\/About-Czech-Republic.jpg 1000w, https:\/\/jessgrove.co.uk\/wp-content\/uploads\/2022\/12\/About-Czech-Republic-300x300.jpg 300w, https:\/\/jessgrove.co.uk\/wp-content\/uploads\/2022\/12\/About-Czech-Republic-150x150.jpg 150w, https:\/\/jessgrove.co.uk\/wp-content\/uploads\/2022\/12\/About-Czech-Republic-768x768.jpg 768w, https:\/\/jessgrove.co.uk\/wp-content\/uploads\/2022\/12\/About-Czech-Republic-12x12.jpg 12w, https:\/\/jessgrove.co.uk\/wp-content\/uploads\/2022\/12\/About-Czech-Republic-350x350.jpg 350w, https:\/\/jessgrove.co.uk\/wp-content\/uploads\/2022\/12\/About-Czech-Republic-348x348.jpg 348w\" sizes=\"(max-width: 1000px) 100vw, 1000px\"><\/div>\n\t\t\t\t\t<\/div>\n\t\t\t\t<\/div><\/div><\/div><\/div><\/div><\/div><\/div><\/div><\/div><\/div><script id=\"script-row-unique-1\" data-row=\"script-row-unique-1\" type=\"text\/javascript\" class=\"vc_controls\">UNCODE.initRow(document.getElementById(\"row-unique-1\"));<\/script><\/div><\/div><\/div><div data-parent=\"true\" class=\"vc_row has-bg need-focus style-color-lxmt-bg row-container\" id=\"row-unique-2\"><div class=\"row double-top-padding no-bottom-padding single-h-padding limit-width row-parent\"><div class=\"wpb_row row-inner\"><div class=\"wpb_column pos-top pos-center align_left column_parent col-lg-10 single-internal-gutter\"><div class=\"uncol style-light\"  ><div class=\"uncoltable\"><div class=\"uncell no-block-padding\" ><div class=\"uncont\" ><div class=\"uncode_text_column\" ><\/p>\n<blockquote>\n<p>Pentru a profita pe deplin de pie\u021bele europene, am \u00eenfiin\u021bat alte filiale de distribu\u021bie \u00een Fran\u021ba (2002), Turcia (2015) \u0219i Spania (2016).<\/p>\n<\/blockquote>\n<p>Pia\u021ba a continuat s\u0103 se schimbe, iar \u00een anii 2000 \u0219i p\u00e2n\u0103 recent, cea mai mare parte a produc\u021biei de textile \u0219i \u00eembr\u0103c\u0103minte s-a mutat \u00een China \u0219i \u00een alte \u021b\u0103ri din Asia de Est. Produc\u021bia de \u00eembr\u0103c\u0103minte din Regatul Unit a disp\u0103rut practic; produc\u021bia din Europa de Est a sc\u0103zut considerabil. De\u0219i Jessgrove a \u00eenfiin\u021bat o companie de distribu\u021bie \u00een China, am considerat c\u0103 viitorul nostru apar\u021binea Europei \u0219i hinterlandului european mai larg.<\/p>\n<p>De asemenea, am decis c\u0103 trebuie s\u0103 ne asigur\u0103m propria produc\u021bie de c\u0103ptu\u0219eal\u0103, \u00een special \u00een domeniul c\u0103ptu\u0219elilor celulozice, cum ar fi acetatul \u0219i viscoza. Prin urmare, s-a investit \u00eentr-o fabric\u0103 integrat\u0103 de \u021besut \u0219i vopsit din Lituania, care, sub conducerea noastr\u0103, a beneficiat de investi\u021bii de multe milioane de euro de c\u00e2nd a fost achizi\u021bionat\u0103 \u00een 2003.<\/p>\n<\/div><\/div><\/div><\/div><\/div><\/div><div class=\"wpb_column pos-top pos-center align_left column_parent col-lg-2 single-internal-gutter\"><div class=\"uncol style-light\"  ><div class=\"uncoltable\"><div class=\"uncell no-block-padding\" ><div class=\"uncont\" ><\/div><\/div><\/div><\/div><\/div><script id=\"script-row-unique-2\" data-row=\"script-row-unique-2\" type=\"text\/javascript\" class=\"vc_controls\">UNCODE.initRow(document.getElementById(\"row-unique-2\"));<\/script><\/div><\/div><\/div><div data-parent=\"true\" class=\"vc_row has-bg need-focus style-color-lxmt-bg row-container\" id=\"row-unique-3\"><div class=\"row single-top-padding single-bottom-padding single-h-padding limit-width row-parent\"><div class=\"wpb_row row-inner\"><div class=\"wpb_column pos-top pos-center align_left column_parent col-lg-12 single-internal-gutter\"><div class=\"uncol style-light\"  ><div class=\"uncoltable\"><div class=\"uncell no-block-padding\" ><div class=\"uncont\" ><div class=\"un-media-gallery owl-carousel-wrapper\">\n\t\t\n\t\n\t<div class=\"owl-carousel-container owl-carousel-loading single-gutter\" >\n\t\t\t\t\t\t\t\t\t<div id=\"gallery-684586\" class=\"owl-carousel owl-element owl-height-auto\" data-navmobile=\"true\" data-navskin=\"light\" data-navspeed=\"400\" data-autoplay=\"true\" data-timeout=\"3000\" data-stagepadding=\"0\" data-lg=\"3\" data-md=\"3\" data-sm=\"1\">\n<div class=\"tmb tmb-carousel tmb-iso-h4 tmb-light tmb-overlay-text-anim tmb-overlay-middle tmb-overlay-text-left tmb-image-anim tmb-bordered tmb-id-551  tmb-media-first tmb-media-last tmb-content-overlay tmb-no-bg\" ><div class=\"t-inside no-anim\" ><div class=\"t-entry-visual\"><div class=\"t-entry-visual-tc\"><div class=\"t-entry-visual-cont\"><div class=\"dummy\" style=\"padding-top: 100%;\"><\/div><a  class=\"inactive-link pushed\" data-lb-index=\"0\"><div class=\"t-entry-visual-overlay\"><div class=\"t-entry-visual-overlay-in style-color-lxmt-bg\" style=\"opacity: 0.01;\"><\/div><\/div><img decoding=\"async\" class=\"wp-image-551\" src=\"https:\/\/jessgrove.co.uk\/wp-content\/uploads\/2022\/12\/About-01.jpg\" width=\"1000\" height=\"1000\" alt=\"Jessgrove furnizori principali de c\u0103ptu\u0219eli \u0219i alte \u021bes\u0103turi\" title=\"\" srcset=\"https:\/\/jessgrove.co.uk\/wp-content\/uploads\/2022\/12\/About-01.jpg 1000w, https:\/\/jessgrove.co.uk\/wp-content\/uploads\/2022\/12\/About-01-300x300.jpg 300w, https:\/\/jessgrove.co.uk\/wp-content\/uploads\/2022\/12\/About-01-150x150.jpg 150w, https:\/\/jessgrove.co.uk\/wp-content\/uploads\/2022\/12\/About-01-768x768.jpg 768w, https:\/\/jessgrove.co.uk\/wp-content\/uploads\/2022\/12\/About-01-12x12.jpg 12w, https:\/\/jessgrove.co.uk\/wp-content\/uploads\/2022\/12\/About-01-350x350.jpg 350w, https:\/\/jessgrove.co.uk\/wp-content\/uploads\/2022\/12\/About-01-348x348.jpg 348w\" sizes=\"(max-width: 1000px) 100vw, 1000px\"><\/a><\/div>\n\t\t\t\t\t<\/div>\n\t\t\t\t<\/div><\/div><\/div><div class=\"tmb tmb-carousel tmb-iso-h4 tmb-light tmb-overlay-text-anim tmb-overlay-middle tmb-overlay-text-left tmb-image-anim tmb-bordered tmb-id-552  tmb-media-first tmb-media-last tmb-content-overlay tmb-no-bg\" ><div class=\"t-inside no-anim\" ><div class=\"t-entry-visual\"><div class=\"t-entry-visual-tc\"><div class=\"t-entry-visual-cont\"><div class=\"dummy\" style=\"padding-top: 100%;\"><\/div><a  class=\"inactive-link pushed\" data-lb-index=\"1\"><div class=\"t-entry-visual-overlay\"><div class=\"t-entry-visual-overlay-in style-color-lxmt-bg\" style=\"opacity: 0.01;\"><\/div><\/div><img decoding=\"async\" class=\"wp-image-552\" src=\"https:\/\/jessgrove.co.uk\/wp-content\/uploads\/2022\/12\/About-03.jpg\" width=\"1000\" height=\"1000\" alt=\"\" title=\"\" srcset=\"https:\/\/jessgrove.co.uk\/wp-content\/uploads\/2022\/12\/About-03.jpg 1000w, https:\/\/jessgrove.co.uk\/wp-content\/uploads\/2022\/12\/About-03-300x300.jpg 300w, https:\/\/jessgrove.co.uk\/wp-content\/uploads\/2022\/12\/About-03-150x150.jpg 150w, https:\/\/jessgrove.co.uk\/wp-content\/uploads\/2022\/12\/About-03-768x768.jpg 768w, https:\/\/jessgrove.co.uk\/wp-content\/uploads\/2022\/12\/About-03-12x12.jpg 12w, https:\/\/jessgrove.co.uk\/wp-content\/uploads\/2022\/12\/About-03-350x350.jpg 350w, https:\/\/jessgrove.co.uk\/wp-content\/uploads\/2022\/12\/About-03-348x348.jpg 348w\" sizes=\"(max-width: 1000px) 100vw, 1000px\"><\/a><\/div>\n\t\t\t\t\t<\/div>\n\t\t\t\t<\/div><\/div><\/div><div class=\"tmb tmb-carousel tmb-iso-h4 tmb-light tmb-overlay-text-anim tmb-overlay-middle tmb-overlay-text-left tmb-image-anim tmb-bordered tmb-id-553  tmb-media-first tmb-media-last tmb-content-overlay tmb-no-bg\" ><div class=\"t-inside no-anim\" ><div class=\"t-entry-visual\"><div class=\"t-entry-visual-tc\"><div class=\"t-entry-visual-cont\"><div class=\"dummy\" style=\"padding-top: 100%;\"><\/div><a  class=\"inactive-link pushed\" data-lb-index=\"2\"><div class=\"t-entry-visual-overlay\"><div class=\"t-entry-visual-overlay-in style-color-lxmt-bg\" style=\"opacity: 0.01;\"><\/div><\/div><img decoding=\"async\" class=\"wp-image-553\" src=\"https:\/\/jessgrove.co.uk\/wp-content\/uploads\/2022\/12\/About-04.jpg\" width=\"1000\" height=\"1000\" alt=\"\" title=\"\" srcset=\"https:\/\/jessgrove.co.uk\/wp-content\/uploads\/2022\/12\/About-04.jpg 1000w, https:\/\/jessgrove.co.uk\/wp-content\/uploads\/2022\/12\/About-04-300x300.jpg 300w, https:\/\/jessgrove.co.uk\/wp-content\/uploads\/2022\/12\/About-04-150x150.jpg 150w, https:\/\/jessgrove.co.uk\/wp-content\/uploads\/2022\/12\/About-04-768x768.jpg 768w, https:\/\/jessgrove.co.uk\/wp-content\/uploads\/2022\/12\/About-04-12x12.jpg 12w, https:\/\/jessgrove.co.uk\/wp-content\/uploads\/2022\/12\/About-04-350x350.jpg 350w, https:\/\/jessgrove.co.uk\/wp-content\/uploads\/2022\/12\/About-04-348x348.jpg 348w\" sizes=\"(max-width: 1000px) 100vw, 1000px\"><\/a><\/div>\n\t\t\t\t\t<\/div>\n\t\t\t\t<\/div><\/div><\/div>\t\t\t<\/div>\n\t\t\t\t\t<\/div>\n\n\t\n\t\n\t\n<\/div>\n\n<\/div><\/div><\/div><\/div><\/div><script id=\"script-row-unique-3\" data-row=\"script-row-unique-3\" type=\"text\/javascript\" class=\"vc_controls\">UNCODE.initRow(document.getElementById(\"row-unique-3\"));<\/script><\/div><\/div><\/div><div data-parent=\"true\" class=\"vc_row has-bg need-focus style-color-lxmt-bg row-container\" id=\"row-unique-4\"><div class=\"row no-top-padding double-bottom-padding single-h-padding limit-width row-parent\"><div class=\"wpb_row row-inner\"><div class=\"wpb_column pos-top pos-center align_left column_parent col-lg-10 single-internal-gutter\"><div class=\"uncol style-light\"  ><div class=\"uncoltable\"><div class=\"uncell no-block-padding\" ><div class=\"uncont\" ><div class=\"uncode_text_column\" ><p>Mai recent, exacerbat\u0103 de problemele lan\u021bului de aprovizionare cauzate \u00een mare parte de blocaje \u0219i de o con\u0219tientizare tot mai mare a problemelor de mediu, exist\u0103 o dorin\u021b\u0103 tot mai mare a pie\u021bei de a muta produc\u021bia mai aproape de punctele de v\u00e2nzare finale pe pie\u021bele dezvoltate din Europa. Prin urmare, ne concentr\u0103m \u0219i mai mult pe opera\u021biunile noastre europene. De exemplu, Spania a devenit o pia\u021b\u0103 foarte important\u0103 pentru noi, astfel c\u0103 \u00een 2021 am preluat o fabric\u0103 de vopsire din nordul Spaniei care era pe cale s\u0103 se \u00eenchid\u0103. Am redeschis-o \u0219i am \u00eenceput un program de investi\u021bii. Va fi una dintre loca\u021biile noastre cheie de produc\u021bie \u00een anii urm\u0103tori, deservind pia\u021ba spaniol\u0103 \u0219i pia\u021ba european\u0103 mai larg\u0103.<\/p>\n<p>Ron Craven, fondatorul Jessgrove, a murit \u00een 2018. Fiul s\u0103u, Lee, continu\u0103 implicarea familiei. Pie\u021bele vor continua s\u0103 se schimbe: noi vom r\u0103m\u00e2ne flexibili, ne vom adapta \u0219i vom continua s\u0103 construim pe bazele puternice pe care Ron ni le-a l\u0103sat.<\/p>\n<\/div><\/div><\/div><\/div><\/div><\/div><div class=\"wpb_column pos-top pos-center align_left column_parent col-lg-2 single-internal-gutter\"><div class=\"uncol style-light\"  ><div class=\"uncoltable\"><div class=\"uncell no-block-padding\" ><div class=\"uncont\" ><\/div><\/div><\/div><\/div><\/div><script id=\"script-row-unique-4\" data-row=\"script-row-unique-4\" type=\"text\/javascript\" class=\"vc_controls\">UNCODE.initRow(document.getElementById(\"row-unique-4\"));<\/script><\/div><\/div><\/div><div data-parent=\"true\" class=\"vc_row has-bg need-focus style-color-xsdn-bg row-container\" id=\"row-unique-6\"><div class=\"row-background background-element\">\n\t\t\t\t\t\t\t\t\t\t\t<div class=\"background-wrapper\">\n\t\t\t\t\t\t\t\t\t\t\t\t<div class=\"background-inner self-video uncode-video-container\" style=\"background-image: url(https:\/\/jessgrove.co.uk\/wp-content\/uploads\/2022\/12\/video-bg2.jpg);background-repeat: no-repeat;background-position: center center;background-attachment: fixed;background-size: cover;\"><div style=\"width: 640px;\" class=\"wp-video\"><video onloadeddata=\"this.play();\" loop playsinline muted aria-hidden=\"true\" role=\"presentation\" data-keepplaying class =\"background-video-shortcode\" data-ratio=\"1.7777777777778\" id=\"video-537-1\" width=\"640\" height=\"360\" preload=\"metadata\" ><source type=\"video\/mp4\" src=\"https:\/\/jessgrove.co.uk\/wp-content\/uploads\/2022\/12\/1078673180-hd.mp4?_=1\" \/><\/video><\/div><\/div>\n\t\t\t\t\t\t\t\t\t\t\t\t<div class=\"block-bg-overlay style-color-jevc-bg\" style=\"opacity: 0.3;\"><\/div>\n\t\t\t\t\t\t\t\t\t\t\t<\/div>\n\t\t\t\t\t\t\t\t\t\t<\/div><div class=\"row triple-top-padding triple-bottom-padding double-h-padding full-width row-parent\"><div class=\"wpb_row row-inner\"><div class=\"wpb_column pos-top pos-center align_left column_parent col-lg-12 overflow-hidden single-internal-gutter\"><div class=\"uncol style-light\"  ><div class=\"uncoltable\"><div class=\"uncell no-block-padding\" ><div class=\"uncont\" ><div class=\"vc_row row-internal row-container\"><div class=\"row unequal col-no-gutter row-child\" data-height=\"100\"><div class=\"wpb_row row-inner\"><div class=\"wpb_column pos-top pos-center align_left column_child col-lg-1 single-internal-gutter\"><div class=\"uncol style-light\" ><div class=\"uncoltable\"><div class=\"uncell no-block-padding\" ><div class=\"uncont\" ><\/div><\/div><\/div><\/div><\/div><div class=\"wpb_column pos-top pos-center align_left column_child col-lg-6 one-internal-gutter\"><div class=\"uncol style-spec style-dark\" ><div class=\"uncoltable\"><div class=\"uncell triple-block-padding\" ><div class=\"uncont\" ><div class=\"empty-space empty-single desktop-hidden\" ><span class=\"empty-space-inner\"><\/span><\/div>\n<div class=\"vc_custom_heading_wrap\"><div class=\"heading-text el-text\" ><h3 class=\"h3 text-uppercase\" ><span>nevoie de<\/span><\/h3><\/div><div class=\"clear\"><\/div><\/div><div class=\"vc_custom_heading_wrap\"><div class=\"heading-text el-text\" ><h2 class=\"font-111111 fontsize-140484\" ><span>85.000 mp<\/span><\/h2><\/div><div class=\"clear\"><\/div><\/div><div class=\"vc_custom_heading_wrap\"><div class=\"heading-text el-text\" ><h3 class=\"fontsize-410071\" ><span>de c\u0103ptu\u0219eal\u0103 neagr\u0103 stretch<\/span><\/h3><\/div><div class=\"clear\"><\/div><\/div><div class=\"vc_custom_heading_wrap\"><div class=\"heading-text el-text\" ><h3 class=\"fontsize-248842\" ><span>\u00een grab\u0103?<\/span><\/h3><\/div><div class=\"clear\"><\/div><\/div><div class=\"empty-space empty-half\" ><span class=\"empty-space-inner\"><\/span><\/div>\n<div class=\"divider-wrapper\"  >\n    <hr class=\"unseparator border-,Default-color separator-no-padding\"  style=\"border-top-width: 8px;\" \/>\n<\/div>\n<div class=\"empty-space empty-half\" ><span class=\"empty-space-inner\"><\/span><\/div>\n<div class=\"vc_custom_heading_wrap\"><div class=\"heading-text el-text\" ><h3 class=\"h2\" ><span>Peste 8 milioane de metri de \u021bes\u0103turi \u00een stoc pentru livrare \u00een ziua urm\u0103toare \u00een toat\u0103 Europa<\/span><\/h3><\/div><div class=\"clear\"><\/div><\/div><div class=\"empty-space empty-half\" ><span class=\"empty-space-inner\"><\/span><\/div>\n<div class=\"vc_custom_heading_wrap\"><div class=\"heading-text el-text\" ><h3 class=\"h2\" ><span><a href=\"https:\/\/jessgrove.co.uk\/ro\/contactati\/\">Intra\u021bi \u00een contact &gt;<\/a><\/span><\/h3><\/div><div class=\"clear\"><\/div><\/div><div class=\"empty-space empty-half\" ><span class=\"empty-space-inner\"><\/span><\/div>\n<\/div><\/div><\/div><\/div><\/div><div class=\"wpb_column pos-middle pos-center align_left column_child col-lg-5 tablet-hidden mobile-hidden single-internal-gutter z_index_1\"><div class=\"uncol style-light\" ><div class=\"uncoltable\"><div class=\"uncell no-block-padding\" ><div class=\"uncont\" ><\/div><\/div><\/div><\/div><\/div><\/div><\/div><\/div><\/div><\/div><\/div><\/div><\/div><script id=\"script-row-unique-6\" data-row=\"script-row-unique-6\" type=\"text\/javascript\" class=\"vc_controls\">UNCODE.initRow(document.getElementById(\"row-unique-6\"));<\/script><\/div><\/div><\/div>\n<\/div>","protected":false},"excerpt":{"rendered":"| About |A family run business and one of Europe's leading lining suppliers since 1983 A short history of JessgroveJessgrove [...]","protected":false},"author":4,"featured_media":541,"parent":0,"menu_order":0,"comment_status":"closed","ping_status":"closed","template":"","meta":{"_surecart_dashboard_logo_width":"180px","_surecart_dashboard_show_logo":true,"_surecart_dashboard_navigation_orders":true,"_surecart_dashboard_navigation_invoices":true,"_surecart_dashboard_navigation_subscriptions":true,"_surecart_dashboard_navigation_downloads":true,"_surecart_dashboard_navigation_billing":true,"_surecart_dashboard_navigation_account":true,"_monsterinsights_skip_tracking":false,"_monsterinsights_sitenote_active":false,"_monsterinsights_sitenote_note":"","_monsterinsights_sitenote_category":0,"footnotes":""},"class_list":["post-537","page","type-page","status-publish","has-post-thumbnail","hentry"],"_links":{"self":[{"href":"https:\/\/jessgrove.co.uk\/ro\/wp-json\/wp\/v2\/pages\/537","targetHints":{"allow":["GET"]}}],"collection":[{"href":"https:\/\/jessgrove.co.uk\/ro\/wp-json\/wp\/v2\/pages"}],"about":[{"href":"https:\/\/jessgrove.co.uk\/ro\/wp-json\/wp\/v2\/types\/page"}],"author":[{"embeddable":true,"href":"https:\/\/jessgrove.co.uk\/ro\/wp-json\/wp\/v2\/users\/4"}],"replies":[{"embeddable":true,"href":"https:\/\/jessgrove.co.uk\/ro\/wp-json\/wp\/v2\/comments?post=537"}],"version-history":[{"count":0,"href":"https:\/\/jessgrove.co.uk\/ro\/wp-json\/wp\/v2\/pages\/537\/revisions"}],"wp:featuredmedia":[{"embeddable":true,"href":"https:\/\/jessgrove.co.uk\/ro\/wp-json\/wp\/v2\/media\/541"}],"wp:attachment":[{"href":"https:\/\/jessgrove.co.uk\/ro\/wp-json\/wp\/v2\/media?parent=537"}],"curies":[{"name":"wp","href":"https:\/\/api.w.org\/{rel}","templated":true}]}}