{"id":500,"date":"2022-12-21T12:52:50","date_gmt":"2022-12-21T12:52:50","guid":{"rendered":"https:\/\/jessgrove.co.uk\/?page_id=500"},"modified":"2022-12-21T15:02:36","modified_gmt":"2022-12-21T15:02:36","slug":"sustenabilitate","status":"publish","type":"page","link":"https:\/\/jessgrove.co.uk\/ro\/sustainability\/","title":{"rendered":"Sustenabilitate"},"content":{"rendered":"<div class=\"wpb-content-wrapper\"><div data-parent=\"true\" class=\"vc_row has-bg need-focus style-color-wayh-bg row-container\" id=\"row-unique-0\"><div class=\"row-background background-element\">\n\t\t\t\t\t\t\t\t\t\t\t<div class=\"background-wrapper\">\n\t\t\t\t\t\t\t\t\t\t\t\t<div class=\"background-inner\" style=\"background-image: url(https:\/\/jessgrove.co.uk\/wp-content\/uploads\/2022\/12\/Sustainability-header-bg.jpg);background-repeat: no-repeat;background-position: center center;background-attachment: scroll;background-size: cover;\"><\/div>\n\t\t\t\t\t\t\t\t\t\t\t\t<div class=\"block-bg-overlay style-color-jevc-bg\" style=\"opacity: 0.3;\"><\/div>\n\t\t\t\t\t\t\t\t\t\t\t<\/div>\n\t\t\t\t\t\t\t\t\t\t<\/div><div class=\"row quad-top-padding quad-bottom-padding single-h-padding limit-width row-parent\" data-height-ratio=\"50\"><div class=\"wpb_row row-inner\"><div class=\"wpb_column pos-middle pos-center align_left column_parent col-lg-12 half-internal-gutter\"><div class=\"uncol style-spec style-dark\"  ><div class=\"uncoltable\"><div class=\"uncell no-block-padding\" ><div class=\"uncont\" ><div class=\"vc_custom_heading_wrap\"><div class=\"heading-text el-text\" ><h1 class=\"font-111111 h6 font-weight-400\" ><span>| Sustenabilitate |<\/span><\/h1><\/div><div class=\"clear\"><\/div><\/div><div class=\"vc_custom_heading_wrap\"><div class=\"heading-text el-text\" ><h3 class=\"fontsize-913426\" ><span>Lucr\u00e2nd pentru un viitor mai durabil<\/span><\/h3><\/div><div class=\"clear\"><\/div><\/div><div class=\"empty-space empty-single\" ><span class=\"empty-space-inner\"><\/span><\/div>\n<\/div><\/div><\/div><\/div><\/div><script id=\"script-row-unique-0\" data-row=\"script-row-unique-0\" type=\"text\/javascript\" class=\"vc_controls\">UNCODE.initRow(document.getElementById(\"row-unique-0\"));<\/script><\/div><\/div><\/div><div data-parent=\"true\" class=\"vc_row has-bg need-focus style-color-xsdn-bg row-container\" id=\"row-unique-1\"><div class=\"row double-top-padding double-bottom-padding single-h-padding limit-width row-parent\"><div class=\"wpb_row row-inner\"><div class=\"wpb_column pos-top pos-center align_left column_parent col-lg-8 single-internal-gutter\"><div class=\"uncol style-light\"  ><div class=\"uncoltable\"><div class=\"uncell no-block-padding\" ><div class=\"uncont\" ><div class=\"vc_custom_heading_wrap\"><div class=\"heading-text el-text\" ><h3 class=\"font-111111 h4 font-weight-400\" ><span>Lumea de ast\u0103zi este foarte diferit\u0103 fa\u021b\u0103 de cea din 1983, c\u00e2nd Jessgrove a fost \u00eenfiin\u021bat\u0103.<\/span><\/h3><\/div><div class=\"clear\"><\/div><\/div><div class=\"uncode_text_column\" ><p>Priorit\u0103\u021bile s-au schimbat \u0219i acum suntem cu to\u021bii mult mai con\u0219tien\u021bi de importan\u021ba sustenabilit\u0103\u021bii.<\/p>\n<p>Acest lucru se reflect\u0103 \u00een toate domeniile activit\u0103\u021bii noastre, de la \u021bes\u0103turile \u0219i c\u0103ptu\u0219elile pe care le furniz\u0103m p\u00e2n\u0103 la necesitatea de a minimiza distan\u021bele pe care acestea le parcurg de la centrele noastre de distribu\u021bie p\u00e2n\u0103 la clien\u021bi.<\/p>\n<p>Astfel, ve\u021bi g\u0103si o selec\u021bie de produse durabile din bumbac \u0219i viscoz\u0103, precum \u0219i poliester reciclat, al\u0103turi de o gam\u0103 \u0219i mai larg\u0103, care se extinde \u00een mod constant. Multe dintre aceste produse provin de la furnizori cu certificare complet\u0103 Global Organic Textile Standard. Oferim, de asemenea, o gam\u0103 de \u021bes\u0103turi din poliester REPREVE, dintre care multe sunt fabricate din sticle de plastic reciclate.<\/p>\n<p>Concentr\u00e2ndu-ne pe produc\u021bia \u0219i distribu\u021bia \u00een Europa, suntem capabili s\u0103 folosim un lan\u021b de aprovizionare scurt \u0219i transparent, care are un impact minim asupra mediului. \u0218i, prin colaborarea cu parteneri certifica\u021bi \u0219i de \u00eencredere, ne putem asigura c\u0103 to\u021bi ace\u0219tia \u00eemp\u0103rt\u0103\u0219esc aceea\u0219i viziune ca \u0219i noi.<\/p>\n<\/div><\/div><\/div><\/div><\/div><\/div><div class=\"wpb_column pos-top pos-center align_left column_parent col-lg-4 single-internal-gutter\"><div class=\"uncol style-light\"  ><div class=\"uncoltable\"><div class=\"uncell no-block-padding\" ><div class=\"uncont\" ><div class=\"uncode-single-media  text-left\"><div class=\"single-wrapper\" style=\"max-width: 100%;\"><div class=\"tmb tmb-light  tmb-media-first tmb-media-last tmb-content-overlay tmb-no-bg\"><div class=\"t-inside\"><div class=\"t-entry-visual\"><div class=\"t-entry-visual-tc\"><div class=\"uncode-single-media-wrapper\"><img decoding=\"async\" class=\"wp-image-191\" src=\"https:\/\/jessgrove.co.uk\/wp-content\/uploads\/2022\/12\/Recycled.jpg\" width=\"1000\" height=\"1000\" alt=\"Reciclat\" title=\"\" srcset=\"https:\/\/jessgrove.co.uk\/wp-content\/uploads\/2022\/12\/Recycled.jpg 1000w, https:\/\/jessgrove.co.uk\/wp-content\/uploads\/2022\/12\/Recycled-300x300.jpg 300w, https:\/\/jessgrove.co.uk\/wp-content\/uploads\/2022\/12\/Recycled-150x150.jpg 150w, https:\/\/jessgrove.co.uk\/wp-content\/uploads\/2022\/12\/Recycled-768x768.jpg 768w, https:\/\/jessgrove.co.uk\/wp-content\/uploads\/2022\/12\/Recycled-12x12.jpg 12w, https:\/\/jessgrove.co.uk\/wp-content\/uploads\/2022\/12\/Recycled-350x350.jpg 350w, https:\/\/jessgrove.co.uk\/wp-content\/uploads\/2022\/12\/Recycled-348x348.jpg 348w\" sizes=\"(max-width: 1000px) 100vw, 1000px\"><\/div>\n\t\t\t\t\t<\/div>\n\t\t\t\t<\/div><\/div><\/div><\/div><\/div><\/div><\/div><\/div><\/div><\/div><script id=\"script-row-unique-1\" data-row=\"script-row-unique-1\" type=\"text\/javascript\" class=\"vc_controls\">UNCODE.initRow(document.getElementById(\"row-unique-1\"));<\/script><\/div><\/div><\/div><div data-parent=\"true\" class=\"vc_row has-bg need-focus style-color-xsdn-bg row-container\" id=\"row-unique-3\"><div class=\"row-background background-element\">\n\t\t\t\t\t\t\t\t\t\t\t<div class=\"background-wrapper\">\n\t\t\t\t\t\t\t\t\t\t\t\t<div class=\"background-inner\" style=\"background-image: url(https:\/\/jessgrove.co.uk\/wp-content\/uploads\/2022\/09\/Placeholder-03.jpg);background-repeat: no-repeat;background-position: center center;background-attachment: fixed;background-size: cover;\"><\/div>\n\t\t\t\t\t\t\t\t\t\t\t\t\n\t\t\t\t\t\t\t\t\t\t\t<\/div>\n\t\t\t\t\t\t\t\t\t\t<\/div><div class=\"row triple-top-padding triple-bottom-padding double-h-padding full-width row-parent\"><div class=\"wpb_row row-inner\"><div class=\"wpb_column pos-top pos-center align_left column_parent col-lg-12 overflow-hidden single-internal-gutter\"><div class=\"uncol style-light\"  ><div class=\"uncoltable\"><div class=\"uncell no-block-padding\" ><div class=\"uncont\" ><div class=\"vc_row row-internal row-container\"><div class=\"row unequal col-no-gutter row-child\" data-height=\"100\"><div class=\"wpb_row row-inner\"><div class=\"wpb_column pos-top pos-center align_left column_child col-lg-1 single-internal-gutter\"><div class=\"uncol style-light\" ><div class=\"uncoltable\"><div class=\"uncell no-block-padding\" ><div class=\"uncont\" ><\/div><\/div><\/div><\/div><\/div><div class=\"wpb_column pos-top pos-center align_left column_child col-lg-6 half-internal-gutter\"><div class=\"uncol style-spec style-dark\" ><div class=\"uncoltable\"><div class=\"uncell triple-block-padding style-accent-bg\" ><div class=\"uncont\" ><div class=\"empty-space empty-single desktop-hidden\" ><span class=\"empty-space-inner\"><\/span><\/div>\n<div class=\"vc_custom_heading_wrap\"><div class=\"heading-text el-text\" ><h2 class=\"fontsize-913426\" ><span>Intra\u021bi \u00een contact<\/span><\/h2><\/div><div class=\"clear\"><\/div><\/div><div class=\"vc_custom_heading_wrap\"><div class=\"heading-text el-text\" ><h3 class=\"h2\" ><span>Avem peste opt milioane de metri \u00een stoc, gata de expediere imediat\u0103 \u00een toat\u0103 Europa.<\/span><\/h3><\/div><div class=\"clear\"><\/div><\/div><div class=\"empty-space empty-half\" ><span class=\"empty-space-inner\"><\/span><\/div>\n<div class=\"divider-wrapper\"  >\n    <hr class=\"unseparator border-,Default-color separator-no-padding\"  style=\"border-top-width: 8px;\" \/>\n<\/div>\n<div class=\"empty-space empty-half\" ><span class=\"empty-space-inner\"><\/span><\/div>\n<span class=\"btn-container\" ><a role=\"button\"  href=\"https:\/\/jessgrove.co.uk\/ro\/contactati\/\" class=\"custom-link btn border-width-0 btn-default btn-icon-left\" title=\"Contacta\u021bi\" target=\"_blank\">Contacta\u021bi-ne &gt;<\/a><\/span><\/div><\/div><\/div><\/div><\/div><div class=\"wpb_column pos-middle pos-center align_left column_child col-lg-5 tablet-hidden mobile-hidden single-internal-gutter z_index_1\"><div class=\"uncol style-light\" ><div class=\"uncoltable\"><div class=\"uncell no-block-padding\" ><div class=\"uncont\" ><\/div><\/div><\/div><\/div><\/div><\/div><\/div><\/div><\/div><\/div><\/div><\/div><\/div><script id=\"script-row-unique-3\" data-row=\"script-row-unique-3\" type=\"text\/javascript\" class=\"vc_controls\">UNCODE.initRow(document.getElementById(\"row-unique-3\"));<\/script><\/div><\/div><\/div>\n<\/div>","protected":false},"excerpt":{"rendered":"| Sustainability |Working for a more sustainable future It\u2019s a very different world today compared with when Jessgrove was first [...]","protected":false},"author":4,"featured_media":501,"parent":0,"menu_order":0,"comment_status":"closed","ping_status":"closed","template":"","meta":{"_surecart_dashboard_logo_width":"180px","_surecart_dashboard_show_logo":true,"_surecart_dashboard_navigation_orders":true,"_surecart_dashboard_navigation_invoices":true,"_surecart_dashboard_navigation_subscriptions":true,"_surecart_dashboard_navigation_downloads":true,"_surecart_dashboard_navigation_billing":true,"_surecart_dashboard_navigation_account":true,"_monsterinsights_skip_tracking":false,"_monsterinsights_sitenote_active":false,"_monsterinsights_sitenote_note":"","_monsterinsights_sitenote_category":0,"footnotes":""},"class_list":["post-500","page","type-page","status-publish","has-post-thumbnail","hentry"],"_links":{"self":[{"href":"https:\/\/jessgrove.co.uk\/ro\/wp-json\/wp\/v2\/pages\/500","targetHints":{"allow":["GET"]}}],"collection":[{"href":"https:\/\/jessgrove.co.uk\/ro\/wp-json\/wp\/v2\/pages"}],"about":[{"href":"https:\/\/jessgrove.co.uk\/ro\/wp-json\/wp\/v2\/types\/page"}],"author":[{"embeddable":true,"href":"https:\/\/jessgrove.co.uk\/ro\/wp-json\/wp\/v2\/users\/4"}],"replies":[{"embeddable":true,"href":"https:\/\/jessgrove.co.uk\/ro\/wp-json\/wp\/v2\/comments?post=500"}],"version-history":[{"count":0,"href":"https:\/\/jessgrove.co.uk\/ro\/wp-json\/wp\/v2\/pages\/500\/revisions"}],"wp:featuredmedia":[{"embeddable":true,"href":"https:\/\/jessgrove.co.uk\/ro\/wp-json\/wp\/v2\/media\/501"}],"wp:attachment":[{"href":"https:\/\/jessgrove.co.uk\/ro\/wp-json\/wp\/v2\/media?parent=500"}],"curies":[{"name":"wp","href":"https:\/\/api.w.org\/{rel}","templated":true}]}}