{"id":3,"date":"2021-01-26T09:22:34","date_gmt":"2021-01-26T09:22:34","guid":{"rendered":"https:\/\/jessgrove.co.uk\/?page_id=3"},"modified":"2022-12-22T09:23:06","modified_gmt":"2022-12-22T09:23:06","slug":"politica-de-confidentialitate","status":"publish","type":"page","link":"https:\/\/jessgrove.co.uk\/ro\/privacy-policy\/","title":{"rendered":"Politica de confiden\u021bialitate"},"content":{"rendered":"<div class=\"wpb-content-wrapper\"><div data-parent=\"true\" class=\"vc_row has-bg need-focus style-accent-bg row-container\" id=\"row-unique-0\"><div class=\"row double-top-padding double-bottom-padding single-h-padding limit-width row-parent\"><div class=\"wpb_row row-inner\"><div class=\"wpb_column pos-middle pos-center align_center column_parent col-lg-12 single-internal-gutter\"><div class=\"uncol style-spec style-dark\"  ><div class=\"uncoltable\"><div class=\"uncell no-block-padding\" ><div class=\"uncont\" ><div class=\"vc_custom_heading_wrap\"><div class=\"heading-text el-text\" ><h1 class=\"fontsize-410071 text-color-xsdn-color\" ><span>Politica de confiden\u021bialitate<\/span><\/h1><\/div><div class=\"clear\"><\/div><\/div><\/div><\/div><\/div><\/div><\/div><script id=\"script-row-unique-0\" data-row=\"script-row-unique-0\" type=\"text\/javascript\" class=\"vc_controls\">UNCODE.initRow(document.getElementById(\"row-unique-0\"));<\/script><\/div><\/div><\/div><div data-parent=\"true\" class=\"vc_row has-bg need-focus style-color-xsdn-bg row-container\" id=\"row-unique-1\"><div class=\"row double-top-padding double-bottom-padding single-h-padding limit-width row-parent\"><div class=\"wpb_row row-inner\"><div class=\"wpb_column pos-top pos-center align_left column_parent col-lg-12 single-internal-gutter\"><div class=\"uncol style-light\"  ><div class=\"uncoltable\"><div class=\"uncell no-block-padding\" ><div class=\"uncont\" ><div class=\"vc_custom_heading_wrap\"><div class=\"heading-text el-text\" ><h2 class=\"font-111111 h4 font-weight-400\" ><span>Grupul Jessgrove (\"Noi\") se angajeaz\u0103 s\u0103 v\u0103 protejeze \u0219i s\u0103 v\u0103 respecte confiden\u021bialitatea.<\/span><\/h2><\/div><div class=\"clear\"><\/div><\/div><div class=\"uncode_text_column\" ><p>Aceast\u0103 politic\u0103 stabile\u0219te baza pe care vom prelucra orice date cu caracter personal pe care le colect\u0103m de la dumneavoastr\u0103 sau pe care ni le furniza\u021bi. V\u0103 rug\u0103m s\u0103 citi\u021bi cu aten\u021bie cele ce urmeaz\u0103 pentru a \u00een\u021belege opiniile \u0219i practicile noastre cu privire la datele dvs. personale \u0219i modul \u00een care le vom trata. P\u0103str\u0103m anumite informa\u021bii de baz\u0103 atunci c\u00e2nd vizita\u021bi site-ul nostru web \u0219i recunoa\u0219tem importan\u021ba p\u0103str\u0103rii \u00een siguran\u021b\u0103 a acestor informa\u021bii \u0219i a inform\u0103rii dumneavoastr\u0103 cu privire la ceea ce vom face cu ele.<\/p>\n<p>\u00cen sensul Legii privind protec\u021bia datelor din 1998 (\"Legea\"), operatorul de date este Jessgrove, Cross Lane Mills, Cross Lane, Bradford, BD7 3JT.<\/p>\n<p>Dac\u0103 p\u0103r\u0103si\u021bi site-ul nostru prin intermediul unui link sau \u00een alt mod, ve\u021bi fi supus politicii furnizorului site-ului respectiv. Noi nu avem niciun control asupra acestei politici sau a termenilor site-ului web \u0219i ar trebui s\u0103 verifica\u021bi politica acestora \u00eenainte de a continua s\u0103 accesa\u021bi site-ul.<\/p>\n<h4>Informa\u021bii pe care le putem colecta de la dumneavoastr\u0103<\/h4>\n<p>Este posibil s\u0103 colect\u0103m \u0219i s\u0103 prelucr\u0103m urm\u0103toarele date despre dumneavoastr\u0103:<\/p>\n<ol>\n<li>Informa\u021bii pe care le furniza\u021bi prin completarea formularelor de pe site-ul nostru. Acestea includ informa\u021biile furnizate \u00een momentul \u00een care v\u0103 \u00eenregistra\u021bi pentru a utiliza site-ul nostru, v\u0103 abona\u021bi la serviciile noastre sau solicita\u021bi servicii suplimentare. De asemenea, este posibil s\u0103 v\u0103 cerem informa\u021bii atunci c\u00e2nd raporta\u021bi o problem\u0103 cu site-ul nostru.<\/li>\n<li>Dac\u0103 ne contacta\u021bi, este posibil s\u0103 p\u0103str\u0103m o \u00eenregistrare a coresponden\u021bei respective.<\/li>\n<li>De asemenea, v\u0103 putem solicita s\u0103 completa\u021bi sondaje pe care le folosim \u00een scopuri de cercetare, de\u0219i nu sunte\u021bi obligat s\u0103 r\u0103spunde\u021bi la acestea.<\/li>\n<li>Detalii despre vizitele dvs. pe site-ul nostru, inclusiv, dar f\u0103r\u0103 a se limita la, date de trafic, date de localizare, jurnale web, sistem de operare, utilizarea browserului \u0219i alte date de comunicare, indiferent dac\u0103 acestea sunt necesare \u00een scopuri de facturare sau \u00een alte scopuri \u0219i resursele pe care le accesa\u021bi.<\/li>\n<\/ol>\n<h4>Adrese IP<\/h4>\n<p>Este posibil s\u0103 colect\u0103m informa\u021bii despre computerul dvs., inclusiv, dac\u0103 este disponibil\u0103, adresa IP, sistemul de operare \u0219i tipul de browser, pentru administrarea sistemului \u0219i pentru a raporta informa\u021bii agregate agen\u021bilor no\u0219tri de publicitate. Acestea sunt date statistice despre ac\u021biunile \u0219i tiparele de navigare ale utilizatorilor no\u0219tri \u0219i nu identific\u0103 nicio persoan\u0103 \u0219i nu vom colecta informa\u021bii personale \u00een acest mod.<\/p>\n<h4>Drepturile dumneavoastr\u0103<\/h4>\n<p>Ave\u021bi dreptul de a ne solicita s\u0103 nu v\u0103 prelucr\u0103m datele cu caracter personal \u00een scopuri de marketing. De obicei, v\u0103 vom informa (\u00eenainte de a colecta datele dumneavoastr\u0103) dac\u0103 inten\u021bion\u0103m s\u0103 folosim datele dumneavoastr\u0103 \u00een astfel de scopuri sau dac\u0103 inten\u021bion\u0103m s\u0103 dezv\u0103luim informa\u021biile dumneavoastr\u0103 unei ter\u021be p\u0103r\u021bi \u00een astfel de scopuri. V\u0103 pute\u021bi exercita dreptul de a \u00eempiedica o astfel de prelucrare prin bifarea anumitor c\u0103su\u021be din formularele pe care le folosim pentru a colecta datele dumneavoastr\u0103. De asemenea, v\u0103 pute\u021bi exercita acest drept \u00een orice moment contact\u00e2ndu-ne la Jessgrove, Cross Lane Mills, Cross Lane, Bradford, BD7 3JT.<\/p>\n<p>Site-ul nostru poate con\u021bine, din c\u00e2nd \u00een c\u00e2nd, linkuri c\u0103tre \u0219i de pe site-urile web ale re\u021belelor noastre partenere, ale agen\u021bilor de publicitate \u0219i ale afilia\u021bilor. Dac\u0103 urma\u021bi un link c\u0103tre oricare dintre aceste site-uri web, v\u0103 rug\u0103m s\u0103 re\u021bine\u021bi c\u0103 aceste site-uri web au propriile lor politici de confiden\u021bialitate \u0219i c\u0103 nu ne asum\u0103m nicio responsabilitate sau r\u0103spundere pentru aceste politici. V\u0103 rug\u0103m s\u0103 verifica\u021bi aceste politici \u00eenainte de a trimite orice date personale c\u0103tre aceste site-uri web.<\/p>\n<h4>Accesul la informa\u021bii<\/h4>\n<p>Legea v\u0103 ofer\u0103 dreptul de a avea acces la informa\u021biile de\u021binute despre dumneavoastr\u0103. Dreptul dumneavoastr\u0103 de acces poate fi exercitat \u00een conformitate cu legea. Orice cerere de acces poate fi supus\u0103 unei taxe de 10 lire sterline pentru a acoperi costurile noastre de furnizare a detaliilor privind informa\u021biile pe care le de\u021binem despre dumneavoastr\u0103.<\/p>\n<h4>Modific\u0103ri ale politicii noastre de confiden\u021bialitate<\/h4>\n<p>Orice modific\u0103ri pe care le putem aduce politicii noastre de confiden\u021bialitate \u00een viitor vor fi publicate pe aceast\u0103 pagin\u0103 \u0219i, dac\u0103 este cazul, v\u0103 vor fi notificate prin e-mail. Cu toate acestea, v\u0103 sf\u0103tuim s\u0103 verifica\u021bi aceast\u0103 pagin\u0103 \u00een mod regulat pentru a fi la curent cu orice modific\u0103ri necesare.<\/p>\n<h4>Contacta\u021bi<\/h4>\n<p>\u00centreb\u0103rile, comentariile \u0219i solicit\u0103rile referitoare la aceast\u0103 politic\u0103 de confiden\u021bialitate sunt binevenite \u0219i trebuie adresate la Jessgrove, Cross Lane Mills, Cross Lane, Bradford, BD7 3JT.<\/p>\n<p>\n<\/div><\/div><\/div><\/div><\/div><\/div><script id=\"script-row-unique-1\" data-row=\"script-row-unique-1\" type=\"text\/javascript\" class=\"vc_controls\">UNCODE.initRow(document.getElementById(\"row-unique-1\"));<\/script><\/div><\/div><\/div>\n<\/div>","protected":false},"excerpt":{"rendered":"Privacy PolicyThe Jessgrove Group (\u201cWe\u201d) are committed to protecting and respecting your privacy.This policy sets out the basis on which [...]","protected":false},"author":4,"featured_media":0,"parent":0,"menu_order":0,"comment_status":"closed","ping_status":"closed","template":"","meta":{"_surecart_dashboard_logo_width":"180px","_surecart_dashboard_show_logo":true,"_surecart_dashboard_navigation_orders":true,"_surecart_dashboard_navigation_invoices":true,"_surecart_dashboard_navigation_subscriptions":true,"_surecart_dashboard_navigation_downloads":true,"_surecart_dashboard_navigation_billing":true,"_surecart_dashboard_navigation_account":true,"_monsterinsights_skip_tracking":false,"_monsterinsights_sitenote_active":false,"_monsterinsights_sitenote_note":"","_monsterinsights_sitenote_category":0,"footnotes":""},"class_list":["post-3","page","type-page","status-publish","hentry"],"_links":{"self":[{"href":"https:\/\/jessgrove.co.uk\/ro\/wp-json\/wp\/v2\/pages\/3","targetHints":{"allow":["GET"]}}],"collection":[{"href":"https:\/\/jessgrove.co.uk\/ro\/wp-json\/wp\/v2\/pages"}],"about":[{"href":"https:\/\/jessgrove.co.uk\/ro\/wp-json\/wp\/v2\/types\/page"}],"author":[{"embeddable":true,"href":"https:\/\/jessgrove.co.uk\/ro\/wp-json\/wp\/v2\/users\/4"}],"replies":[{"embeddable":true,"href":"https:\/\/jessgrove.co.uk\/ro\/wp-json\/wp\/v2\/comments?post=3"}],"version-history":[{"count":0,"href":"https:\/\/jessgrove.co.uk\/ro\/wp-json\/wp\/v2\/pages\/3\/revisions"}],"wp:attachment":[{"href":"https:\/\/jessgrove.co.uk\/ro\/wp-json\/wp\/v2\/media?parent=3"}],"curies":[{"name":"wp","href":"https:\/\/api.w.org\/{rel}","templated":true}]}}