{"id":616,"date":"2022-12-22T09:25:22","date_gmt":"2022-12-22T09:25:22","guid":{"rendered":"https:\/\/jessgrove.co.uk\/?page_id=616"},"modified":"2022-12-22T09:25:22","modified_gmt":"2022-12-22T09:25:22","slug":"termini-e-condizioni","status":"publish","type":"page","link":"https:\/\/jessgrove.co.uk\/it\/terms-and-conditions\/","title":{"rendered":"Termini e condizioni"},"content":{"rendered":"<div class=\"wpb-content-wrapper\"><div data-parent=\"true\" class=\"vc_row has-bg need-focus style-accent-bg row-container\" id=\"row-unique-0\"><div class=\"row double-top-padding double-bottom-padding single-h-padding limit-width row-parent\"><div class=\"wpb_row row-inner\"><div class=\"wpb_column pos-middle pos-center align_center column_parent col-lg-12 single-internal-gutter\"><div class=\"uncol style-spec style-dark\"  ><div class=\"uncoltable\"><div class=\"uncell no-block-padding\" ><div class=\"uncont\" ><div class=\"vc_custom_heading_wrap\"><div class=\"heading-text el-text\" ><h1 class=\"fontsize-410071 text-color-xsdn-color\" ><span>Termini e condizioni<\/span><\/h1><\/div><div class=\"clear\"><\/div><\/div><\/div><\/div><\/div><\/div><\/div><script id=\"script-row-unique-0\" data-row=\"script-row-unique-0\" type=\"text\/javascript\" class=\"vc_controls\">UNCODE.initRow(document.getElementById(\"row-unique-0\"));<\/script><\/div><\/div><\/div><div data-parent=\"true\" class=\"vc_row has-bg need-focus style-color-xsdn-bg row-container\" id=\"row-unique-1\"><div class=\"row double-top-padding double-bottom-padding single-h-padding limit-width row-parent\"><div class=\"wpb_row row-inner\"><div class=\"wpb_column pos-top pos-center align_left column_parent col-lg-12 single-internal-gutter\"><div class=\"uncol style-light\"  ><div class=\"uncoltable\"><div class=\"uncell no-block-padding\" ><div class=\"uncont\" ><div class=\"vc_custom_heading_wrap\"><div class=\"heading-text el-text\" ><h2 class=\"font-111111 h4 font-weight-400\" ><span>Benvenuto nel nostro sito web.<\/span><\/h2><\/div><div class=\"clear\"><\/div><\/div><div class=\"uncode_text_column\" ><p>Se continui a navigare e a utilizzare questo sito web, accetti di rispettare e di essere vincolato ai seguenti termini e condizioni d'uso, che insieme alla nostra politica sulla privacy regolano i rapporti di Jessgrove con te in relazione a questo sito web. Se non sei d'accordo con qualsiasi parte di questi termini e condizioni, ti preghiamo di non utilizzare il nostro sito web.<\/p>\n<p>Il termine \"Jessgrove\" o \"noi\" si riferisce al proprietario del sito web la cui sede legale \u00e8 Cross Lane Mills, Cross Lane, Bradford, BD7 3JT. Il nostro numero di registrazione aziendale \u00e8 1419182. Il termine \"tu\" si riferisce all'utente o allo spettatore del nostro sito web.<\/p>\n<h4>L'utilizzo di questo sito web \u00e8 soggetto alle seguenti condizioni d'uso:<\/h4>\n<p>Il contenuto delle pagine di questo sito web \u00e8 destinato esclusivamente all'uso e all'informazione generale. \u00c8 soggetto a modifiche senza preavviso.<\/p>\n<p>Questo sito web utilizza i cookie per monitorare le preferenze di navigazione. Se permetti l'uso dei cookie, le seguenti informazioni personali potrebbero essere memorizzate da noi per essere utilizzate da terze parti.<\/p>\n<p>N\u00e9 noi n\u00e9 terzi forniamo alcuna garanzia in merito all'accuratezza, alla tempestivit\u00e0, alle prestazioni, alla completezza o all'idoneit\u00e0 delle informazioni e dei materiali trovati o offerti su questo sito web per qualsiasi scopo particolare. L'utente riconosce che tali informazioni e materiali possono contenere imprecisioni o errori e noi escludiamo espressamente la responsabilit\u00e0 per tali imprecisioni o errori nella misura massima consentita dalla legge.<\/p>\n<p>L'utilizzo da parte dell'utente di qualsiasi informazione o materiale presente su questo sito web \u00e8 interamente a suo rischio e pericolo, per il quale non saremo responsabili. Sar\u00e0 tua responsabilit\u00e0 assicurarti che i prodotti, i servizi o le informazioni disponibili attraverso questo sito web soddisfino le tue specifiche esigenze.<\/p>\n<p>Questo sito web contiene materiale di nostra propriet\u00e0 o concesso in licenza. Tale materiale include, a titolo esemplificativo ma non esaustivo, il design, il layout, l'aspetto e la grafica. La riproduzione \u00e8 vietata se non in conformit\u00e0 con l'avviso di copyright, che fa parte di questi termini e condizioni.<\/p>\n<p>Tutti i marchi riprodotti in questo sito web che non sono di propriet\u00e0 o concessi in licenza all'operatore sono riconosciuti sul sito web.<\/p>\n<p>L'uso non autorizzato di questo sito web pu\u00f2 dar luogo a una richiesta di risarcimento danni e\/o costituire un reato penale.<\/p>\n<p>Di tanto in tanto questo sito web pu\u00f2 contenere anche dei link ad altri siti web. Tali link sono forniti per comodit\u00e0 dell'utente al fine di fornire ulteriori informazioni. Non significano che approviamo i siti web. Non ci assumiamo alcuna responsabilit\u00e0 per il contenuto dei siti web collegati.<\/p>\n<p>L'uso di questo sito web e qualsiasi controversia derivante da tale uso del sito web \u00e8 soggetto alle leggi di Inghilterra, Irlanda del Nord, Scozia e Galles.<\/p>\n<\/div><\/div><\/div><\/div><\/div><\/div><script id=\"script-row-unique-1\" data-row=\"script-row-unique-1\" type=\"text\/javascript\" class=\"vc_controls\">UNCODE.initRow(document.getElementById(\"row-unique-1\"));<\/script><\/div><\/div><\/div>\n<\/div>","protected":false},"excerpt":{"rendered":"Terms &#038; ConditionsWelcome to our website.If you continue to browse and use this website, you are agreeing to comply with [...]","protected":false},"author":4,"featured_media":0,"parent":0,"menu_order":0,"comment_status":"closed","ping_status":"closed","template":"","meta":{"_surecart_dashboard_logo_width":"180px","_surecart_dashboard_show_logo":true,"_surecart_dashboard_navigation_orders":true,"_surecart_dashboard_navigation_invoices":true,"_surecart_dashboard_navigation_subscriptions":true,"_surecart_dashboard_navigation_downloads":true,"_surecart_dashboard_navigation_billing":true,"_surecart_dashboard_navigation_account":true,"_monsterinsights_skip_tracking":false,"_monsterinsights_sitenote_active":false,"_monsterinsights_sitenote_note":"","_monsterinsights_sitenote_category":0,"footnotes":""},"class_list":["post-616","page","type-page","status-publish","hentry"],"_links":{"self":[{"href":"https:\/\/jessgrove.co.uk\/it\/wp-json\/wp\/v2\/pages\/616","targetHints":{"allow":["GET"]}}],"collection":[{"href":"https:\/\/jessgrove.co.uk\/it\/wp-json\/wp\/v2\/pages"}],"about":[{"href":"https:\/\/jessgrove.co.uk\/it\/wp-json\/wp\/v2\/types\/page"}],"author":[{"embeddable":true,"href":"https:\/\/jessgrove.co.uk\/it\/wp-json\/wp\/v2\/users\/4"}],"replies":[{"embeddable":true,"href":"https:\/\/jessgrove.co.uk\/it\/wp-json\/wp\/v2\/comments?post=616"}],"version-history":[{"count":0,"href":"https:\/\/jessgrove.co.uk\/it\/wp-json\/wp\/v2\/pages\/616\/revisions"}],"wp:attachment":[{"href":"https:\/\/jessgrove.co.uk\/it\/wp-json\/wp\/v2\/media?parent=616"}],"curies":[{"name":"wp","href":"https:\/\/api.w.org\/{rel}","templated":true}]}}