{"id":3,"date":"2021-01-26T09:22:34","date_gmt":"2021-01-26T09:22:34","guid":{"rendered":"https:\/\/jessgrove.co.uk\/?page_id=3"},"modified":"2022-12-22T09:23:06","modified_gmt":"2022-12-22T09:23:06","slug":"politica-sulla-privacy","status":"publish","type":"page","link":"https:\/\/jessgrove.co.uk\/it\/privacy-policy\/","title":{"rendered":"Informativa sulla privacy"},"content":{"rendered":"<div class=\"wpb-content-wrapper\"><div data-parent=\"true\" class=\"vc_row has-bg need-focus style-accent-bg row-container\" id=\"row-unique-0\"><div class=\"row double-top-padding double-bottom-padding single-h-padding limit-width row-parent\"><div class=\"wpb_row row-inner\"><div class=\"wpb_column pos-middle pos-center align_center column_parent col-lg-12 single-internal-gutter\"><div class=\"uncol style-spec style-dark\"  ><div class=\"uncoltable\"><div class=\"uncell no-block-padding\" ><div class=\"uncont\" ><div class=\"vc_custom_heading_wrap\"><div class=\"heading-text el-text\" ><h1 class=\"fontsize-410071 text-color-xsdn-color\" ><span>Informativa sulla privacy<\/span><\/h1><\/div><div class=\"clear\"><\/div><\/div><\/div><\/div><\/div><\/div><\/div><script id=\"script-row-unique-0\" data-row=\"script-row-unique-0\" type=\"text\/javascript\" class=\"vc_controls\">UNCODE.initRow(document.getElementById(\"row-unique-0\"));<\/script><\/div><\/div><\/div><div data-parent=\"true\" class=\"vc_row has-bg need-focus style-color-xsdn-bg row-container\" id=\"row-unique-1\"><div class=\"row double-top-padding double-bottom-padding single-h-padding limit-width row-parent\"><div class=\"wpb_row row-inner\"><div class=\"wpb_column pos-top pos-center align_left column_parent col-lg-12 single-internal-gutter\"><div class=\"uncol style-light\"  ><div class=\"uncoltable\"><div class=\"uncell no-block-padding\" ><div class=\"uncont\" ><div class=\"vc_custom_heading_wrap\"><div class=\"heading-text el-text\" ><h2 class=\"font-111111 h4 font-weight-400\" ><span>Il Gruppo Jessgrove (\"Noi\") si impegna a proteggere e rispettare la tua privacy.<\/span><\/h2><\/div><div class=\"clear\"><\/div><\/div><div class=\"uncode_text_column\" ><p>La presente informativa definisce le basi per il trattamento dei dati personali che raccogliamo da te o che ci fornisci. Ti invitiamo a leggere attentamente quanto segue per comprendere il nostro punto di vista e le nostre pratiche in merito ai tuoi dati personali e al modo in cui li tratteremo. Quando visiti il nostro sito web, conserviamo alcune informazioni di base e riconosciamo l'importanza di mantenerle al sicuro e di farti sapere cosa ne faremo.<\/p>\n<p>Ai fini del Data Protection Act 1998 (la Legge), il titolare del trattamento dei dati \u00e8 Jessgrove, Cross Lane Mills, Cross Lane, Bradford, BD7 3JT.<\/p>\n<p>Se lasci il nostro sito tramite un link o in altro modo, sarai soggetto alla politica del fornitore del sito web. Non abbiamo alcun controllo su tale politica o sui termini del sito web e ti consigliamo di verificare la loro politica prima di continuare ad accedere al sito.<\/p>\n<h4>Le informazioni che possiamo raccogliere da te<\/h4>\n<p>Possiamo raccogliere ed elaborare i seguenti dati su di te:<\/p>\n<ol>\n<li>Informazioni che l'utente fornisce compilando i moduli presenti sul nostro sito. Ci\u00f2 include le informazioni fornite al momento della registrazione al nostro sito, dell'iscrizione al nostro servizio o della richiesta di ulteriori servizi. Potremmo anche chiederti informazioni quando segnali un problema con il nostro sito.<\/li>\n<li>Se l'utente ci contatta, possiamo conservare una registrazione di tale corrispondenza.<\/li>\n<li>Potremmo anche chiederti di completare dei sondaggi che utilizziamo a scopo di ricerca, anche se non sei obbligato a rispondere.<\/li>\n<li>Dettagli delle tue visite al nostro sito, compresi, ma non solo, dati sul traffico, dati sulla posizione, weblog, sistema operativo, utilizzo del browser e altri dati di comunicazione, sia che ci\u00f2 sia necessario per i nostri scopi di fatturazione sia per altri scopi e le risorse a cui accedi.<\/li>\n<\/ol>\n<h4>Indirizzi IP<\/h4>\n<p>Possiamo raccogliere informazioni sul tuo computer, incluso, se disponibile, il tuo indirizzo IP, il sistema operativo e il tipo di browser, per l'amministrazione del sistema e per riferire informazioni aggregate ai nostri inserzionisti. Si tratta di dati statistici sulle azioni e i modelli di navigazione dei nostri utenti, che non identificano alcun individuo e non raccoglieremo informazioni personali in questo modo.<\/p>\n<h4>I tuoi diritti<\/h4>\n<p>Hai il diritto di chiederci di non trattare i tuoi dati personali per finalit\u00e0 di marketing. Di solito ti informeremo (prima di raccogliere i tuoi dati) se intendiamo utilizzare i tuoi dati per tali scopi o se intendiamo divulgare le tue informazioni a terzi per tali scopi. Puoi esercitare il tuo diritto di impedire tale trattamento selezionando alcune caselle nei moduli che utilizziamo per raccogliere i tuoi dati. Puoi inoltre esercitare tale diritto in qualsiasi momento contattandoci all'indirizzo Jessgrove, Cross Lane Mills, Cross Lane, Bradford, BD7 3JT.<\/p>\n<p>Il nostro sito pu\u00f2, di tanto in tanto, contenere link da e verso i siti web dei nostri network di partner, inserzionisti e affiliati. Se segui un link a uno di questi siti web, ti preghiamo di notare che questi siti hanno le loro politiche sulla privacy e che noi non ci assumiamo alcuna responsabilit\u00e0 per tali politiche. Ti invitiamo a verificare tali norme prima di inviare dati personali a tali siti web.<\/p>\n<h4>Accesso alle informazioni<\/h4>\n<p>La Legge ti d\u00e0 il diritto di accedere alle informazioni che ti riguardano. Il tuo diritto di accesso pu\u00f2 essere esercitato in conformit\u00e0 alla Legge. Qualsiasi richiesta di accesso pu\u00f2 essere soggetta a una tassa di 10 sterline per coprire i costi sostenuti per fornirti i dettagli delle informazioni in nostro possesso.<\/p>\n<h4>Modifiche alla nostra politica sulla privacy<\/h4>\n<p>Eventuali modifiche che dovessero essere apportate in futuro alla nostra politica sulla privacy saranno pubblicate su questa pagina e, se del caso, notificate all'utente tramite e-mail. Tuttavia, ti consigliamo di controllare regolarmente questa pagina per essere sempre aggiornato su eventuali modifiche.<\/p>\n<h4>Contatto<\/h4>\n<p>Domande, commenti e richieste riguardanti la presente informativa sulla privacy sono benvenuti e devono essere indirizzati a Jessgrove, Cross Lane Mills, Cross Lane, Bradford, BD7 3JT.<\/p>\n<p>\n<\/div><\/div><\/div><\/div><\/div><\/div><script id=\"script-row-unique-1\" data-row=\"script-row-unique-1\" type=\"text\/javascript\" class=\"vc_controls\">UNCODE.initRow(document.getElementById(\"row-unique-1\"));<\/script><\/div><\/div><\/div>\n<\/div>","protected":false},"excerpt":{"rendered":"Privacy PolicyThe Jessgrove Group (\u201cWe\u201d) are committed to protecting and respecting your privacy.This policy sets out the basis on which [...]","protected":false},"author":4,"featured_media":0,"parent":0,"menu_order":0,"comment_status":"closed","ping_status":"closed","template":"","meta":{"_surecart_dashboard_logo_width":"180px","_surecart_dashboard_show_logo":true,"_surecart_dashboard_navigation_orders":true,"_surecart_dashboard_navigation_invoices":true,"_surecart_dashboard_navigation_subscriptions":true,"_surecart_dashboard_navigation_downloads":true,"_surecart_dashboard_navigation_billing":true,"_surecart_dashboard_navigation_account":true,"_monsterinsights_skip_tracking":false,"_monsterinsights_sitenote_active":false,"_monsterinsights_sitenote_note":"","_monsterinsights_sitenote_category":0,"footnotes":""},"class_list":["post-3","page","type-page","status-publish","hentry"],"_links":{"self":[{"href":"https:\/\/jessgrove.co.uk\/it\/wp-json\/wp\/v2\/pages\/3","targetHints":{"allow":["GET"]}}],"collection":[{"href":"https:\/\/jessgrove.co.uk\/it\/wp-json\/wp\/v2\/pages"}],"about":[{"href":"https:\/\/jessgrove.co.uk\/it\/wp-json\/wp\/v2\/types\/page"}],"author":[{"embeddable":true,"href":"https:\/\/jessgrove.co.uk\/it\/wp-json\/wp\/v2\/users\/4"}],"replies":[{"embeddable":true,"href":"https:\/\/jessgrove.co.uk\/it\/wp-json\/wp\/v2\/comments?post=3"}],"version-history":[{"count":0,"href":"https:\/\/jessgrove.co.uk\/it\/wp-json\/wp\/v2\/pages\/3\/revisions"}],"wp:attachment":[{"href":"https:\/\/jessgrove.co.uk\/it\/wp-json\/wp\/v2\/media?parent=3"}],"curies":[{"name":"wp","href":"https:\/\/api.w.org\/{rel}","templated":true}]}}