{"id":616,"date":"2022-12-22T09:25:22","date_gmt":"2022-12-22T09:25:22","guid":{"rendered":"https:\/\/jessgrove.co.uk\/?page_id=616"},"modified":"2022-12-22T09:25:22","modified_gmt":"2022-12-22T09:25:22","slug":"conditions-generales-dutilisation","status":"publish","type":"page","link":"https:\/\/jessgrove.co.uk\/fr\/terms-and-conditions\/","title":{"rendered":"Conditions g\u00e9n\u00e9rales de vente"},"content":{"rendered":"<div class=\"wpb-content-wrapper\"><div data-parent=\"true\" class=\"vc_row has-bg need-focus style-accent-bg row-container\" id=\"row-unique-0\"><div class=\"row double-top-padding double-bottom-padding single-h-padding limit-width row-parent\"><div class=\"wpb_row row-inner\"><div class=\"wpb_column pos-middle pos-center align_center column_parent col-lg-12 single-internal-gutter\"><div class=\"uncol style-spec style-dark\"  ><div class=\"uncoltable\"><div class=\"uncell no-block-padding\" ><div class=\"uncont\" ><div class=\"vc_custom_heading_wrap\"><div class=\"heading-text el-text\" ><h1 class=\"fontsize-410071 text-color-xsdn-color\" ><span>Conditions g\u00e9n\u00e9rales de vente<\/span><\/h1><\/div><div class=\"clear\"><\/div><\/div><\/div><\/div><\/div><\/div><\/div><script id=\"script-row-unique-0\" data-row=\"script-row-unique-0\" type=\"text\/javascript\" class=\"vc_controls\">UNCODE.initRow(document.getElementById(\"row-unique-0\"));<\/script><\/div><\/div><\/div><div data-parent=\"true\" class=\"vc_row has-bg need-focus style-color-xsdn-bg row-container\" id=\"row-unique-1\"><div class=\"row double-top-padding double-bottom-padding single-h-padding limit-width row-parent\"><div class=\"wpb_row row-inner\"><div class=\"wpb_column pos-top pos-center align_left column_parent col-lg-12 single-internal-gutter\"><div class=\"uncol style-light\"  ><div class=\"uncoltable\"><div class=\"uncell no-block-padding\" ><div class=\"uncont\" ><div class=\"vc_custom_heading_wrap\"><div class=\"heading-text el-text\" ><h2 class=\"font-111111 h4 font-weight-400\" ><span>Bienvenue sur notre site Web.<\/span><\/h2><\/div><div class=\"clear\"><\/div><\/div><div class=\"uncode_text_column\" ><p>Si tu continues \u00e0 naviguer et \u00e0 utiliser ce site Web, tu acceptes de respecter et d'\u00eatre li\u00e9 par les conditions d'utilisation suivantes, qui, avec notre politique de confidentialit\u00e9, r\u00e9gissent la relation entre Jessgrove et toi en ce qui concerne ce site Web. Si tu n'es pas d'accord avec une partie de ces conditions d'utilisation, n'utilise pas notre site Web.<\/p>\n<p>Le terme 'Jessgrove' ou 'nous' ou 'nous' fait r\u00e9f\u00e9rence au propri\u00e9taire du site Web dont le si\u00e8ge social est Cross Lane Mills, Cross Lane, Bradford, BD7 3JT. Notre num\u00e9ro d'enregistrement d'entreprise est le 1419182. Le terme 'toi' fait r\u00e9f\u00e9rence \u00e0 l'utilisateur ou au spectateur de notre site Web.<\/p>\n<h4>L'utilisation de ce site Web est soumise aux conditions d'utilisation suivantes :<\/h4>\n<p>Le contenu des pages de ce site Web est destin\u00e9 \u00e0 ton information g\u00e9n\u00e9rale et \u00e0 ton utilisation uniquement. Il est susceptible d'\u00eatre modifi\u00e9 sans pr\u00e9avis.<\/p>\n<p>Ce site Web utilise des cookies pour surveiller les pr\u00e9f\u00e9rences de navigation. Si tu autorises l'utilisation de cookies, les informations personnelles suivantes peuvent \u00eatre stock\u00e9es par nous pour \u00eatre utilis\u00e9es par des tiers.<\/p>\n<p>Ni nous ni aucun tiers ne fournissons de garantie ou de caution quant \u00e0 l'exactitude, l'actualit\u00e9, la performance, l'exhaustivit\u00e9 ou l'ad\u00e9quation des informations et des mat\u00e9riaux trouv\u00e9s ou propos\u00e9s sur ce site Web \u00e0 un usage particulier. Tu reconnais que ces informations et mat\u00e9riaux peuvent contenir des inexactitudes ou des erreurs et nous excluons express\u00e9ment toute responsabilit\u00e9 pour ces inexactitudes ou erreurs dans toute la mesure permise par la loi.<\/p>\n<p>L'utilisation de toute information ou mat\u00e9riel sur ce site Web se fait enti\u00e8rement \u00e0 tes propres risques, pour lesquels nous ne serons pas responsables. Il est de ta propre responsabilit\u00e9 de t'assurer que les produits, services ou informations disponibles sur ce site Web r\u00e9pondent \u00e0 tes besoins sp\u00e9cifiques.<\/p>\n<p>Ce site Web contient du mat\u00e9riel qui nous appartient ou qui nous est conc\u00e9d\u00e9 sous licence. Ce mat\u00e9riel comprend, sans s'y limiter, la conception, la mise en page, l'aspect, l'apparence et les graphiques. La reproduction est interdite autrement que conform\u00e9ment \u00e0 l'avis de droit d'auteur, qui fait partie de ces conditions g\u00e9n\u00e9rales.<\/p>\n<p>Toutes les marques reproduites sur ce site Web qui ne sont pas la propri\u00e9t\u00e9 de l'op\u00e9rateur ou qui ne font pas l'objet d'une licence sont reconnues sur le site Web.<\/p>\n<p>L'utilisation non autoris\u00e9e de ce site Web peut donner lieu \u00e0 une demande de dommages et int\u00e9r\u00eats et\/ou constituer une infraction p\u00e9nale.<\/p>\n<p>De temps en temps, ce site Web peut \u00e9galement inclure des liens vers d'autres sites Web. Ces liens sont fournis pour ta commodit\u00e9 afin de fournir des informations suppl\u00e9mentaires. Ils ne signifient pas que nous approuvons le(s) site(s) Web. Nous ne sommes pas responsables du contenu du ou des sites Web li\u00e9s.<\/p>\n<p>Ton utilisation de ce site Web et tout litige r\u00e9sultant de cette utilisation sont soumis aux lois d'Angleterre, d'Irlande du Nord, d'\u00c9cosse et du Pays de Galles.<\/p>\n<\/div><\/div><\/div><\/div><\/div><\/div><script id=\"script-row-unique-1\" data-row=\"script-row-unique-1\" type=\"text\/javascript\" class=\"vc_controls\">UNCODE.initRow(document.getElementById(\"row-unique-1\"));<\/script><\/div><\/div><\/div>\n<\/div>","protected":false},"excerpt":{"rendered":"Terms &#038; ConditionsWelcome to our website.If you continue to browse and use this website, you are agreeing to comply with [...]","protected":false},"author":4,"featured_media":0,"parent":0,"menu_order":0,"comment_status":"closed","ping_status":"closed","template":"","meta":{"_surecart_dashboard_logo_width":"180px","_surecart_dashboard_show_logo":true,"_surecart_dashboard_navigation_orders":true,"_surecart_dashboard_navigation_invoices":true,"_surecart_dashboard_navigation_subscriptions":true,"_surecart_dashboard_navigation_downloads":true,"_surecart_dashboard_navigation_billing":true,"_surecart_dashboard_navigation_account":true,"_monsterinsights_skip_tracking":false,"_monsterinsights_sitenote_active":false,"_monsterinsights_sitenote_note":"","_monsterinsights_sitenote_category":0,"footnotes":""},"class_list":["post-616","page","type-page","status-publish","hentry"],"_links":{"self":[{"href":"https:\/\/jessgrove.co.uk\/fr\/wp-json\/wp\/v2\/pages\/616","targetHints":{"allow":["GET"]}}],"collection":[{"href":"https:\/\/jessgrove.co.uk\/fr\/wp-json\/wp\/v2\/pages"}],"about":[{"href":"https:\/\/jessgrove.co.uk\/fr\/wp-json\/wp\/v2\/types\/page"}],"author":[{"embeddable":true,"href":"https:\/\/jessgrove.co.uk\/fr\/wp-json\/wp\/v2\/users\/4"}],"replies":[{"embeddable":true,"href":"https:\/\/jessgrove.co.uk\/fr\/wp-json\/wp\/v2\/comments?post=616"}],"version-history":[{"count":0,"href":"https:\/\/jessgrove.co.uk\/fr\/wp-json\/wp\/v2\/pages\/616\/revisions"}],"wp:attachment":[{"href":"https:\/\/jessgrove.co.uk\/fr\/wp-json\/wp\/v2\/media?parent=616"}],"curies":[{"name":"wp","href":"https:\/\/api.w.org\/{rel}","templated":true}]}}