{"id":3,"date":"2021-01-26T09:22:34","date_gmt":"2021-01-26T09:22:34","guid":{"rendered":"https:\/\/jessgrove.co.uk\/?page_id=3"},"modified":"2022-12-22T09:23:06","modified_gmt":"2022-12-22T09:23:06","slug":"politique-de-confidentialite","status":"publish","type":"page","link":"https:\/\/jessgrove.co.uk\/fr\/privacy-policy\/","title":{"rendered":"Politique de confidentialit\u00e9"},"content":{"rendered":"<div class=\"wpb-content-wrapper\"><div data-parent=\"true\" class=\"vc_row has-bg need-focus style-accent-bg row-container\" id=\"row-unique-0\"><div class=\"row double-top-padding double-bottom-padding single-h-padding limit-width row-parent\"><div class=\"wpb_row row-inner\"><div class=\"wpb_column pos-middle pos-center align_center column_parent col-lg-12 single-internal-gutter\"><div class=\"uncol style-spec style-dark\"  ><div class=\"uncoltable\"><div class=\"uncell no-block-padding\" ><div class=\"uncont\" ><div class=\"vc_custom_heading_wrap\"><div class=\"heading-text el-text\" ><h1 class=\"fontsize-410071 text-color-xsdn-color\" ><span>Politique de confidentialit\u00e9<\/span><\/h1><\/div><div class=\"clear\"><\/div><\/div><\/div><\/div><\/div><\/div><\/div><script id=\"script-row-unique-0\" data-row=\"script-row-unique-0\" type=\"text\/javascript\" class=\"vc_controls\">UNCODE.initRow(document.getElementById(\"row-unique-0\"));<\/script><\/div><\/div><\/div><div data-parent=\"true\" class=\"vc_row has-bg need-focus style-color-xsdn-bg row-container\" id=\"row-unique-1\"><div class=\"row double-top-padding double-bottom-padding single-h-padding limit-width row-parent\"><div class=\"wpb_row row-inner\"><div class=\"wpb_column pos-top pos-center align_left column_parent col-lg-12 single-internal-gutter\"><div class=\"uncol style-light\"  ><div class=\"uncoltable\"><div class=\"uncell no-block-padding\" ><div class=\"uncont\" ><div class=\"vc_custom_heading_wrap\"><div class=\"heading-text el-text\" ><h2 class=\"font-111111 h4 font-weight-400\" ><span>Le Groupe Jessgrove (\"Nous\") s'engage \u00e0 prot\u00e9ger et \u00e0 respecter ta vie priv\u00e9e.<\/span><\/h2><\/div><div class=\"clear\"><\/div><\/div><div class=\"uncode_text_column\" ><p>Cette politique d\u00e9finit la base sur laquelle les donn\u00e9es personnelles que nous collectons aupr\u00e8s de toi, ou que tu nous fournis, seront trait\u00e9es par nous. Veuillez lire attentivement ce qui suit pour comprendre nos points de vue et nos pratiques concernant tes donn\u00e9es personnelles et la fa\u00e7on dont nous les traiterons. Nous conservons certaines informations de base lorsque tu visites notre site Web et reconnaissons l'importance de garder ces informations en s\u00e9curit\u00e9 et de te faire savoir ce que nous en ferons.<\/p>\n<p>Aux fins de la Loi de 1998 sur la protection des donn\u00e9es (la Loi), le contr\u00f4leur des donn\u00e9es est Jessgrove, Cross Lane Mills, Cross Lane, Bradford, BD7 3JT.<\/p>\n<p>Si tu quittes notre site par le biais d'un lien ou autre, tu seras soumis \u00e0 la politique de ce fournisseur de site Web. Nous n'avons aucun contr\u00f4le sur cette politique ou les conditions du site Web et tu dois v\u00e9rifier leur politique avant de continuer \u00e0 acc\u00e9der au site.<\/p>\n<h4>Les informations que nous pouvons recueillir aupr\u00e8s de toi<\/h4>\n<p>Nous pouvons collecter et traiter les donn\u00e9es suivantes te concernant :<\/p>\n<ol>\n<li>Les informations que tu fournis en remplissant des formulaires sur notre site. Cela inclut les informations fournies au moment de l'inscription pour utiliser notre site, de l'abonnement \u00e0 notre service ou de la demande de services suppl\u00e9mentaires. Nous pouvons \u00e9galement te demander des informations lorsque tu signales un probl\u00e8me sur notre site.<\/li>\n<li>Si tu nous contactes, nous pouvons conserver un enregistrement de cette correspondance.<\/li>\n<li>Nous pouvons \u00e9galement te demander de r\u00e9pondre \u00e0 des enqu\u00eates que nous utilisons \u00e0 des fins de recherche, mais tu n'es pas oblig\u00e9 d'y r\u00e9pondre.<\/li>\n<li>Les d\u00e9tails de tes visites sur notre site, y compris, mais sans s'y limiter, les donn\u00e9es de trafic, les donn\u00e9es de localisation, les weblogs, le syst\u00e8me d'exploitation, l'utilisation du navigateur et d'autres donn\u00e9es de communication, que cela soit n\u00e9cessaire \u00e0 des fins de facturation propre ou non et les ressources auxquelles tu acc\u00e8des.<\/li>\n<\/ol>\n<h4>Adresses IP<\/h4>\n<p>Nous pouvons recueillir des informations sur ton ordinateur, y compris, le cas \u00e9ch\u00e9ant, ton adresse IP, ton syst\u00e8me d'exploitation et ton type de navigateur, pour l'administration du syst\u00e8me et pour communiquer des informations globales \u00e0 nos annonceurs. Il s'agit de donn\u00e9es statistiques sur les actions et les habitudes de navigation de nos utilisateurs, qui ne permettent pas d'identifier un individu et nous ne collecterons pas d'informations personnelles de cette mani\u00e8re.<\/p>\n<h4>Tes droits<\/h4>\n<p>Tu as le droit de nous demander de ne pas traiter tes donn\u00e9es personnelles \u00e0 des fins de marketing. Nous t'informerons g\u00e9n\u00e9ralement (avant de collecter tes donn\u00e9es) si nous avons l'intention d'utiliser tes donn\u00e9es \u00e0 de telles fins ou si nous avons l'intention de divulguer tes informations \u00e0 un tiers \u00e0 de telles fins. Tu peux exercer ton droit d'emp\u00eacher un tel traitement en cochant certaines cases sur les formulaires que nous utilisons pour collecter tes donn\u00e9es. Tu peux \u00e9galement exercer ce droit \u00e0 tout moment en nous contactant \u00e0 Jessgrove, Cross Lane Mills, Cross Lane, Bradford, BD7 3JT.<\/p>\n<p>Notre site peut, de temps en temps, contenir des liens vers et depuis les sites Web de nos r\u00e9seaux partenaires, annonceurs et affili\u00e9s. Si tu suis un lien vers l'un de ces sites Web, sache que ces sites ont leurs propres politiques de confidentialit\u00e9 et que nous n'acceptons aucune responsabilit\u00e9 ou obligation pour ces politiques. Veuillez v\u00e9rifier ces politiques avant de soumettre des donn\u00e9es personnelles \u00e0 ces sites Web.<\/p>\n<h4>Acc\u00e8s aux informations<\/h4>\n<p>La Loi te donne le droit d'acc\u00e9der aux informations d\u00e9tenues \u00e0 ton sujet. Ton droit d'acc\u00e8s peut \u00eatre exerc\u00e9 conform\u00e9ment \u00e0 la Loi. Toute demande d'acc\u00e8s peut \u00eatre soumise \u00e0 des frais de 10 \u00a3 pour couvrir nos co\u00fbts pour te fournir les d\u00e9tails des informations que nous d\u00e9tenons sur toi.<\/p>\n<h4>Modifications de notre politique de confidentialit\u00e9<\/h4>\n<p>Toute modification que nous pourrions apporter \u00e0 notre politique de confidentialit\u00e9 \u00e0 l'avenir sera publi\u00e9e sur cette page et, le cas \u00e9ch\u00e9ant, te sera notifi\u00e9e par e-mail. Cependant, nous te conseillons de consulter r\u00e9guli\u00e8rement cette page pour te tenir au courant des changements n\u00e9cessaires.<\/p>\n<h4>Contact<\/h4>\n<p>Les questions, commentaires et demandes concernant cette politique de confidentialit\u00e9 sont les bienvenus et doivent \u00eatre adress\u00e9s \u00e0 Jessgrove, Cross Lane Mills, Cross Lane, Bradford, BD7 3JT.<\/p>\n<p>\n<\/div><\/div><\/div><\/div><\/div><\/div><script id=\"script-row-unique-1\" data-row=\"script-row-unique-1\" type=\"text\/javascript\" class=\"vc_controls\">UNCODE.initRow(document.getElementById(\"row-unique-1\"));<\/script><\/div><\/div><\/div>\n<\/div>","protected":false},"excerpt":{"rendered":"Privacy PolicyThe Jessgrove Group (\u201cWe\u201d) are committed to protecting and respecting your privacy.This policy sets out the basis on which [...]","protected":false},"author":4,"featured_media":0,"parent":0,"menu_order":0,"comment_status":"closed","ping_status":"closed","template":"","meta":{"_surecart_dashboard_logo_width":"180px","_surecart_dashboard_show_logo":true,"_surecart_dashboard_navigation_orders":true,"_surecart_dashboard_navigation_invoices":true,"_surecart_dashboard_navigation_subscriptions":true,"_surecart_dashboard_navigation_downloads":true,"_surecart_dashboard_navigation_billing":true,"_surecart_dashboard_navigation_account":true,"_monsterinsights_skip_tracking":false,"_monsterinsights_sitenote_active":false,"_monsterinsights_sitenote_note":"","_monsterinsights_sitenote_category":0,"footnotes":""},"class_list":["post-3","page","type-page","status-publish","hentry"],"_links":{"self":[{"href":"https:\/\/jessgrove.co.uk\/fr\/wp-json\/wp\/v2\/pages\/3","targetHints":{"allow":["GET"]}}],"collection":[{"href":"https:\/\/jessgrove.co.uk\/fr\/wp-json\/wp\/v2\/pages"}],"about":[{"href":"https:\/\/jessgrove.co.uk\/fr\/wp-json\/wp\/v2\/types\/page"}],"author":[{"embeddable":true,"href":"https:\/\/jessgrove.co.uk\/fr\/wp-json\/wp\/v2\/users\/4"}],"replies":[{"embeddable":true,"href":"https:\/\/jessgrove.co.uk\/fr\/wp-json\/wp\/v2\/comments?post=3"}],"version-history":[{"count":0,"href":"https:\/\/jessgrove.co.uk\/fr\/wp-json\/wp\/v2\/pages\/3\/revisions"}],"wp:attachment":[{"href":"https:\/\/jessgrove.co.uk\/fr\/wp-json\/wp\/v2\/media?parent=3"}],"curies":[{"name":"wp","href":"https:\/\/api.w.org\/{rel}","templated":true}]}}