{"id":166,"date":"2022-10-24T10:16:16","date_gmt":"2022-10-24T10:16:16","guid":{"rendered":"https:\/\/jessgrove.co.uk\/?page_id=166"},"modified":"2023-11-15T09:24:35","modified_gmt":"2023-11-15T09:24:35","slug":"nouvelles","status":"publish","type":"page","link":"https:\/\/jessgrove.co.uk\/fr\/news\/","title":{"rendered":"Nouvelles"},"content":{"rendered":"<div class=\"wpb-content-wrapper\"><div data-parent=\"true\" class=\"vc_row has-bg need-focus style-color-gyho-bg row-container\" id=\"row-unique-0\"><div class=\"row double-top-padding single-bottom-padding single-h-padding limit-width row-parent\"><div class=\"wpb_row row-inner\"><div class=\"wpb_column pos-top pos-center align_left column_parent col-lg-12 single-internal-gutter\"><div class=\"uncol style-light\"  ><div class=\"uncoltable\"><div class=\"uncell no-block-padding\" ><div class=\"uncont\" ><div class=\"vc_custom_heading_wrap\"><div class=\"heading-text el-text\" ><h2 class=\"font-111111 h6 font-weight-400 text-accent-color\" ><span>| Nouvelles |<\/span><\/h2><\/div><div class=\"clear\"><\/div><\/div><div class=\"vc_custom_heading_wrap\"><div class=\"heading-text el-text\" ><h3 class=\"fontsize-410071\" ><span>Les derni\u00e8res nouvelles de Jessgrove<\/span><\/h3><\/div><div class=\"clear\"><\/div><\/div><div class=\"uncode_text_column\" ><p>Restez au courant de nos derniers communiqu\u00e9s de presse, articles et nouvelles de l'entreprise.<\/p>\n<\/div><\/div><\/div><\/div><\/div><\/div><script id=\"script-row-unique-0\" data-row=\"script-row-unique-0\" type=\"text\/javascript\" class=\"vc_controls\">UNCODE.initRow(document.getElementById(\"row-unique-0\"));<\/script><\/div><\/div><\/div><div data-parent=\"true\" class=\"vc_row has-bg need-focus style-color-gyho-bg row-container\" id=\"row-unique-1\"><div class=\"row single-top-padding triple-bottom-padding single-h-padding full-width row-parent\"><div class=\"wpb_row row-inner\"><div class=\"wpb_column pos-top pos-center align_left column_parent col-lg-12 single-internal-gutter\"><div class=\"uncol style-light\"  ><div class=\"uncoltable\"><div class=\"uncell\" ><div class=\"uncont no-block-padding col-custom-width\" style=\" max-width:1596px;\" ><div id=\"index-643808\" class=\"cssgrid-system cssgrid-general-light grid-general-light cssgrid-842828\" >\n\t\t\t\n\t\t\t\t\t\t\t\t\t\t\t\t\t\t<div class=\"cssgrid-wrapper grid-wrapper cssgrid-single-gutter\" >\t\t\t\t\t\t\t\t\t\t\t\t<div class=\"cssgrid-container grid-container cssgrid-layout cssgrid-equal-height cssgrid-pagination grid-pagination\" >\t\t\t<div class=\"tmb atc-typography-inherit tmb-grid tmb-iso-h4 tmb-light tmb-overlay-text-anim tmb-overlay-anim tmb-content-left tmb-image-anim tmb-bordered  grid-cat-3 tmb-id-745 tmb-img-ratio tmb-content-under tmb-media-first\" ><div class=\"t-inside style-color-xsdn-bg no-anim\" ><div class=\"t-entry-visual\"><div class=\"t-entry-visual-tc\"><div class=\"t-entry-visual-cont\"><div class=\"dummy\" style=\"padding-top: 75%;\"><\/div><a role=\"button\" tabindex=\"-1\" href=\"https:\/\/jessgrove.co.uk\/fr\/jce-solar-panels\/\" class=\"pushed\" target=\"_self\" data-lb-index=\"0\"><div class=\"t-entry-visual-overlay\"><div class=\"t-entry-visual-overlay-in style-dark-bg\" style=\"opacity: 0.5;\"><\/div><\/div><img decoding=\"async\" class=\"wp-image-746\" src=\"https:\/\/jessgrove.co.uk\/wp-content\/uploads\/2024\/06\/JCE-solar-uai-1200x900.jpg\" width=\"1200\" height=\"900\" alt=\"\" title=\"\"><\/a><\/div>\n\t\t\t\t\t<\/div>\n\t\t\t\t<\/div><div class=\"t-entry-text\">\n\t\t\t\t\t\t\t\t\t<div class=\"t-entry-text-tc single-block-padding\"><div class=\"t-entry\"><h3 class=\"t-entry-title h3 title-scale\"><a href=\"https:\/\/jessgrove.co.uk\/fr\/jce-solar-panels\/\" target=\"_self\">Jessgrove investit dans l'\u00e9nergie solaire<\/a><\/h3><div class=\"spacer spacer-one half-space\"><\/div><p class=\"t-entry-readmore btn-container\"><a href=\"https:\/\/jessgrove.co.uk\/fr\/jce-solar-panels\/\" class=\"btn btn-default\" target=\"_self\">Lire la suite<\/a><\/p><\/div><\/div>\n\t\t\t\t\t\t\t<\/div><\/div><\/div><div class=\"tmb atc-typography-inherit tmb-grid tmb-iso-h4 tmb-light tmb-overlay-text-anim tmb-overlay-anim tmb-content-left tmb-image-anim tmb-bordered  grid-cat-3 tmb-id-730 tmb-img-ratio tmb-content-under tmb-media-first\" ><div class=\"t-inside style-color-xsdn-bg no-anim\" ><div class=\"t-entry-visual\"><div class=\"t-entry-visual-tc\"><div class=\"t-entry-visual-cont\"><div class=\"dummy\" style=\"padding-top: 75%;\"><\/div><a role=\"button\" tabindex=\"-1\" href=\"https:\/\/jessgrove.co.uk\/fr\/jessgrove-cotexva\/\" class=\"pushed\" target=\"_self\" data-lb-index=\"1\"><div class=\"t-entry-visual-overlay\"><div class=\"t-entry-visual-overlay-in style-dark-bg\" style=\"opacity: 0.5;\"><\/div><\/div><img decoding=\"async\" class=\"wp-image-734\" src=\"https:\/\/jessgrove.co.uk\/wp-content\/uploads\/2024\/04\/instalaciones1-uai-600x450.jpg\" width=\"600\" height=\"450\" alt=\"\" title=\"\"><\/a><\/div>\n\t\t\t\t\t<\/div>\n\t\t\t\t<\/div><div class=\"t-entry-text\">\n\t\t\t\t\t\t\t\t\t<div class=\"t-entry-text-tc single-block-padding\"><div class=\"t-entry\"><h3 class=\"t-entry-title h3 title-scale\"><a href=\"https:\/\/jessgrove.co.uk\/fr\/jessgrove-cotexva\/\" target=\"_self\">Jessgrove r\u00e9alise une acquisition strat\u00e9gique<\/a><\/h3><div class=\"t-entry-excerpt\"><p>Jessgrove est fier de fournir des tissus de doublure \u00e0 de nombreux d\u00e9taillants et fabricants dans le monde entier, et a actuellement plus de huit millions de m\u00e8tres en stock dans un certain nombre d'entrep\u00f4ts.<\/p>\n<\/div><div class=\"spacer spacer-one half-space\"><\/div><p class=\"t-entry-readmore btn-container\"><a href=\"https:\/\/jessgrove.co.uk\/fr\/jessgrove-cotexva\/\" class=\"btn btn-default\" target=\"_self\">Lire la suite<\/a><\/p><\/div><\/div>\n\t\t\t\t\t\t\t<\/div><\/div><\/div><div class=\"tmb atc-typography-inherit tmb-grid tmb-iso-h4 tmb-light tmb-overlay-text-anim tmb-overlay-anim tmb-content-left tmb-image-anim tmb-bordered  grid-cat-3 tmb-id-685 tmb-img-ratio tmb-content-under tmb-media-first\" ><div class=\"t-inside style-color-xsdn-bg no-anim\" ><div class=\"t-entry-visual\"><div class=\"t-entry-visual-tc\"><div class=\"t-entry-visual-cont\"><div class=\"dummy\" style=\"padding-top: 75%;\"><\/div><a role=\"button\" tabindex=\"-1\" href=\"https:\/\/jessgrove.co.uk\/fr\/jessgrove-clearance\/\" class=\"pushed\" target=\"_self\" data-lb-index=\"2\"><div class=\"t-entry-visual-overlay\"><div class=\"t-entry-visual-overlay-in style-dark-bg\" style=\"opacity: 0.5;\"><\/div><\/div><img decoding=\"async\" class=\"wp-image-686\" src=\"https:\/\/jessgrove.co.uk\/wp-content\/uploads\/2023\/10\/8-scaled-uai-1707x1280.jpg\" width=\"1707\" height=\"1280\" alt=\"\" title=\"\"><\/a><\/div>\n\t\t\t\t\t<\/div>\n\t\t\t\t<\/div><div class=\"t-entry-text\">\n\t\t\t\t\t\t\t\t\t<div class=\"t-entry-text-tc single-block-padding\"><div class=\"t-entry\"><h3 class=\"t-entry-title h3 title-scale\"><a href=\"https:\/\/jessgrove.co.uk\/fr\/jessgrove-clearance\/\" target=\"_self\">Tissu de doublure Jessgrove Clearance<\/a><\/h3><div class=\"t-entry-excerpt\"><p>Jessgrove est fier de fournir des tissus de doublure \u00e0 de nombreux d\u00e9taillants et fabricants dans le monde entier, et a actuellement plus de huit millions de m\u00e8tres en stock dans un certain nombre d'entrep\u00f4ts.<\/p>\n<\/div><div class=\"spacer spacer-one half-space\"><\/div><p class=\"t-entry-readmore btn-container\"><a href=\"https:\/\/jessgrove.co.uk\/fr\/jessgrove-clearance\/\" class=\"btn btn-default\" target=\"_self\">Lire la suite<\/a><\/p><\/div><\/div>\n\t\t\t\t\t\t\t<\/div><\/div><\/div><div class=\"tmb atc-typography-inherit tmb-grid tmb-iso-h4 tmb-light tmb-overlay-text-anim tmb-overlay-anim tmb-content-left tmb-image-anim tmb-bordered  grid-cat-3 tmb-id-661 tmb-img-ratio tmb-content-under tmb-media-first\" ><div class=\"t-inside style-color-xsdn-bg no-anim\" ><div class=\"t-entry-visual\"><div class=\"t-entry-visual-tc\"><div class=\"t-entry-visual-cont\"><div class=\"dummy\" style=\"padding-top: 75%;\"><\/div><a role=\"button\" tabindex=\"-1\" href=\"https:\/\/jessgrove.co.uk\/fr\/jessgrove-european-jacquard\/\" class=\"pushed\" target=\"_self\" data-lb-index=\"3\"><div class=\"t-entry-visual-overlay\"><div class=\"t-entry-visual-overlay-in style-dark-bg\" style=\"opacity: 0.5;\"><\/div><\/div><img decoding=\"async\" class=\"wp-image-672\" src=\"https:\/\/jessgrove.co.uk\/wp-content\/uploads\/2023\/01\/av6016-2-boost-uai-1770x1327.jpeg\" width=\"1770\" height=\"1327\" alt=\"\" title=\"\"><\/a><\/div>\n\t\t\t\t\t<\/div>\n\t\t\t\t<\/div><div class=\"t-entry-text\">\n\t\t\t\t\t\t\t\t\t<div class=\"t-entry-text-tc single-block-padding\"><div class=\"t-entry\"><h3 class=\"t-entry-title h3 title-scale\"><a href=\"https:\/\/jessgrove.co.uk\/fr\/jessgrove-european-jacquard\/\" target=\"_self\">Jacquard europ\u00e9en Jessgrove<\/a><\/h3><div class=\"t-entry-excerpt\"><p>Jessgrove est \u00e0 la pointe de l'offre de nouvelles options durables pour les produits de doublure, notamment deux gammes de produits en viscose de bambou, un serg\u00e9 et un taffetas....<\/p>\n<\/div><div class=\"spacer spacer-one half-space\"><\/div><p class=\"t-entry-readmore btn-container\"><a href=\"https:\/\/jessgrove.co.uk\/fr\/jessgrove-european-jacquard\/\" class=\"btn btn-default\" target=\"_self\">Lire la suite<\/a><\/p><\/div><\/div>\n\t\t\t\t\t\t\t<\/div><\/div><\/div><div class=\"tmb atc-typography-inherit tmb-grid tmb-iso-h4 tmb-light tmb-overlay-text-anim tmb-overlay-anim tmb-content-left tmb-image-anim tmb-bordered  grid-cat-3 tmb-id-162 tmb-img-ratio tmb-content-under tmb-media-first\" ><div class=\"t-inside style-color-xsdn-bg no-anim\" ><div class=\"t-entry-visual\"><div class=\"t-entry-visual-tc\"><div class=\"t-entry-visual-cont\"><div class=\"dummy\" style=\"padding-top: 75%;\"><\/div><a role=\"button\" tabindex=\"-1\" href=\"https:\/\/jessgrove.co.uk\/fr\/recycled-polyester-now-readily-available\/\" class=\"pushed\" aria-label=\"Polyester recycl\u00e9\"  target=\"_self\" data-lb-index=\"4\"><div class=\"t-entry-visual-overlay\"><div class=\"t-entry-visual-overlay-in style-dark-bg\" style=\"opacity: 0.5;\"><\/div><\/div><img decoding=\"async\" class=\"wp-image-92\" src=\"https:\/\/jessgrove.co.uk\/wp-content\/uploads\/2022\/09\/Placeholder-05.jpg\" width=\"800\" height=\"600\" alt=\"Polyester recycl\u00e9\" title=\"\" srcset=\"https:\/\/jessgrove.co.uk\/wp-content\/uploads\/2022\/09\/Placeholder-05.jpg 800w, https:\/\/jessgrove.co.uk\/wp-content\/uploads\/2022\/09\/Placeholder-05-300x225.jpg 300w, https:\/\/jessgrove.co.uk\/wp-content\/uploads\/2022\/09\/Placeholder-05-768x576.jpg 768w, https:\/\/jessgrove.co.uk\/wp-content\/uploads\/2022\/09\/Placeholder-05-16x12.jpg 16w\" sizes=\"(max-width: 800px) 100vw, 800px\"><\/a><\/div>\n\t\t\t\t\t<\/div>\n\t\t\t\t<\/div><div class=\"t-entry-text\">\n\t\t\t\t\t\t\t\t\t<div class=\"t-entry-text-tc single-block-padding\"><div class=\"t-entry\"><h3 class=\"t-entry-title h3 title-scale\"><a href=\"https:\/\/jessgrove.co.uk\/fr\/recycled-polyester-now-readily-available\/\" target=\"_self\">Le polyester recycl\u00e9 est d\u00e9sormais facilement disponible<\/a><\/h3><div class=\"t-entry-excerpt\"><p>Nous avons le plaisir d'annoncer que nous sommes en mesure de proposer une doublure en polyester 100% recycl\u00e9. Pour que ce produit soit plus facilement accessible, la trame est compos\u00e9e de mat\u00e9riaux enti\u00e8rement recycl\u00e9s....<\/p>\n<\/div><div class=\"spacer spacer-one half-space\"><\/div><p class=\"t-entry-readmore btn-container\"><a href=\"https:\/\/jessgrove.co.uk\/fr\/recycled-polyester-now-readily-available\/\" class=\"btn btn-default\" target=\"_self\">Lire la suite<\/a><\/p><\/div><\/div>\n\t\t\t\t\t\t\t<\/div><\/div><\/div><div class=\"tmb atc-typography-inherit tmb-grid tmb-iso-h4 tmb-light tmb-overlay-text-anim tmb-overlay-anim tmb-content-left tmb-image-anim tmb-bordered  grid-cat-3 tmb-id-160 tmb-img-ratio tmb-content-under tmb-media-first\" ><div class=\"t-inside style-color-xsdn-bg no-anim\" ><div class=\"t-entry-visual\"><div class=\"t-entry-visual-tc\"><div class=\"t-entry-visual-cont\"><div class=\"dummy\" style=\"padding-top: 75%;\"><\/div><a role=\"button\" tabindex=\"-1\" href=\"https:\/\/jessgrove.co.uk\/fr\/cotton-and-cotton-blends-are-now-available\/\" class=\"pushed\" aria-label=\"Coton\"  target=\"_self\" data-lb-index=\"5\"><div class=\"t-entry-visual-overlay\"><div class=\"t-entry-visual-overlay-in style-dark-bg\" style=\"opacity: 0.5;\"><\/div><\/div><img decoding=\"async\" class=\"wp-image-91\" src=\"https:\/\/jessgrove.co.uk\/wp-content\/uploads\/2022\/09\/Placeholder-06-uai-708x531.jpg\" width=\"708\" height=\"531\" alt=\"Coton\" title=\"\"><\/a><\/div>\n\t\t\t\t\t<\/div>\n\t\t\t\t<\/div><div class=\"t-entry-text\">\n\t\t\t\t\t\t\t\t\t<div class=\"t-entry-text-tc single-block-padding\"><div class=\"t-entry\"><h3 class=\"t-entry-title h3 title-scale\"><a href=\"https:\/\/jessgrove.co.uk\/fr\/cotton-and-cotton-blends-are-now-available\/\" target=\"_self\">Le coton et les m\u00e9langes de coton sont maintenant disponibles !<\/a><\/h3><div class=\"t-entry-excerpt\"><p>Nous sommes maintenant en mesure de proposer des gammes de coton et de polyester\/coton 100% \u00e0 des prix comp\u00e9titifs et sur stock. Ces deux rev\u00eatements produisent une couleur plus vraie et plus profonde....<\/p>\n<\/div><div class=\"spacer spacer-one half-space\"><\/div><p class=\"t-entry-readmore btn-container\"><a href=\"https:\/\/jessgrove.co.uk\/fr\/cotton-and-cotton-blends-are-now-available\/\" class=\"btn btn-default\" target=\"_self\">Lire la suite<\/a><\/p><\/div><\/div>\n\t\t\t\t\t\t\t<\/div><\/div><\/div><div class=\"tmb atc-typography-inherit tmb-grid tmb-iso-h4 tmb-light tmb-overlay-text-anim tmb-overlay-anim tmb-content-left tmb-image-anim tmb-bordered  grid-cat-3 tmb-id-158 tmb-img-ratio tmb-content-under tmb-media-first\" ><div class=\"t-inside style-color-xsdn-bg no-anim\" ><div class=\"t-entry-visual\"><div class=\"t-entry-visual-tc\"><div class=\"t-entry-visual-cont\"><div class=\"dummy\" style=\"padding-top: 75.1%;\"><\/div><a role=\"button\" tabindex=\"-1\" href=\"https:\/\/jessgrove.co.uk\/fr\/jessgrove-now-offering-bamboo-viscose-products\/\" class=\"pushed\" aria-label=\"Viscose de bambou\"  target=\"_self\" data-lb-index=\"6\"><div class=\"t-entry-visual-overlay\"><div class=\"t-entry-visual-overlay-in style-dark-bg\" style=\"opacity: 0.5;\"><\/div><\/div><img decoding=\"async\" class=\"wp-image-89\" src=\"https:\/\/jessgrove.co.uk\/wp-content\/uploads\/2022\/09\/Placeholder-07-uai-710x533.jpg\" width=\"710\" height=\"533\" alt=\"Viscose de bambou\" title=\"\"><\/a><\/div>\n\t\t\t\t\t<\/div>\n\t\t\t\t<\/div><div class=\"t-entry-text\">\n\t\t\t\t\t\t\t\t\t<div class=\"t-entry-text-tc single-block-padding\"><div class=\"t-entry\"><h3 class=\"t-entry-title h3 title-scale\"><a href=\"https:\/\/jessgrove.co.uk\/fr\/jessgrove-now-offering-bamboo-viscose-products\/\" target=\"_self\">Jessgrove propose d\u00e9sormais des produits en viscose de bambou<\/a><\/h3><div class=\"t-entry-excerpt\"><p>Jessgrove est \u00e0 la pointe de l'offre de nouvelles options durables pour les produits de doublure, notamment deux gammes de produits en viscose de bambou, un serg\u00e9 et un taffetas....<\/p>\n<\/div><div class=\"spacer spacer-one half-space\"><\/div><p class=\"t-entry-readmore btn-container\"><a href=\"https:\/\/jessgrove.co.uk\/fr\/jessgrove-now-offering-bamboo-viscose-products\/\" class=\"btn btn-default\" target=\"_self\">Lire la suite<\/a><\/p><\/div><\/div>\n\t\t\t\t\t\t\t<\/div><\/div><\/div>\t\t<\/div>\t\n\t\n\n\t<\/div>\t\t\t\t<\/div>\n<\/div><\/div><\/div><\/div><\/div><script id=\"script-row-unique-1\" data-row=\"script-row-unique-1\" type=\"text\/javascript\" class=\"vc_controls\">UNCODE.initRow(document.getElementById(\"row-unique-1\"));<\/script><\/div><\/div><\/div>\n<\/div>","protected":false},"excerpt":{"rendered":"Jessgrove now offering Bamboo Viscose productsJessgrove is at the forefront of offering new, sustainable options for lining products, including two [...]","protected":false},"author":4,"featured_media":0,"parent":0,"menu_order":0,"comment_status":"closed","ping_status":"closed","template":"","meta":{"_surecart_dashboard_logo_width":"180px","_surecart_dashboard_show_logo":true,"_surecart_dashboard_navigation_orders":true,"_surecart_dashboard_navigation_invoices":true,"_surecart_dashboard_navigation_subscriptions":true,"_surecart_dashboard_navigation_downloads":true,"_surecart_dashboard_navigation_billing":true,"_surecart_dashboard_navigation_account":true,"_monsterinsights_skip_tracking":false,"_monsterinsights_sitenote_active":false,"_monsterinsights_sitenote_note":"","_monsterinsights_sitenote_category":0,"footnotes":""},"class_list":["post-166","page","type-page","status-publish","hentry"],"_links":{"self":[{"href":"https:\/\/jessgrove.co.uk\/fr\/wp-json\/wp\/v2\/pages\/166","targetHints":{"allow":["GET"]}}],"collection":[{"href":"https:\/\/jessgrove.co.uk\/fr\/wp-json\/wp\/v2\/pages"}],"about":[{"href":"https:\/\/jessgrove.co.uk\/fr\/wp-json\/wp\/v2\/types\/page"}],"author":[{"embeddable":true,"href":"https:\/\/jessgrove.co.uk\/fr\/wp-json\/wp\/v2\/users\/4"}],"replies":[{"embeddable":true,"href":"https:\/\/jessgrove.co.uk\/fr\/wp-json\/wp\/v2\/comments?post=166"}],"version-history":[{"count":0,"href":"https:\/\/jessgrove.co.uk\/fr\/wp-json\/wp\/v2\/pages\/166\/revisions"}],"wp:attachment":[{"href":"https:\/\/jessgrove.co.uk\/fr\/wp-json\/wp\/v2\/media?parent=166"}],"curies":[{"name":"wp","href":"https:\/\/api.w.org\/{rel}","templated":true}]}}