{"id":616,"date":"2022-12-22T09:25:22","date_gmt":"2022-12-22T09:25:22","guid":{"rendered":"https:\/\/jessgrove.co.uk\/?page_id=616"},"modified":"2022-12-22T09:25:22","modified_gmt":"2022-12-22T09:25:22","slug":"condiciones-generales","status":"publish","type":"page","link":"https:\/\/jessgrove.co.uk\/es\/terms-and-conditions\/","title":{"rendered":"Condiciones generales"},"content":{"rendered":"<div class=\"wpb-content-wrapper\"><div data-parent=\"true\" class=\"vc_row has-bg need-focus style-accent-bg row-container\" id=\"row-unique-0\"><div class=\"row double-top-padding double-bottom-padding single-h-padding limit-width row-parent\"><div class=\"wpb_row row-inner\"><div class=\"wpb_column pos-middle pos-center align_center column_parent col-lg-12 single-internal-gutter\"><div class=\"uncol style-spec style-dark\"  ><div class=\"uncoltable\"><div class=\"uncell no-block-padding\" ><div class=\"uncont\" ><div class=\"vc_custom_heading_wrap\"><div class=\"heading-text el-text\" ><h1 class=\"fontsize-410071 text-color-xsdn-color\" ><span>Condiciones generales<\/span><\/h1><\/div><div class=\"clear\"><\/div><\/div><\/div><\/div><\/div><\/div><\/div><script id=\"script-row-unique-0\" data-row=\"script-row-unique-0\" type=\"text\/javascript\" class=\"vc_controls\">UNCODE.initRow(document.getElementById(\"row-unique-0\"));<\/script><\/div><\/div><\/div><div data-parent=\"true\" class=\"vc_row has-bg need-focus style-color-xsdn-bg row-container\" id=\"row-unique-1\"><div class=\"row double-top-padding double-bottom-padding single-h-padding limit-width row-parent\"><div class=\"wpb_row row-inner\"><div class=\"wpb_column pos-top pos-center align_left column_parent col-lg-12 single-internal-gutter\"><div class=\"uncol style-light\"  ><div class=\"uncoltable\"><div class=\"uncell no-block-padding\" ><div class=\"uncont\" ><div class=\"vc_custom_heading_wrap\"><div class=\"heading-text el-text\" ><h2 class=\"font-111111 h4 font-weight-400\" ><span>Bienvenido a nuestro sitio web.<\/span><\/h2><\/div><div class=\"clear\"><\/div><\/div><div class=\"uncode_text_column\" ><p>Si contin\u00faas navegando y utilizando este sitio web, aceptas cumplir y estar sujeto a los siguientes t\u00e9rminos y condiciones de uso, que junto con nuestra pol\u00edtica de privacidad rigen la relaci\u00f3n de Jessgrove contigo en relaci\u00f3n con este sitio web. Si no est\u00e1s de acuerdo con alguna parte de estos t\u00e9rminos y condiciones, no utilices nuestro sitio web.<\/p>\n<p>El t\u00e9rmino \"Jessgrove\" o \"nosotros\" se refiere al propietario del sitio web, cuyo domicilio social es Cross Lane Mills, Cross Lane, Bradford, BD7 3JT. Nuestro n\u00famero de registro de empresa es 1419182. El t\u00e9rmino \"t\u00fa\" se refiere al usuario o visitante de nuestro sitio web.<\/p>\n<h4>El uso de este sitio web est\u00e1 sujeto a las siguientes condiciones de uso:<\/h4>\n<p>El contenido de las p\u00e1ginas de este sitio web es s\u00f3lo para tu informaci\u00f3n y uso generales. Est\u00e1 sujeto a cambios sin previo aviso.<\/p>\n<p>Este sitio web utiliza cookies para controlar las preferencias de navegaci\u00f3n. Si permites el uso de cookies, podemos almacenar la siguiente informaci\u00f3n personal para que la utilicen terceros.<\/p>\n<p>Ni nosotros ni ning\u00fan tercero proporcionamos ninguna garant\u00eda en cuanto a la exactitud, puntualidad, rendimiento, integridad o idoneidad de la informaci\u00f3n y los materiales encontrados u ofrecidos en este sitio web para cualquier fin concreto. Reconoces que dicha informaci\u00f3n y materiales pueden contener inexactitudes o errores y excluimos expresamente toda responsabilidad por tales inexactitudes o errores en la m\u00e1xima medida permitida por la ley.<\/p>\n<p>El uso que hagas de cualquier informaci\u00f3n o material de este sitio web es enteramente por tu cuenta y riesgo, por lo que no seremos responsables. Ser\u00e1 responsabilidad tuya asegurarte de que cualquier producto, servicio o informaci\u00f3n disponible a trav\u00e9s de este sitio web satisface tus necesidades espec\u00edficas.<\/p>\n<p>Este sitio web contiene material que nos pertenece o para el que tenemos licencia. Este material incluye, entre otros, el dise\u00f1o, la disposici\u00f3n, el aspecto, la apariencia y los gr\u00e1ficos. Queda prohibida su reproducci\u00f3n salvo de conformidad con el aviso de copyright, que forma parte de estas condiciones.<\/p>\n<p>Todas las marcas reproducidas en este sitio web que no sean propiedad del operador ni est\u00e9n autorizadas por \u00e9ste se reconocen en el sitio web.<\/p>\n<p>El uso no autorizado de este sitio web puede dar lugar a una reclamaci\u00f3n por da\u00f1os y perjuicios y\/o constituir un delito.<\/p>\n<p>De vez en cuando, este sitio web tambi\u00e9n puede incluir enlaces a otros sitios web. Estos enlaces se facilitan para tu comodidad con el fin de proporcionarte m\u00e1s informaci\u00f3n. No significan que aprobemos el\/los sitio(s) web. No somos responsables del contenido de los sitios web enlazados.<\/p>\n<p>Tu uso de este sitio web y cualquier disputa que surja de dicho uso del sitio web est\u00e1n sujetos a las leyes de Inglaterra, Irlanda del Norte, Escocia y Gales.<\/p>\n<\/div><\/div><\/div><\/div><\/div><\/div><script id=\"script-row-unique-1\" data-row=\"script-row-unique-1\" type=\"text\/javascript\" class=\"vc_controls\">UNCODE.initRow(document.getElementById(\"row-unique-1\"));<\/script><\/div><\/div><\/div>\n<\/div>","protected":false},"excerpt":{"rendered":"Terms &#038; ConditionsWelcome to our website.If you continue to browse and use this website, you are agreeing to comply with [...]","protected":false},"author":4,"featured_media":0,"parent":0,"menu_order":0,"comment_status":"closed","ping_status":"closed","template":"","meta":{"_surecart_dashboard_logo_width":"180px","_surecart_dashboard_show_logo":true,"_surecart_dashboard_navigation_orders":true,"_surecart_dashboard_navigation_invoices":true,"_surecart_dashboard_navigation_subscriptions":true,"_surecart_dashboard_navigation_downloads":true,"_surecart_dashboard_navigation_billing":true,"_surecart_dashboard_navigation_account":true,"_monsterinsights_skip_tracking":false,"_monsterinsights_sitenote_active":false,"_monsterinsights_sitenote_note":"","_monsterinsights_sitenote_category":0,"footnotes":""},"class_list":["post-616","page","type-page","status-publish","hentry"],"_links":{"self":[{"href":"https:\/\/jessgrove.co.uk\/es\/wp-json\/wp\/v2\/pages\/616","targetHints":{"allow":["GET"]}}],"collection":[{"href":"https:\/\/jessgrove.co.uk\/es\/wp-json\/wp\/v2\/pages"}],"about":[{"href":"https:\/\/jessgrove.co.uk\/es\/wp-json\/wp\/v2\/types\/page"}],"author":[{"embeddable":true,"href":"https:\/\/jessgrove.co.uk\/es\/wp-json\/wp\/v2\/users\/4"}],"replies":[{"embeddable":true,"href":"https:\/\/jessgrove.co.uk\/es\/wp-json\/wp\/v2\/comments?post=616"}],"version-history":[{"count":0,"href":"https:\/\/jessgrove.co.uk\/es\/wp-json\/wp\/v2\/pages\/616\/revisions"}],"wp:attachment":[{"href":"https:\/\/jessgrove.co.uk\/es\/wp-json\/wp\/v2\/media?parent=616"}],"curies":[{"name":"wp","href":"https:\/\/api.w.org\/{rel}","templated":true}]}}