{"id":500,"date":"2022-12-21T12:52:50","date_gmt":"2022-12-21T12:52:50","guid":{"rendered":"https:\/\/jessgrove.co.uk\/?page_id=500"},"modified":"2022-12-21T15:02:36","modified_gmt":"2022-12-21T15:02:36","slug":"sostenibilidad","status":"publish","type":"page","link":"https:\/\/jessgrove.co.uk\/es\/sustainability\/","title":{"rendered":"Sostenibilidad"},"content":{"rendered":"<div class=\"wpb-content-wrapper\"><div data-parent=\"true\" class=\"vc_row has-bg need-focus style-color-wayh-bg row-container\" id=\"row-unique-0\"><div class=\"row-background background-element\">\n\t\t\t\t\t\t\t\t\t\t\t<div class=\"background-wrapper\">\n\t\t\t\t\t\t\t\t\t\t\t\t<div class=\"background-inner\" style=\"background-image: url(https:\/\/jessgrove.co.uk\/wp-content\/uploads\/2022\/12\/Sustainability-header-bg.jpg);background-repeat: no-repeat;background-position: center center;background-attachment: scroll;background-size: cover;\"><\/div>\n\t\t\t\t\t\t\t\t\t\t\t\t<div class=\"block-bg-overlay style-color-jevc-bg\" style=\"opacity: 0.3;\"><\/div>\n\t\t\t\t\t\t\t\t\t\t\t<\/div>\n\t\t\t\t\t\t\t\t\t\t<\/div><div class=\"row quad-top-padding quad-bottom-padding single-h-padding limit-width row-parent\" data-height-ratio=\"50\"><div class=\"wpb_row row-inner\"><div class=\"wpb_column pos-middle pos-center align_left column_parent col-lg-12 half-internal-gutter\"><div class=\"uncol style-spec style-dark\"  ><div class=\"uncoltable\"><div class=\"uncell no-block-padding\" ><div class=\"uncont\" ><div class=\"vc_custom_heading_wrap\"><div class=\"heading-text el-text\" ><h1 class=\"font-111111 h6 font-weight-400\" ><span>| Sostenibilidad<\/span><\/h1><\/div><div class=\"clear\"><\/div><\/div><div class=\"vc_custom_heading_wrap\"><div class=\"heading-text el-text\" ><h3 class=\"fontsize-913426\" ><span>Trabajar por un futuro m\u00e1s sostenible<\/span><\/h3><\/div><div class=\"clear\"><\/div><\/div><div class=\"empty-space empty-single\" ><span class=\"empty-space-inner\"><\/span><\/div>\n<\/div><\/div><\/div><\/div><\/div><script id=\"script-row-unique-0\" data-row=\"script-row-unique-0\" type=\"text\/javascript\" class=\"vc_controls\">UNCODE.initRow(document.getElementById(\"row-unique-0\"));<\/script><\/div><\/div><\/div><div data-parent=\"true\" class=\"vc_row has-bg need-focus style-color-xsdn-bg row-container\" id=\"row-unique-1\"><div class=\"row double-top-padding double-bottom-padding single-h-padding limit-width row-parent\"><div class=\"wpb_row row-inner\"><div class=\"wpb_column pos-top pos-center align_left column_parent col-lg-8 single-internal-gutter\"><div class=\"uncol style-light\"  ><div class=\"uncoltable\"><div class=\"uncell no-block-padding\" ><div class=\"uncont\" ><div class=\"vc_custom_heading_wrap\"><div class=\"heading-text el-text\" ><h3 class=\"font-111111 h4 font-weight-400\" ><span>El mundo actual es muy distinto del que exist\u00eda cuando se fund\u00f3 Jessgrove en 1983.<\/span><\/h3><\/div><div class=\"clear\"><\/div><\/div><div class=\"uncode_text_column\" ><p>Las prioridades han cambiado y ahora todos somos mucho m\u00e1s conscientes de la importancia de la sostenibilidad.<\/p>\n<p>Esto se refleja en todas las \u00e1reas de nuestro negocio, desde los tejidos y forros que suministramos hasta la necesidad de minimizar las distancias que recorren desde nuestros centros de distribuci\u00f3n hasta nuestros clientes.<\/p>\n<p>As\u00ed que encontrar\u00e1s una selecci\u00f3n de productos de algod\u00f3n y viscosa sostenibles, junto con poli\u00e9ster reciclado y una gama a\u00fan m\u00e1s amplia que se ampl\u00eda constantemente. Muchos de estos productos proceden de proveedores con certificaci\u00f3n completa de la Norma Textil Ecol\u00f3gica Mundial. Tambi\u00e9n ofrecemos una gama de tejidos de poli\u00e9ster REPREVE, muchos de ellos fabricados con botellas de pl\u00e1stico recicladas.<\/p>\n<p>Al centrarnos en la producci\u00f3n y distribuci\u00f3n europeas, podemos utilizar una cadena de suministro corta y transparente que tiene un impacto medioambiental m\u00ednimo. Y, al trabajar con socios certificados y de confianza, podemos garantizar que todos comparten la misma visi\u00f3n que nosotros.<\/p>\n<\/div><\/div><\/div><\/div><\/div><\/div><div class=\"wpb_column pos-top pos-center align_left column_parent col-lg-4 single-internal-gutter\"><div class=\"uncol style-light\"  ><div class=\"uncoltable\"><div class=\"uncell no-block-padding\" ><div class=\"uncont\" ><div class=\"uncode-single-media  text-left\"><div class=\"single-wrapper\" style=\"max-width: 100%;\"><div class=\"tmb tmb-light  tmb-media-first tmb-media-last tmb-content-overlay tmb-no-bg\"><div class=\"t-inside\"><div class=\"t-entry-visual\"><div class=\"t-entry-visual-tc\"><div class=\"uncode-single-media-wrapper\"><img decoding=\"async\" class=\"wp-image-191\" src=\"https:\/\/jessgrove.co.uk\/wp-content\/uploads\/2022\/12\/Recycled.jpg\" width=\"1000\" height=\"1000\" alt=\"Reciclado\" title=\"\" srcset=\"https:\/\/jessgrove.co.uk\/wp-content\/uploads\/2022\/12\/Recycled.jpg 1000w, https:\/\/jessgrove.co.uk\/wp-content\/uploads\/2022\/12\/Recycled-300x300.jpg 300w, https:\/\/jessgrove.co.uk\/wp-content\/uploads\/2022\/12\/Recycled-150x150.jpg 150w, https:\/\/jessgrove.co.uk\/wp-content\/uploads\/2022\/12\/Recycled-768x768.jpg 768w, https:\/\/jessgrove.co.uk\/wp-content\/uploads\/2022\/12\/Recycled-12x12.jpg 12w, https:\/\/jessgrove.co.uk\/wp-content\/uploads\/2022\/12\/Recycled-350x350.jpg 350w, https:\/\/jessgrove.co.uk\/wp-content\/uploads\/2022\/12\/Recycled-348x348.jpg 348w\" sizes=\"(max-width: 1000px) 100vw, 1000px\"><\/div>\n\t\t\t\t\t<\/div>\n\t\t\t\t<\/div><\/div><\/div><\/div><\/div><\/div><\/div><\/div><\/div><\/div><script id=\"script-row-unique-1\" data-row=\"script-row-unique-1\" type=\"text\/javascript\" class=\"vc_controls\">UNCODE.initRow(document.getElementById(\"row-unique-1\"));<\/script><\/div><\/div><\/div><div data-parent=\"true\" class=\"vc_row has-bg need-focus style-color-xsdn-bg row-container\" id=\"row-unique-3\"><div class=\"row-background background-element\">\n\t\t\t\t\t\t\t\t\t\t\t<div class=\"background-wrapper\">\n\t\t\t\t\t\t\t\t\t\t\t\t<div class=\"background-inner\" style=\"background-image: url(https:\/\/jessgrove.co.uk\/wp-content\/uploads\/2022\/09\/Placeholder-03.jpg);background-repeat: no-repeat;background-position: center center;background-attachment: fixed;background-size: cover;\"><\/div>\n\t\t\t\t\t\t\t\t\t\t\t\t\n\t\t\t\t\t\t\t\t\t\t\t<\/div>\n\t\t\t\t\t\t\t\t\t\t<\/div><div class=\"row triple-top-padding triple-bottom-padding double-h-padding full-width row-parent\"><div class=\"wpb_row row-inner\"><div class=\"wpb_column pos-top pos-center align_left column_parent col-lg-12 overflow-hidden single-internal-gutter\"><div class=\"uncol style-light\"  ><div class=\"uncoltable\"><div class=\"uncell no-block-padding\" ><div class=\"uncont\" ><div class=\"vc_row row-internal row-container\"><div class=\"row unequal col-no-gutter row-child\" data-height=\"100\"><div class=\"wpb_row row-inner\"><div class=\"wpb_column pos-top pos-center align_left column_child col-lg-1 single-internal-gutter\"><div class=\"uncol style-light\" ><div class=\"uncoltable\"><div class=\"uncell no-block-padding\" ><div class=\"uncont\" ><\/div><\/div><\/div><\/div><\/div><div class=\"wpb_column pos-top pos-center align_left column_child col-lg-6 half-internal-gutter\"><div class=\"uncol style-spec style-dark\" ><div class=\"uncoltable\"><div class=\"uncell triple-block-padding style-accent-bg\" ><div class=\"uncont\" ><div class=\"empty-space empty-single desktop-hidden\" ><span class=\"empty-space-inner\"><\/span><\/div>\n<div class=\"vc_custom_heading_wrap\"><div class=\"heading-text el-text\" ><h2 class=\"fontsize-913426\" ><span>P\u00f3ngase en contacto<\/span><\/h2><\/div><div class=\"clear\"><\/div><\/div><div class=\"vc_custom_heading_wrap\"><div class=\"heading-text el-text\" ><h3 class=\"h2\" ><span>Tenemos m\u00e1s de ocho millones de metros en stock, listos para su env\u00edo inmediato a toda Europa.<\/span><\/h3><\/div><div class=\"clear\"><\/div><\/div><div class=\"empty-space empty-half\" ><span class=\"empty-space-inner\"><\/span><\/div>\n<div class=\"divider-wrapper\"  >\n    <hr class=\"unseparator border-,Default-color separator-no-padding\"  style=\"border-top-width: 8px;\" \/>\n<\/div>\n<div class=\"empty-space empty-half\" ><span class=\"empty-space-inner\"><\/span><\/div>\n<span class=\"btn-container\" ><a role=\"button\"  href=\"https:\/\/jessgrove.co.uk\/es\/ponte-en-contacto-con\/\" class=\"custom-link btn border-width-0 btn-default btn-icon-left\" title=\"Contacte con\" target=\"_blank\">Contacto &gt;<\/a><\/span><\/div><\/div><\/div><\/div><\/div><div class=\"wpb_column pos-middle pos-center align_left column_child col-lg-5 tablet-hidden mobile-hidden single-internal-gutter z_index_1\"><div class=\"uncol style-light\" ><div class=\"uncoltable\"><div class=\"uncell no-block-padding\" ><div class=\"uncont\" ><\/div><\/div><\/div><\/div><\/div><\/div><\/div><\/div><\/div><\/div><\/div><\/div><\/div><script id=\"script-row-unique-3\" data-row=\"script-row-unique-3\" type=\"text\/javascript\" class=\"vc_controls\">UNCODE.initRow(document.getElementById(\"row-unique-3\"));<\/script><\/div><\/div><\/div>\n<\/div>","protected":false},"excerpt":{"rendered":"| Sustainability |Working for a more sustainable future It\u2019s a very different world today compared with when Jessgrove was first [...]","protected":false},"author":4,"featured_media":501,"parent":0,"menu_order":0,"comment_status":"closed","ping_status":"closed","template":"","meta":{"_surecart_dashboard_logo_width":"180px","_surecart_dashboard_show_logo":true,"_surecart_dashboard_navigation_orders":true,"_surecart_dashboard_navigation_invoices":true,"_surecart_dashboard_navigation_subscriptions":true,"_surecart_dashboard_navigation_downloads":true,"_surecart_dashboard_navigation_billing":true,"_surecart_dashboard_navigation_account":true,"_monsterinsights_skip_tracking":false,"_monsterinsights_sitenote_active":false,"_monsterinsights_sitenote_note":"","_monsterinsights_sitenote_category":0,"footnotes":""},"class_list":["post-500","page","type-page","status-publish","has-post-thumbnail","hentry"],"_links":{"self":[{"href":"https:\/\/jessgrove.co.uk\/es\/wp-json\/wp\/v2\/pages\/500","targetHints":{"allow":["GET"]}}],"collection":[{"href":"https:\/\/jessgrove.co.uk\/es\/wp-json\/wp\/v2\/pages"}],"about":[{"href":"https:\/\/jessgrove.co.uk\/es\/wp-json\/wp\/v2\/types\/page"}],"author":[{"embeddable":true,"href":"https:\/\/jessgrove.co.uk\/es\/wp-json\/wp\/v2\/users\/4"}],"replies":[{"embeddable":true,"href":"https:\/\/jessgrove.co.uk\/es\/wp-json\/wp\/v2\/comments?post=500"}],"version-history":[{"count":0,"href":"https:\/\/jessgrove.co.uk\/es\/wp-json\/wp\/v2\/pages\/500\/revisions"}],"wp:featuredmedia":[{"embeddable":true,"href":"https:\/\/jessgrove.co.uk\/es\/wp-json\/wp\/v2\/media\/501"}],"wp:attachment":[{"href":"https:\/\/jessgrove.co.uk\/es\/wp-json\/wp\/v2\/media?parent=500"}],"curies":[{"name":"wp","href":"https:\/\/api.w.org\/{rel}","templated":true}]}}