{"id":3,"date":"2021-01-26T09:22:34","date_gmt":"2021-01-26T09:22:34","guid":{"rendered":"https:\/\/jessgrove.co.uk\/?page_id=3"},"modified":"2022-12-22T09:23:06","modified_gmt":"2022-12-22T09:23:06","slug":"politica-de-privacidad","status":"publish","type":"page","link":"https:\/\/jessgrove.co.uk\/es\/privacy-policy\/","title":{"rendered":"Pol\u00edtica de privacidad"},"content":{"rendered":"<div class=\"wpb-content-wrapper\"><div data-parent=\"true\" class=\"vc_row has-bg need-focus style-accent-bg row-container\" id=\"row-unique-0\"><div class=\"row double-top-padding double-bottom-padding single-h-padding limit-width row-parent\"><div class=\"wpb_row row-inner\"><div class=\"wpb_column pos-middle pos-center align_center column_parent col-lg-12 single-internal-gutter\"><div class=\"uncol style-spec style-dark\"  ><div class=\"uncoltable\"><div class=\"uncell no-block-padding\" ><div class=\"uncont\" ><div class=\"vc_custom_heading_wrap\"><div class=\"heading-text el-text\" ><h1 class=\"fontsize-410071 text-color-xsdn-color\" ><span>Pol\u00edtica de privacidad<\/span><\/h1><\/div><div class=\"clear\"><\/div><\/div><\/div><\/div><\/div><\/div><\/div><script id=\"script-row-unique-0\" data-row=\"script-row-unique-0\" type=\"text\/javascript\" class=\"vc_controls\">UNCODE.initRow(document.getElementById(\"row-unique-0\"));<\/script><\/div><\/div><\/div><div data-parent=\"true\" class=\"vc_row has-bg need-focus style-color-xsdn-bg row-container\" id=\"row-unique-1\"><div class=\"row double-top-padding double-bottom-padding single-h-padding limit-width row-parent\"><div class=\"wpb_row row-inner\"><div class=\"wpb_column pos-top pos-center align_left column_parent col-lg-12 single-internal-gutter\"><div class=\"uncol style-light\"  ><div class=\"uncoltable\"><div class=\"uncell no-block-padding\" ><div class=\"uncont\" ><div class=\"vc_custom_heading_wrap\"><div class=\"heading-text el-text\" ><h2 class=\"font-111111 h4 font-weight-400\" ><span>El Grupo Jessgrove (\"Nosotros\") se compromete a proteger y respetar tu privacidad.<\/span><\/h2><\/div><div class=\"clear\"><\/div><\/div><div class=\"uncode_text_column\" ><p>Esta pol\u00edtica establece las bases sobre las que trataremos los datos personales que recojamos de ti o que nos facilites. Te rogamos que leas atentamente lo que sigue para comprender nuestros puntos de vista y pr\u00e1cticas en relaci\u00f3n con tus datos personales y c\u00f3mo los trataremos. Guardamos cierta informaci\u00f3n b\u00e1sica cuando visitas nuestro sitio web y reconocemos la importancia de mantener esa informaci\u00f3n segura e informarte de lo que haremos con ella.<\/p>\n<p>A efectos de la Ley de Protecci\u00f3n de Datos de 1998 (la Ley), el responsable del tratamiento de los datos es Jessgrove, Cross Lane Mills, Cross Lane, Bradford, BD7 3JT<\/p>\n<p>Si abandonas nuestro sitio a trav\u00e9s de un enlace o de otro modo, estar\u00e1s sujeto a la pol\u00edtica del proveedor de ese sitio web. No tenemos ning\u00fan control sobre esa pol\u00edtica o las condiciones del sitio web y debes comprobar su pol\u00edtica antes de seguir accediendo al sitio.<\/p>\n<h4>Informaci\u00f3n que podemos recabar de ti<\/h4>\n<p>Podemos recoger y procesar los siguientes datos sobre ti:<\/p>\n<ol>\n<li>Informaci\u00f3n que proporcionas al rellenar formularios en nuestro sitio. Esto incluye la informaci\u00f3n proporcionada en el momento de registrarte para utilizar nuestro sitio, suscribirte a nuestro servicio o solicitar otros servicios. Tambi\u00e9n podemos pedirte informaci\u00f3n cuando nos comuniques un problema con nuestro sitio.<\/li>\n<li>Si te pones en contacto con nosotros, podemos conservar un registro de esa correspondencia.<\/li>\n<li>Tambi\u00e9n podemos pedirte que completes encuestas que utilizamos con fines de investigaci\u00f3n, aunque no est\u00e1s obligado a responderlas.<\/li>\n<li>Detalles de tus visitas a nuestro sitio, incluidos, entre otros, datos de tr\u00e1fico, datos de ubicaci\u00f3n, weblogs, sistema operativo, uso del navegador y otros datos de comunicaci\u00f3n, tanto si son necesarios para nuestros propios fines de facturaci\u00f3n como si no, y los recursos a los que accedes.<\/li>\n<\/ol>\n<h4>Direcciones IP<\/h4>\n<p>Podemos recoger informaci\u00f3n sobre tu ordenador, incluyendo cuando est\u00e9 disponible tu direcci\u00f3n IP, sistema operativo y tipo de navegador, para la administraci\u00f3n del sistema y para comunicar informaci\u00f3n agregada a nuestros anunciantes. Se trata de datos estad\u00edsticos sobre las acciones y pautas de navegaci\u00f3n de nuestros usuarios, no identifican a ninguna persona y no recopilaremos informaci\u00f3n personal de este modo.<\/p>\n<h4>Tus derechos<\/h4>\n<p>Tienes derecho a pedirnos que no procesemos tus datos personales con fines de marketing. Normalmente te informaremos (antes de recoger tus datos) si tenemos la intenci\u00f3n de utilizar tus datos para tales fines o si tenemos la intenci\u00f3n de revelar tu informaci\u00f3n a terceros para tales fines. Puedes ejercer tu derecho a impedir dicho tratamiento marcando determinadas casillas en los formularios que utilizamos para recoger tus datos. Tambi\u00e9n puedes ejercer el derecho en cualquier momento poni\u00e9ndote en contacto con nosotros en Jessgrove, Cross Lane Mills, Cross Lane, Bradford, BD7 3JT.<\/p>\n<p>Nuestro sitio puede, de vez en cuando, contener enlaces hacia y desde los sitios web de nuestras redes asociadas, anunciantes y afiliados. Si sigues un enlace a cualquiera de estos sitios web, ten en cuenta que estos sitios web tienen sus propias pol\u00edticas de privacidad y que no aceptamos ninguna responsabilidad u obligaci\u00f3n por estas pol\u00edticas. Comprueba estas pol\u00edticas antes de enviar cualquier dato personal a estos sitios web.<\/p>\n<h4>Acceso a la informaci\u00f3n<\/h4>\n<p>La Ley te da derecho a acceder a la informaci\u00f3n que se tiene sobre ti. Tu derecho de acceso puede ejercerse de acuerdo con la Ley. Toda solicitud de acceso puede estar sujeta al pago de una tasa de 10 libras esterlinas para sufragar los gastos que nos ocasione facilitarte los datos que tenemos sobre ti.<\/p>\n<h4>Cambios en nuestra pol\u00edtica de privacidad<\/h4>\n<p>Cualquier cambio que podamos introducir en nuestra pol\u00edtica de privacidad en el futuro se publicar\u00e1 en esta p\u00e1gina y, cuando proceda, se te notificar\u00e1 por correo electr\u00f3nico. No obstante, te aconsejamos que consultes esta p\u00e1gina con regularidad para mantenerte al d\u00eda de cualquier cambio necesario.<\/p>\n<h4>Contacte con<\/h4>\n<p>Las preguntas, comentarios y solicitudes sobre esta pol\u00edtica de privacidad son bienvenidos y deben dirigirse a Jessgrove, Cross Lane Mills, Cross Lane, Bradford, BD7 3JT.<\/p>\n<p>\n<\/div><\/div><\/div><\/div><\/div><\/div><script id=\"script-row-unique-1\" data-row=\"script-row-unique-1\" type=\"text\/javascript\" class=\"vc_controls\">UNCODE.initRow(document.getElementById(\"row-unique-1\"));<\/script><\/div><\/div><\/div>\n<\/div>","protected":false},"excerpt":{"rendered":"Privacy PolicyThe Jessgrove Group (\u201cWe\u201d) are committed to protecting and respecting your privacy.This policy sets out the basis on which [...]","protected":false},"author":4,"featured_media":0,"parent":0,"menu_order":0,"comment_status":"closed","ping_status":"closed","template":"","meta":{"_surecart_dashboard_logo_width":"180px","_surecart_dashboard_show_logo":true,"_surecart_dashboard_navigation_orders":true,"_surecart_dashboard_navigation_invoices":true,"_surecart_dashboard_navigation_subscriptions":true,"_surecart_dashboard_navigation_downloads":true,"_surecart_dashboard_navigation_billing":true,"_surecart_dashboard_navigation_account":true,"_monsterinsights_skip_tracking":false,"_monsterinsights_sitenote_active":false,"_monsterinsights_sitenote_note":"","_monsterinsights_sitenote_category":0,"footnotes":""},"class_list":["post-3","page","type-page","status-publish","hentry"],"_links":{"self":[{"href":"https:\/\/jessgrove.co.uk\/es\/wp-json\/wp\/v2\/pages\/3","targetHints":{"allow":["GET"]}}],"collection":[{"href":"https:\/\/jessgrove.co.uk\/es\/wp-json\/wp\/v2\/pages"}],"about":[{"href":"https:\/\/jessgrove.co.uk\/es\/wp-json\/wp\/v2\/types\/page"}],"author":[{"embeddable":true,"href":"https:\/\/jessgrove.co.uk\/es\/wp-json\/wp\/v2\/users\/4"}],"replies":[{"embeddable":true,"href":"https:\/\/jessgrove.co.uk\/es\/wp-json\/wp\/v2\/comments?post=3"}],"version-history":[{"count":0,"href":"https:\/\/jessgrove.co.uk\/es\/wp-json\/wp\/v2\/pages\/3\/revisions"}],"wp:attachment":[{"href":"https:\/\/jessgrove.co.uk\/es\/wp-json\/wp\/v2\/media?parent=3"}],"curies":[{"name":"wp","href":"https:\/\/api.w.org\/{rel}","templated":true}]}}