{"id":616,"date":"2022-12-22T09:25:22","date_gmt":"2022-12-22T09:25:22","guid":{"rendered":"https:\/\/jessgrove.co.uk\/?page_id=616"},"modified":"2022-12-22T09:25:22","modified_gmt":"2022-12-22T09:25:22","slug":"bedingungen-und-konditionen","status":"publish","type":"page","link":"https:\/\/jessgrove.co.uk\/de\/terms-and-conditions\/","title":{"rendered":"Bedingungen &amp; Konditionen"},"content":{"rendered":"<div class=\"wpb-content-wrapper\"><div data-parent=\"true\" class=\"vc_row has-bg need-focus style-accent-bg row-container\" id=\"row-unique-0\"><div class=\"row double-top-padding double-bottom-padding single-h-padding limit-width row-parent\"><div class=\"wpb_row row-inner\"><div class=\"wpb_column pos-middle pos-center align_center column_parent col-lg-12 single-internal-gutter\"><div class=\"uncol style-spec style-dark\"  ><div class=\"uncoltable\"><div class=\"uncell no-block-padding\" ><div class=\"uncont\" ><div class=\"vc_custom_heading_wrap\"><div class=\"heading-text el-text\" ><h1 class=\"fontsize-410071 text-color-xsdn-color\" ><span>Bedingungen &amp; Konditionen<\/span><\/h1><\/div><div class=\"clear\"><\/div><\/div><\/div><\/div><\/div><\/div><\/div><script id=\"script-row-unique-0\" data-row=\"script-row-unique-0\" type=\"text\/javascript\" class=\"vc_controls\">UNCODE.initRow(document.getElementById(\"row-unique-0\"));<\/script><\/div><\/div><\/div><div data-parent=\"true\" class=\"vc_row has-bg need-focus style-color-xsdn-bg row-container\" id=\"row-unique-1\"><div class=\"row double-top-padding double-bottom-padding single-h-padding limit-width row-parent\"><div class=\"wpb_row row-inner\"><div class=\"wpb_column pos-top pos-center align_left column_parent col-lg-12 single-internal-gutter\"><div class=\"uncol style-light\"  ><div class=\"uncoltable\"><div class=\"uncell no-block-padding\" ><div class=\"uncont\" ><div class=\"vc_custom_heading_wrap\"><div class=\"heading-text el-text\" ><h2 class=\"font-111111 h4 font-weight-400\" ><span>Willkommen auf unserer Website.<\/span><\/h2><\/div><div class=\"clear\"><\/div><\/div><div class=\"uncode_text_column\" ><p>Wenn du diese Website weiter nutzt, erkl\u00e4rst du dich damit einverstanden, die folgenden Nutzungsbedingungen einzuhalten, die zusammen mit unserer Datenschutzrichtlinie die Beziehung zwischen Jessgrove und dir in Bezug auf diese Website regeln. Wenn du mit einem Teil dieser Bedingungen nicht einverstanden bist, benutze unsere Website bitte nicht.<\/p>\n<p>Der Begriff \"Jessgrove\" oder \"uns\" oder \"wir\" bezieht sich auf den Eigent\u00fcmer der Website, dessen eingetragener Sitz Cross Lane Mills, Cross Lane, Bradford, BD7 3JT ist. Unsere Firmenregisternummer lautet 1419182. Der Begriff \"Sie\" bezieht sich auf den Nutzer oder Betrachter unserer Website.<\/p>\n<h4>Die Nutzung dieser Website unterliegt den folgenden Nutzungsbedingungen:<\/h4>\n<p>Der Inhalt der Seiten dieser Website dient nur zu deiner allgemeinen Information und Nutzung. Er kann ohne vorherige Ank\u00fcndigung ge\u00e4ndert werden.<\/p>\n<p>Diese Website verwendet Cookies, um deine Surfgewohnheiten zu \u00fcberwachen. Wenn du die Verwendung von Cookies zul\u00e4sst, k\u00f6nnen die folgenden pers\u00f6nlichen Daten von uns gespeichert und von Dritten verwendet werden.<\/p>\n<p>Weder wir noch Dritte \u00fcbernehmen eine Gew\u00e4hrleistung oder Garantie f\u00fcr die Richtigkeit, Aktualit\u00e4t, Leistung, Vollst\u00e4ndigkeit oder Eignung der Informationen und Materialien, die auf dieser Website zu finden sind oder angeboten werden, f\u00fcr einen bestimmten Zweck. Du nimmst zur Kenntnis, dass diese Informationen und Materialien Ungenauigkeiten oder Fehler enthalten k\u00f6nnen, und wir schlie\u00dfen die Haftung f\u00fcr solche Ungenauigkeiten oder Fehler ausdr\u00fccklich aus, soweit dies gesetzlich zul\u00e4ssig ist.<\/p>\n<p>Die Nutzung von Informationen oder Materialien auf dieser Website erfolgt ausschlie\u00dflich auf eigenes Risiko, f\u00fcr das wir nicht haften. Es liegt in deiner eigenen Verantwortung, sicherzustellen, dass die auf dieser Website angebotenen Produkte, Dienstleistungen oder Informationen deinen spezifischen Anforderungen entsprechen.<\/p>\n<p>Diese Website enth\u00e4lt Material, das uns geh\u00f6rt oder an uns lizenziert ist. Zu diesem Material geh\u00f6ren unter anderem das Design, das Layout, das Aussehen, das Erscheinungsbild und die Grafiken. Die Vervielf\u00e4ltigung ist nur in \u00dcbereinstimmung mit dem Urheberrechtsvermerk gestattet, der Teil dieser Gesch\u00e4ftsbedingungen ist.<\/p>\n<p>Alle auf dieser Website wiedergegebenen Marken, die nicht Eigentum des Betreibers sind oder f\u00fcr die er eine Lizenz besitzt, werden auf der Website angegeben.<\/p>\n<p>Die unbefugte Nutzung dieser Website kann zu Schadensersatzanspr\u00fcchen f\u00fchren und\/oder eine Straftat darstellen.<\/p>\n<p>Von Zeit zu Zeit kann diese Website auch Links zu anderen Websites enthalten. Diese Links dienen dazu, dir weitere Informationen zur Verf\u00fcgung zu stellen. Sie bedeuten nicht, dass wir die Website(s) guthei\u00dfen. Wir \u00fcbernehmen keine Verantwortung f\u00fcr den Inhalt der verlinkten Website(s).<\/p>\n<p>Deine Nutzung dieser Website und alle Streitigkeiten, die sich aus dieser Nutzung der Website ergeben, unterliegen den Gesetzen von England, Nordirland, Schottland und Wales.<\/p>\n<\/div><\/div><\/div><\/div><\/div><\/div><script id=\"script-row-unique-1\" data-row=\"script-row-unique-1\" type=\"text\/javascript\" class=\"vc_controls\">UNCODE.initRow(document.getElementById(\"row-unique-1\"));<\/script><\/div><\/div><\/div>\n<\/div>","protected":false},"excerpt":{"rendered":"Terms &#038; ConditionsWelcome to our website.If you continue to browse and use this website, you are agreeing to comply with [...]","protected":false},"author":4,"featured_media":0,"parent":0,"menu_order":0,"comment_status":"closed","ping_status":"closed","template":"","meta":{"_surecart_dashboard_logo_width":"180px","_surecart_dashboard_show_logo":true,"_surecart_dashboard_navigation_orders":true,"_surecart_dashboard_navigation_invoices":true,"_surecart_dashboard_navigation_subscriptions":true,"_surecart_dashboard_navigation_downloads":true,"_surecart_dashboard_navigation_billing":true,"_surecart_dashboard_navigation_account":true,"_monsterinsights_skip_tracking":false,"_monsterinsights_sitenote_active":false,"_monsterinsights_sitenote_note":"","_monsterinsights_sitenote_category":0,"footnotes":""},"class_list":["post-616","page","type-page","status-publish","hentry"],"_links":{"self":[{"href":"https:\/\/jessgrove.co.uk\/de\/wp-json\/wp\/v2\/pages\/616","targetHints":{"allow":["GET"]}}],"collection":[{"href":"https:\/\/jessgrove.co.uk\/de\/wp-json\/wp\/v2\/pages"}],"about":[{"href":"https:\/\/jessgrove.co.uk\/de\/wp-json\/wp\/v2\/types\/page"}],"author":[{"embeddable":true,"href":"https:\/\/jessgrove.co.uk\/de\/wp-json\/wp\/v2\/users\/4"}],"replies":[{"embeddable":true,"href":"https:\/\/jessgrove.co.uk\/de\/wp-json\/wp\/v2\/comments?post=616"}],"version-history":[{"count":0,"href":"https:\/\/jessgrove.co.uk\/de\/wp-json\/wp\/v2\/pages\/616\/revisions"}],"wp:attachment":[{"href":"https:\/\/jessgrove.co.uk\/de\/wp-json\/wp\/v2\/media?parent=616"}],"curies":[{"name":"wp","href":"https:\/\/api.w.org\/{rel}","templated":true}]}}