{"id":3,"date":"2021-01-26T09:22:34","date_gmt":"2021-01-26T09:22:34","guid":{"rendered":"https:\/\/jessgrove.co.uk\/?page_id=3"},"modified":"2022-12-22T09:23:06","modified_gmt":"2022-12-22T09:23:06","slug":"datenschutzbestimmungen","status":"publish","type":"page","link":"https:\/\/jessgrove.co.uk\/de\/privacy-policy\/","title":{"rendered":"Datenschutzbestimmungen"},"content":{"rendered":"<div class=\"wpb-content-wrapper\"><div data-parent=\"true\" class=\"vc_row has-bg need-focus style-accent-bg row-container\" id=\"row-unique-0\"><div class=\"row double-top-padding double-bottom-padding single-h-padding limit-width row-parent\"><div class=\"wpb_row row-inner\"><div class=\"wpb_column pos-middle pos-center align_center column_parent col-lg-12 single-internal-gutter\"><div class=\"uncol style-spec style-dark\"  ><div class=\"uncoltable\"><div class=\"uncell no-block-padding\" ><div class=\"uncont\" ><div class=\"vc_custom_heading_wrap\"><div class=\"heading-text el-text\" ><h1 class=\"fontsize-410071 text-color-xsdn-color\" ><span>Datenschutzbestimmungen<\/span><\/h1><\/div><div class=\"clear\"><\/div><\/div><\/div><\/div><\/div><\/div><\/div><script id=\"script-row-unique-0\" data-row=\"script-row-unique-0\" type=\"text\/javascript\" class=\"vc_controls\">UNCODE.initRow(document.getElementById(\"row-unique-0\"));<\/script><\/div><\/div><\/div><div data-parent=\"true\" class=\"vc_row has-bg need-focus style-color-xsdn-bg row-container\" id=\"row-unique-1\"><div class=\"row double-top-padding double-bottom-padding single-h-padding limit-width row-parent\"><div class=\"wpb_row row-inner\"><div class=\"wpb_column pos-top pos-center align_left column_parent col-lg-12 single-internal-gutter\"><div class=\"uncol style-light\"  ><div class=\"uncoltable\"><div class=\"uncell no-block-padding\" ><div class=\"uncont\" ><div class=\"vc_custom_heading_wrap\"><div class=\"heading-text el-text\" ><h2 class=\"font-111111 h4 font-weight-400\" ><span>Die Jessgrove Gruppe (\"Wir\") verpflichtet sich, deine Daten zu sch\u00fctzen und zu respektieren.<\/span><\/h2><\/div><div class=\"clear\"><\/div><\/div><div class=\"uncode_text_column\" ><p>Diese Richtlinie legt fest, auf welcher Grundlage wir personenbezogene Daten, die wir von dir erheben oder die du uns zur Verf\u00fcgung stellst, verarbeiten. Bitte lies das Folgende sorgf\u00e4ltig durch, damit du verstehst, wie wir mit deinen pers\u00f6nlichen Daten umgehen und wie wir sie behandeln. Wir speichern bestimmte grundlegende Informationen, wenn du unsere Website besuchst, und sind uns bewusst, wie wichtig es ist, diese Informationen sicher aufzubewahren und dir mitzuteilen, was wir mit ihnen tun werden.<\/p>\n<p>F\u00fcr die Zwecke des Data Protection Act 1998 (das Gesetz) ist der Datenverantwortliche Jessgrove, Cross Lane Mills, Cross Lane, Bradford, BD7 3JT<\/p>\n<p>Wenn du unsere Website \u00fcber einen Link oder auf andere Weise verl\u00e4sst, gelten f\u00fcr dich die Richtlinien des jeweiligen Website-Anbieters. Wir haben keine Kontrolle \u00fcber diese Richtlinien oder die Bedingungen der Website und du solltest deren Richtlinien \u00fcberpr\u00fcfen, bevor du die Website weiter besuchst.<\/p>\n<h4>Informationen, die wir von dir sammeln k\u00f6nnen<\/h4>\n<p>Wir k\u00f6nnen die folgenden Daten \u00fcber dich sammeln und verarbeiten:<\/p>\n<ol>\n<li>Informationen, die du beim Ausf\u00fcllen von Formularen auf unserer Website angibst. Dazu geh\u00f6ren Informationen, die du bei der Registrierung f\u00fcr die Nutzung unserer Website, beim Abonnieren unseres Dienstes oder bei der Anforderung weiterer Dienste angibst. Wir k\u00f6nnen dich auch nach Informationen fragen, wenn du ein Problem mit unserer Website meldest.<\/li>\n<li>Wenn du mit uns Kontakt aufnimmst, k\u00f6nnen wir eine Aufzeichnung dieser Korrespondenz aufbewahren.<\/li>\n<li>Wir k\u00f6nnen dich auch bitten, Umfragen auszuf\u00fcllen, die wir zu Forschungszwecken verwenden, obwohl du nicht darauf antworten musst.<\/li>\n<li>Einzelheiten zu deinen Besuchen auf unserer Website, einschlie\u00dflich, aber nicht beschr\u00e4nkt auf Verkehrsdaten, Standortdaten, Weblogs, Betriebssystem, Browser-Nutzung und andere Kommunikationsdaten, unabh\u00e4ngig davon, ob diese f\u00fcr unsere eigenen Abrechnungszwecke oder anderweitig ben\u00f6tigt werden, sowie die Ressourcen, auf die du zugreifst.<\/li>\n<\/ol>\n<h4>IP-Adressen<\/h4>\n<p>Wir k\u00f6nnen Informationen \u00fcber deinen Computer sammeln, einschlie\u00dflich deiner IP-Adresse, deines Betriebssystems und deines Browsertyps, um das System zu verwalten und unseren Werbekunden aggregierte Informationen zu \u00fcbermitteln. Dabei handelt es sich um statistische Daten \u00fcber die Surfaktivit\u00e4ten und -muster unserer Nutzer\/innen, die keine R\u00fcckschl\u00fcsse auf einzelne Personen zulassen.<\/p>\n<h4>Deine Rechte<\/h4>\n<p>Du hast das Recht, uns zu bitten, deine personenbezogenen Daten nicht f\u00fcr Marketingzwecke zu verarbeiten. In der Regel werden wir dich (vor der Erhebung deiner Daten) dar\u00fcber informieren, wenn wir deine Daten f\u00fcr solche Zwecke verwenden oder sie an Dritte weitergeben wollen. Du kannst von deinem Recht Gebrauch machen, eine solche Verarbeitung zu verhindern, indem du bestimmte K\u00e4stchen auf den Formularen ankreuzt, die wir zur Erfassung deiner Daten verwenden. Du kannst dieses Recht auch jederzeit aus\u00fcben, indem du uns unter Jessgrove, Cross Lane Mills, Cross Lane, Bradford, BD7 3JT kontaktierst.<\/p>\n<p>Unsere Website kann von Zeit zu Zeit Links zu und von den Websites unserer Partnernetzwerke, Werbetreibenden und angeschlossenen Unternehmen enthalten. Wenn du einem Link zu einer dieser Websites folgst, beachte bitte, dass diese Websites ihre eigenen Datenschutzrichtlinien haben und dass wir keine Verantwortung oder Haftung f\u00fcr diese Richtlinien \u00fcbernehmen. Bitte \u00fcberpr\u00fcfe diese Richtlinien, bevor du pers\u00f6nliche Daten an diese Websites \u00fcbermittelst.<\/p>\n<h4>Zugang zu Informationen<\/h4>\n<p>Das Gesetz gibt dir das Recht, auf die \u00fcber dich gespeicherten Informationen zuzugreifen. Dein Recht auf Zugang kann in \u00dcbereinstimmung mit dem Gesetz ausge\u00fcbt werden. F\u00fcr jeden Antrag auf Auskunft kann eine Geb\u00fchr von \u00a310 erhoben werden, um unsere Kosten f\u00fcr die Bereitstellung der Informationen zu decken, die wir \u00fcber dich gespeichert haben.<\/p>\n<h4>\u00c4nderungen an unserer Datenschutzrichtlinie<\/h4>\n<p>Alle \u00c4nderungen, die wir in Zukunft an unserer Datenschutzrichtlinie vornehmen, werden auf dieser Seite ver\u00f6ffentlicht und dir gegebenenfalls per E-Mail mitgeteilt. Wir raten dir jedoch, diese Seite regelm\u00e4\u00dfig zu besuchen, um \u00fcber alle notwendigen \u00c4nderungen auf dem Laufenden zu bleiben.<\/p>\n<h4>Kontakt<\/h4>\n<p>Fragen, Kommentare und W\u00fcnsche zu dieser Datenschutzrichtlinie sind willkommen und sollten an Jessgrove, Cross Lane Mills, Cross Lane, Bradford, BD7 3JT, gerichtet werden.<\/p>\n<p>\n<\/div><\/div><\/div><\/div><\/div><\/div><script id=\"script-row-unique-1\" data-row=\"script-row-unique-1\" type=\"text\/javascript\" class=\"vc_controls\">UNCODE.initRow(document.getElementById(\"row-unique-1\"));<\/script><\/div><\/div><\/div>\n<\/div>","protected":false},"excerpt":{"rendered":"Privacy PolicyThe Jessgrove Group (\u201cWe\u201d) are committed to protecting and respecting your privacy.This policy sets out the basis on which [...]","protected":false},"author":4,"featured_media":0,"parent":0,"menu_order":0,"comment_status":"closed","ping_status":"closed","template":"","meta":{"_surecart_dashboard_logo_width":"180px","_surecart_dashboard_show_logo":true,"_surecart_dashboard_navigation_orders":true,"_surecart_dashboard_navigation_invoices":true,"_surecart_dashboard_navigation_subscriptions":true,"_surecart_dashboard_navigation_downloads":true,"_surecart_dashboard_navigation_billing":true,"_surecart_dashboard_navigation_account":true,"_monsterinsights_skip_tracking":false,"_monsterinsights_sitenote_active":false,"_monsterinsights_sitenote_note":"","_monsterinsights_sitenote_category":0,"footnotes":""},"class_list":["post-3","page","type-page","status-publish","hentry"],"_links":{"self":[{"href":"https:\/\/jessgrove.co.uk\/de\/wp-json\/wp\/v2\/pages\/3","targetHints":{"allow":["GET"]}}],"collection":[{"href":"https:\/\/jessgrove.co.uk\/de\/wp-json\/wp\/v2\/pages"}],"about":[{"href":"https:\/\/jessgrove.co.uk\/de\/wp-json\/wp\/v2\/types\/page"}],"author":[{"embeddable":true,"href":"https:\/\/jessgrove.co.uk\/de\/wp-json\/wp\/v2\/users\/4"}],"replies":[{"embeddable":true,"href":"https:\/\/jessgrove.co.uk\/de\/wp-json\/wp\/v2\/comments?post=3"}],"version-history":[{"count":0,"href":"https:\/\/jessgrove.co.uk\/de\/wp-json\/wp\/v2\/pages\/3\/revisions"}],"wp:attachment":[{"href":"https:\/\/jessgrove.co.uk\/de\/wp-json\/wp\/v2\/media?parent=3"}],"curies":[{"name":"wp","href":"https:\/\/api.w.org\/{rel}","templated":true}]}}