{"id":616,"date":"2022-12-22T09:25:22","date_gmt":"2022-12-22T09:25:22","guid":{"rendered":"https:\/\/jessgrove.co.uk\/?page_id=616"},"modified":"2022-12-22T09:25:22","modified_gmt":"2022-12-22T09:25:22","slug":"podminky","status":"publish","type":"page","link":"https:\/\/jessgrove.co.uk\/cs\/terms-and-conditions\/","title":{"rendered":"Podm\u00ednky a pravidla"},"content":{"rendered":"<div class=\"wpb-content-wrapper\"><div data-parent=\"true\" class=\"vc_row has-bg need-focus style-accent-bg row-container\" id=\"row-unique-0\"><div class=\"row double-top-padding double-bottom-padding single-h-padding limit-width row-parent\"><div class=\"wpb_row row-inner\"><div class=\"wpb_column pos-middle pos-center align_center column_parent col-lg-12 single-internal-gutter\"><div class=\"uncol style-spec style-dark\"  ><div class=\"uncoltable\"><div class=\"uncell no-block-padding\" ><div class=\"uncont\" ><div class=\"vc_custom_heading_wrap\"><div class=\"heading-text el-text\" ><h1 class=\"fontsize-410071 text-color-xsdn-color\" ><span>Podm\u00ednky a pravidla<\/span><\/h1><\/div><div class=\"clear\"><\/div><\/div><\/div><\/div><\/div><\/div><\/div><script id=\"script-row-unique-0\" data-row=\"script-row-unique-0\" type=\"text\/javascript\" class=\"vc_controls\">UNCODE.initRow(document.getElementById(\"row-unique-0\"));<\/script><\/div><\/div><\/div><div data-parent=\"true\" class=\"vc_row has-bg need-focus style-color-xsdn-bg row-container\" id=\"row-unique-1\"><div class=\"row double-top-padding double-bottom-padding single-h-padding limit-width row-parent\"><div class=\"wpb_row row-inner\"><div class=\"wpb_column pos-top pos-center align_left column_parent col-lg-12 single-internal-gutter\"><div class=\"uncol style-light\"  ><div class=\"uncoltable\"><div class=\"uncell no-block-padding\" ><div class=\"uncont\" ><div class=\"vc_custom_heading_wrap\"><div class=\"heading-text el-text\" ><h2 class=\"font-111111 h4 font-weight-400\" ><span>V\u00edtejte na na\u0161ich webov\u00fdch str\u00e1nk\u00e1ch.<\/span><\/h2><\/div><div class=\"clear\"><\/div><\/div><div class=\"uncode_text_column\" ><p>Pokud budete pokra\u010dovat v prohl\u00ed\u017een\u00ed a pou\u017e\u00edv\u00e1n\u00ed t\u00e9to webov\u00e9 str\u00e1nky, souhlas\u00edte s dodr\u017eov\u00e1n\u00edm n\u00e1sleduj\u00edc\u00edch podm\u00ednek pou\u017e\u00edv\u00e1n\u00ed, kter\u00e9 spolu s na\u0161imi z\u00e1sadami ochrany osobn\u00edch \u00fadaj\u016f upravuj\u00ed vztah spole\u010dnosti Jessgrove k v\u00e1m ve vztahu k t\u00e9to webov\u00e9 str\u00e1nce. Pokud s jakoukoli \u010d\u00e1st\u00ed t\u011bchto podm\u00ednek nesouhlas\u00edte, nepou\u017e\u00edvejte pros\u00edm na\u0161e webov\u00e9 str\u00e1nky.<\/p>\n<p>V\u00fdraz \"Jessgrove\" nebo \"my\" nebo \"n\u00e1s\" odkazuje na vlastn\u00edka webov\u00fdch str\u00e1nek, jeho\u017e s\u00eddlo je Cross Lane Mills, Cross Lane, Bradford, BD7 3JT. Na\u0161e registra\u010dn\u00ed \u010d\u00edslo spole\u010dnosti je 1419182. V\u00fdraz \"vy\" odkazuje na u\u017eivatele nebo div\u00e1ka na\u0161ich webov\u00fdch str\u00e1nek.<\/p>\n<h4>Pou\u017e\u00edv\u00e1n\u00ed t\u011bchto webov\u00fdch str\u00e1nek podl\u00e9h\u00e1 n\u00e1sleduj\u00edc\u00edm podm\u00ednk\u00e1m pou\u017e\u00edv\u00e1n\u00ed:<\/h4>\n<p>Obsah str\u00e1nek t\u00e9to webov\u00e9 str\u00e1nky je ur\u010den pouze pro va\u0161i obecnou informaci a pou\u017eit\u00ed. M\u016f\u017ee se zm\u011bnit bez p\u0159edchoz\u00edho upozorn\u011bn\u00ed.<\/p>\n<p>Tyto webov\u00e9 str\u00e1nky pou\u017e\u00edvaj\u00ed soubory cookie ke sledov\u00e1n\u00ed preferenc\u00ed p\u0159i prohl\u00ed\u017een\u00ed. Pokud povol\u00edte pou\u017e\u00edv\u00e1n\u00ed soubor\u016f cookie, mohou b\u00fdt ulo\u017eeny n\u00e1sleduj\u00edc\u00ed osobn\u00ed \u00fadaje pro pou\u017eit\u00ed t\u0159et\u00edmi stranami.<\/p>\n<p>Ani my, ani t\u0159et\u00ed strany neposkytujeme \u017e\u00e1dnou z\u00e1ruku na p\u0159esnost, v\u010dasnost, v\u00fdkonnost, \u00faplnost nebo vhodnost informac\u00ed a materi\u00e1l\u016f, kter\u00e9 se nach\u00e1zej\u00ed nebo jsou nab\u00edzeny na t\u011bchto webov\u00fdch str\u00e1nk\u00e1ch, pro jak\u00fdkoli konkr\u00e9tn\u00ed \u00fa\u010del. Berete na v\u011bdom\u00ed, \u017ee tyto informace a materi\u00e1ly mohou obsahovat nep\u0159esnosti nebo chyby, a my v\u00fdslovn\u011b vylu\u010dujeme odpov\u011bdnost za takov\u00e9 nep\u0159esnosti nebo chyby v maxim\u00e1ln\u00edm rozsahu povolen\u00e9m z\u00e1konem.<\/p>\n<p>Jak\u00e9koli informace nebo materi\u00e1ly na t\u011bchto webov\u00fdch str\u00e1nk\u00e1ch pou\u017e\u00edv\u00e1te v\u00fdhradn\u011b na vlastn\u00ed nebezpe\u010d\u00ed, za kter\u00e9 neneseme \u017e\u00e1dnou odpov\u011bdnost. Je va\u0161\u00ed vlastn\u00ed odpov\u011bdnost\u00ed zajistit, aby produkty, slu\u017eby nebo informace dostupn\u00e9 prost\u0159ednictv\u00edm t\u011bchto webov\u00fdch str\u00e1nek spl\u0148ovaly va\u0161e konkr\u00e9tn\u00ed po\u017eadavky.<\/p>\n<p>Tyto webov\u00e9 str\u00e1nky obsahuj\u00ed materi\u00e1l, kter\u00fd je v na\u0161em vlastnictv\u00ed nebo na n\u011bj m\u00e1me licenci. Tento materi\u00e1l zahrnuje mimo jin\u00e9 design, uspo\u0159\u00e1d\u00e1n\u00ed, vzhled a grafiku. Reprodukce je zak\u00e1z\u00e1na jinak ne\u017e v souladu s upozorn\u011bn\u00edm na autorsk\u00e1 pr\u00e1va, kter\u00e9 je sou\u010d\u00e1st\u00ed t\u011bchto podm\u00ednek.<\/p>\n<p>V\u0161echny ochrann\u00e9 zn\u00e1mky reprodukovan\u00e9 na t\u011bchto webov\u00fdch str\u00e1nk\u00e1ch, kter\u00e9 nejsou vlastnictv\u00edm provozovatele nebo na kter\u00e9 nem\u00e1 provozovatel licenci, jsou na webov\u00fdch str\u00e1nk\u00e1ch uvedeny.<\/p>\n<p>Neopr\u00e1vn\u011bn\u00e9 pou\u017e\u00edv\u00e1n\u00ed t\u011bchto webov\u00fdch str\u00e1nek m\u016f\u017ee v\u00e9st k n\u00e1roku na n\u00e1hradu \u0161kody a\/nebo k trestn\u00e9mu \u010dinu.<\/p>\n<p>Tyto webov\u00e9 str\u00e1nky mohou \u010das od \u010dasu obsahovat tak\u00e9 odkazy na jin\u00e9 webov\u00e9 str\u00e1nky. Tyto odkazy jsou uvedeny pro va\u0161e pohodl\u00ed a poskytuj\u00ed dal\u0161\u00ed informace. Neznamenaj\u00ed, \u017ee tyto webov\u00e9 str\u00e1nky podporujeme. Za obsah odkazovan\u00fdch webov\u00fdch str\u00e1nek neneseme \u017e\u00e1dnou odpov\u011bdnost.<\/p>\n<p>Pou\u017e\u00edv\u00e1n\u00ed t\u011bchto webov\u00fdch str\u00e1nek a jak\u00e9koli spory vypl\u00fdvaj\u00edc\u00ed z jejich pou\u017e\u00edv\u00e1n\u00ed podl\u00e9haj\u00ed z\u00e1kon\u016fm Anglie, Severn\u00edho Irska, Skotska a Walesu.<\/p>\n<\/div><\/div><\/div><\/div><\/div><\/div><script id=\"script-row-unique-1\" data-row=\"script-row-unique-1\" type=\"text\/javascript\" class=\"vc_controls\">UNCODE.initRow(document.getElementById(\"row-unique-1\"));<\/script><\/div><\/div><\/div>\n<\/div>","protected":false},"excerpt":{"rendered":"Terms &#038; ConditionsWelcome to our website.If you continue to browse and use this website, you are agreeing to comply with [...]","protected":false},"author":4,"featured_media":0,"parent":0,"menu_order":0,"comment_status":"closed","ping_status":"closed","template":"","meta":{"_surecart_dashboard_logo_width":"180px","_surecart_dashboard_show_logo":true,"_surecart_dashboard_navigation_orders":true,"_surecart_dashboard_navigation_invoices":true,"_surecart_dashboard_navigation_subscriptions":true,"_surecart_dashboard_navigation_downloads":true,"_surecart_dashboard_navigation_billing":true,"_surecart_dashboard_navigation_account":true,"_monsterinsights_skip_tracking":false,"_monsterinsights_sitenote_active":false,"_monsterinsights_sitenote_note":"","_monsterinsights_sitenote_category":0,"footnotes":""},"class_list":["post-616","page","type-page","status-publish","hentry"],"_links":{"self":[{"href":"https:\/\/jessgrove.co.uk\/cs\/wp-json\/wp\/v2\/pages\/616","targetHints":{"allow":["GET"]}}],"collection":[{"href":"https:\/\/jessgrove.co.uk\/cs\/wp-json\/wp\/v2\/pages"}],"about":[{"href":"https:\/\/jessgrove.co.uk\/cs\/wp-json\/wp\/v2\/types\/page"}],"author":[{"embeddable":true,"href":"https:\/\/jessgrove.co.uk\/cs\/wp-json\/wp\/v2\/users\/4"}],"replies":[{"embeddable":true,"href":"https:\/\/jessgrove.co.uk\/cs\/wp-json\/wp\/v2\/comments?post=616"}],"version-history":[{"count":0,"href":"https:\/\/jessgrove.co.uk\/cs\/wp-json\/wp\/v2\/pages\/616\/revisions"}],"wp:attachment":[{"href":"https:\/\/jessgrove.co.uk\/cs\/wp-json\/wp\/v2\/media?parent=616"}],"curies":[{"name":"wp","href":"https:\/\/api.w.org\/{rel}","templated":true}]}}