{"id":537,"date":"2022-12-21T14:25:06","date_gmt":"2022-12-21T14:25:06","guid":{"rendered":"https:\/\/jessgrove.co.uk\/?page_id=537"},"modified":"2022-12-21T15:03:03","modified_gmt":"2022-12-21T15:03:03","slug":"o","status":"publish","type":"page","link":"https:\/\/jessgrove.co.uk\/cs\/about\/","title":{"rendered":"O str\u00e1nk\u00e1ch"},"content":{"rendered":"<div class=\"wpb-content-wrapper\"><div data-parent=\"true\" class=\"vc_row has-bg need-focus style-color-wayh-bg row-container\" id=\"row-unique-0\"><div class=\"row-background background-element\">\n\t\t\t\t\t\t\t\t\t\t\t<div class=\"background-wrapper\">\n\t\t\t\t\t\t\t\t\t\t\t\t<div class=\"background-inner\" style=\"background-image: url(https:\/\/jessgrove.co.uk\/wp-content\/uploads\/2022\/12\/About-Header-BG.jpg);background-repeat: no-repeat;background-position: center center;background-attachment: scroll;background-size: cover;\"><\/div>\n\t\t\t\t\t\t\t\t\t\t\t\t<div class=\"block-bg-overlay style-color-jevc-bg\" style=\"opacity: 0.4;\"><\/div>\n\t\t\t\t\t\t\t\t\t\t\t<\/div>\n\t\t\t\t\t\t\t\t\t\t<\/div><div class=\"row quad-top-padding quad-bottom-padding single-h-padding limit-width row-parent\" data-height-ratio=\"50\"><div class=\"wpb_row row-inner\"><div class=\"wpb_column pos-middle pos-center align_left column_parent col-lg-12 half-internal-gutter\"><div class=\"uncol style-spec style-dark\"  ><div class=\"uncoltable\"><div class=\"uncell no-block-padding\" ><div class=\"uncont\" ><div class=\"vc_custom_heading_wrap\"><div class=\"heading-text el-text\" ><h1 class=\"font-111111 h6 font-weight-400\" ><span>| O n\u00e1s |<\/span><\/h1><\/div><div class=\"clear\"><\/div><\/div><div class=\"vc_custom_heading_wrap\"><div class=\"heading-text el-text\" ><h3 class=\"fontsize-236346\" ><span>Rodinn\u00fd podnik a jeden z p\u0159edn\u00edch evropsk\u00fdch dodavatel\u016f oblo\u017een\u00ed od roku 1983<\/span><\/h3><\/div><div class=\"clear\"><\/div><\/div><div class=\"empty-space empty-single\" ><span class=\"empty-space-inner\"><\/span><\/div>\n<\/div><\/div><\/div><\/div><\/div><script id=\"script-row-unique-0\" data-row=\"script-row-unique-0\" type=\"text\/javascript\" class=\"vc_controls\">UNCODE.initRow(document.getElementById(\"row-unique-0\"));<\/script><\/div><\/div><\/div><div data-parent=\"true\" class=\"vc_row has-bg need-focus style-color-xsdn-bg row-container\" id=\"row-unique-1\"><div class=\"row double-top-padding double-bottom-padding single-h-padding limit-width row-parent\"><div class=\"wpb_row row-inner\"><div class=\"wpb_column pos-top pos-center align_left column_parent col-lg-8 single-internal-gutter\"><div class=\"uncol style-light\"  ><div class=\"uncoltable\"><div class=\"uncell no-block-padding\" ><div class=\"uncont\" ><div class=\"vc_custom_heading_wrap\"><div class=\"heading-text el-text\" ><h3 class=\"font-111111 h4 font-weight-400\" ><span>Kr\u00e1tk\u00e1 historie m\u011bsta Jessgrove<\/span><\/h3><\/div><div class=\"clear\"><\/div><\/div><div class=\"uncode_text_column\" ><p>Spole\u010dnost Jessgrove Ltd zalo\u017eil v roce 1983 Ron Craven z Bradfordu, kter\u00fd dlouh\u00e1 l\u00e9ta pracoval v textiln\u00edm pr\u016fmyslu, zejm\u00e9na v oblasti pod\u0161\u00edvkov\u00fdch tkanin. Zklam\u00e1n sm\u011b\u0159ov\u00e1n\u00edm sv\u00e9 b\u00fdval\u00e9 spole\u010dnosti se rozhodl vydat se vlastn\u00ed cestou.<\/p>\n<p>Od roku zalo\u017een\u00ed a\u017e do devades\u00e1t\u00fdch let 20. stolet\u00ed se ve Spojen\u00e9m kr\u00e1lovstv\u00ed nad\u00e1le \u00fasp\u011b\u0161n\u011b, i kdy\u017e rychle m\u011bn\u00edc\u00ed, rozv\u00edjelo podnik\u00e1n\u00ed v oblasti textiln\u00edch od\u011bv\u016f a m\u00f3dy. Trh se v\u0161ak m\u011bnil: st\u00e1le v\u00edce v\u00fdroby se p\u0159esouvalo na evropsk\u00fd kontinent, zejm\u00e9na do zem\u00ed b\u00fdval\u00e9ho v\u00fdchodn\u00edho bloku, zat\u00edmco v\u00fdroba ve Spojen\u00e9m kr\u00e1lovstv\u00ed klesala.<\/p>\n<p>Aby spole\u010dnost Jessgrove co nejl\u00e9pe vyu\u017eila tento posun, postavila v roce 2002 v \u010cesk\u00e9 republice velk\u00fd distribu\u010dn\u00ed z\u00e1vod. Byl um\u00edst\u011bn v bl\u00edzkosti jednoho z na\u0161ich hlavn\u00edch dodavatel\u016f: v\u00fdrobn\u00edho gigantu Toray Textiles, kter\u00fd ned\u00e1vno dokon\u010dil nedalekou integrovanou tov\u00e1rnu na v\u00fdrobu polyesterov\u00fdch pod\u0161\u00edvek. Spole\u010dnost Toray je dodnes jedn\u00edm z na\u0161ich nejd\u016fv\u011bryhodn\u011bj\u0161\u00edch dodavatel\u016f.<\/p>\n<\/div><\/div><\/div><\/div><\/div><\/div><div class=\"wpb_column pos-top pos-center align_left column_parent col-lg-4 single-internal-gutter\"><div class=\"uncol style-light\"  ><div class=\"uncoltable\"><div class=\"uncell no-block-padding\" ><div class=\"uncont\" ><div class=\"uncode-single-media  text-left\"><div class=\"single-wrapper\" style=\"max-width: 100%;\"><div class=\"tmb tmb-light  tmb-media-first tmb-media-last tmb-content-overlay tmb-no-bg\"><div class=\"t-inside\"><div class=\"t-entry-visual\"><div class=\"t-entry-visual-tc\"><div class=\"uncode-single-media-wrapper\"><img decoding=\"async\" class=\"wp-image-547\" src=\"https:\/\/jessgrove.co.uk\/wp-content\/uploads\/2022\/12\/About-Czech-Republic.jpg\" width=\"1000\" height=\"1000\" alt=\"\" title=\"\" srcset=\"https:\/\/jessgrove.co.uk\/wp-content\/uploads\/2022\/12\/About-Czech-Republic.jpg 1000w, https:\/\/jessgrove.co.uk\/wp-content\/uploads\/2022\/12\/About-Czech-Republic-300x300.jpg 300w, https:\/\/jessgrove.co.uk\/wp-content\/uploads\/2022\/12\/About-Czech-Republic-150x150.jpg 150w, https:\/\/jessgrove.co.uk\/wp-content\/uploads\/2022\/12\/About-Czech-Republic-768x768.jpg 768w, https:\/\/jessgrove.co.uk\/wp-content\/uploads\/2022\/12\/About-Czech-Republic-12x12.jpg 12w, https:\/\/jessgrove.co.uk\/wp-content\/uploads\/2022\/12\/About-Czech-Republic-350x350.jpg 350w, https:\/\/jessgrove.co.uk\/wp-content\/uploads\/2022\/12\/About-Czech-Republic-348x348.jpg 348w\" sizes=\"(max-width: 1000px) 100vw, 1000px\"><\/div>\n\t\t\t\t\t<\/div>\n\t\t\t\t<\/div><\/div><\/div><\/div><\/div><\/div><\/div><\/div><\/div><\/div><script id=\"script-row-unique-1\" data-row=\"script-row-unique-1\" type=\"text\/javascript\" class=\"vc_controls\">UNCODE.initRow(document.getElementById(\"row-unique-1\"));<\/script><\/div><\/div><\/div><div data-parent=\"true\" class=\"vc_row has-bg need-focus style-color-lxmt-bg row-container\" id=\"row-unique-2\"><div class=\"row double-top-padding no-bottom-padding single-h-padding limit-width row-parent\"><div class=\"wpb_row row-inner\"><div class=\"wpb_column pos-top pos-center align_left column_parent col-lg-10 single-internal-gutter\"><div class=\"uncol style-light\"  ><div class=\"uncoltable\"><div class=\"uncell no-block-padding\" ><div class=\"uncont\" ><div class=\"uncode_text_column\" ><\/p>\n<blockquote>\n<p>Abychom pln\u011b vyu\u017eili v\u00fdhod evropsk\u00fdch trh\u016f, zalo\u017eili jsme dal\u0161\u00ed distribu\u010dn\u00ed pobo\u010dky ve Francii (2002), Turecku (2015) a \u0160pan\u011blsku (2016).<\/p>\n<\/blockquote>\n<p>Trh se d\u00e1le m\u011bnil a v pr\u016fb\u011bhu roku 2000 a\u017e doned\u00e1vna se v\u011bt\u0161ina textiln\u00ed a od\u011bvn\u00ed v\u00fdroby p\u0159esouvala do \u010c\u00edny a dal\u0161\u00edch zem\u00ed v\u00fdchodn\u00ed Asie. V\u00fdroba od\u011bv\u016f ve Spojen\u00e9m kr\u00e1lovstv\u00ed prakticky zanikla, v\u00fdroba ve v\u00fdchodn\u00ed Evrop\u011b v\u00fdrazn\u011b poklesla. Spole\u010dnost Jessgrove sice zalo\u017eila distribu\u010dn\u00ed spole\u010dnost v \u010c\u00edn\u011b, ale c\u00edtili jsme, \u017ee na\u0161e budoucnost pat\u0159\u00ed Evrop\u011b a \u0161ir\u0161\u00edmu evropsk\u00e9mu z\u00e1zem\u00ed.<\/p>\n<p>Rozhodli jsme se tak\u00e9, \u017ee mus\u00edme zajistit vlastn\u00ed v\u00fdrobu pod\u0161\u00edvek, zejm\u00e9na v oblasti celul\u00f3zov\u00fdch pod\u0161\u00edvek, jako je acet\u00e1t a visk\u00f3za. Proto byla provedena investice do integrovan\u00e9ho tkalcovsk\u00e9ho a barv\u00ed\u0159sk\u00e9ho z\u00e1vodu v Litv\u011b, do n\u011bho\u017e bylo pod na\u0161\u00edm veden\u00edm od jeho po\u0159\u00edzen\u00ed v roce 2003 investov\u00e1no mnoho milion\u016f eur.<\/p>\n<\/div><\/div><\/div><\/div><\/div><\/div><div class=\"wpb_column pos-top pos-center align_left column_parent col-lg-2 single-internal-gutter\"><div class=\"uncol style-light\"  ><div class=\"uncoltable\"><div class=\"uncell no-block-padding\" ><div class=\"uncont\" ><\/div><\/div><\/div><\/div><\/div><script id=\"script-row-unique-2\" data-row=\"script-row-unique-2\" type=\"text\/javascript\" class=\"vc_controls\">UNCODE.initRow(document.getElementById(\"row-unique-2\"));<\/script><\/div><\/div><\/div><div data-parent=\"true\" class=\"vc_row has-bg need-focus style-color-lxmt-bg row-container\" id=\"row-unique-3\"><div class=\"row single-top-padding single-bottom-padding single-h-padding limit-width row-parent\"><div class=\"wpb_row row-inner\"><div class=\"wpb_column pos-top pos-center align_left column_parent col-lg-12 single-internal-gutter\"><div class=\"uncol style-light\"  ><div class=\"uncoltable\"><div class=\"uncell no-block-padding\" ><div class=\"uncont\" ><div class=\"un-media-gallery owl-carousel-wrapper\">\n\t\t\n\t\n\t<div class=\"owl-carousel-container owl-carousel-loading single-gutter\" >\n\t\t\t\t\t\t\t\t\t<div id=\"gallery-684586\" class=\"owl-carousel owl-element owl-height-auto\" data-navmobile=\"true\" data-navskin=\"light\" data-navspeed=\"400\" data-autoplay=\"true\" data-timeout=\"3000\" data-stagepadding=\"0\" data-lg=\"3\" data-md=\"3\" data-sm=\"1\">\n<div class=\"tmb tmb-carousel tmb-iso-h4 tmb-light tmb-overlay-text-anim tmb-overlay-middle tmb-overlay-text-left tmb-image-anim tmb-bordered tmb-id-551  tmb-media-first tmb-media-last tmb-content-overlay tmb-no-bg\" ><div class=\"t-inside no-anim\" ><div class=\"t-entry-visual\"><div class=\"t-entry-visual-tc\"><div class=\"t-entry-visual-cont\"><div class=\"dummy\" style=\"padding-top: 100%;\"><\/div><a  class=\"inactive-link pushed\" data-lb-index=\"0\"><div class=\"t-entry-visual-overlay\"><div class=\"t-entry-visual-overlay-in style-color-lxmt-bg\" style=\"opacity: 0.01;\"><\/div><\/div><img decoding=\"async\" class=\"wp-image-551\" src=\"https:\/\/jessgrove.co.uk\/wp-content\/uploads\/2022\/12\/About-01.jpg\" width=\"1000\" height=\"1000\" alt=\"Jessgrove p\u0159edn\u00ed dodavatel\u00e9 pod\u0161\u00edvek a dal\u0161\u00edch tkanin\" title=\"\" srcset=\"https:\/\/jessgrove.co.uk\/wp-content\/uploads\/2022\/12\/About-01.jpg 1000w, https:\/\/jessgrove.co.uk\/wp-content\/uploads\/2022\/12\/About-01-300x300.jpg 300w, https:\/\/jessgrove.co.uk\/wp-content\/uploads\/2022\/12\/About-01-150x150.jpg 150w, https:\/\/jessgrove.co.uk\/wp-content\/uploads\/2022\/12\/About-01-768x768.jpg 768w, https:\/\/jessgrove.co.uk\/wp-content\/uploads\/2022\/12\/About-01-12x12.jpg 12w, https:\/\/jessgrove.co.uk\/wp-content\/uploads\/2022\/12\/About-01-350x350.jpg 350w, https:\/\/jessgrove.co.uk\/wp-content\/uploads\/2022\/12\/About-01-348x348.jpg 348w\" sizes=\"(max-width: 1000px) 100vw, 1000px\"><\/a><\/div>\n\t\t\t\t\t<\/div>\n\t\t\t\t<\/div><\/div><\/div><div class=\"tmb tmb-carousel tmb-iso-h4 tmb-light tmb-overlay-text-anim tmb-overlay-middle tmb-overlay-text-left tmb-image-anim tmb-bordered tmb-id-552  tmb-media-first tmb-media-last tmb-content-overlay tmb-no-bg\" ><div class=\"t-inside no-anim\" ><div class=\"t-entry-visual\"><div class=\"t-entry-visual-tc\"><div class=\"t-entry-visual-cont\"><div class=\"dummy\" style=\"padding-top: 100%;\"><\/div><a  class=\"inactive-link pushed\" data-lb-index=\"1\"><div class=\"t-entry-visual-overlay\"><div class=\"t-entry-visual-overlay-in style-color-lxmt-bg\" style=\"opacity: 0.01;\"><\/div><\/div><img decoding=\"async\" class=\"wp-image-552\" src=\"https:\/\/jessgrove.co.uk\/wp-content\/uploads\/2022\/12\/About-03.jpg\" width=\"1000\" height=\"1000\" alt=\"\" title=\"\" srcset=\"https:\/\/jessgrove.co.uk\/wp-content\/uploads\/2022\/12\/About-03.jpg 1000w, https:\/\/jessgrove.co.uk\/wp-content\/uploads\/2022\/12\/About-03-300x300.jpg 300w, https:\/\/jessgrove.co.uk\/wp-content\/uploads\/2022\/12\/About-03-150x150.jpg 150w, https:\/\/jessgrove.co.uk\/wp-content\/uploads\/2022\/12\/About-03-768x768.jpg 768w, https:\/\/jessgrove.co.uk\/wp-content\/uploads\/2022\/12\/About-03-12x12.jpg 12w, https:\/\/jessgrove.co.uk\/wp-content\/uploads\/2022\/12\/About-03-350x350.jpg 350w, https:\/\/jessgrove.co.uk\/wp-content\/uploads\/2022\/12\/About-03-348x348.jpg 348w\" sizes=\"(max-width: 1000px) 100vw, 1000px\"><\/a><\/div>\n\t\t\t\t\t<\/div>\n\t\t\t\t<\/div><\/div><\/div><div class=\"tmb tmb-carousel tmb-iso-h4 tmb-light tmb-overlay-text-anim tmb-overlay-middle tmb-overlay-text-left tmb-image-anim tmb-bordered tmb-id-553  tmb-media-first tmb-media-last tmb-content-overlay tmb-no-bg\" ><div class=\"t-inside no-anim\" ><div class=\"t-entry-visual\"><div class=\"t-entry-visual-tc\"><div class=\"t-entry-visual-cont\"><div class=\"dummy\" style=\"padding-top: 100%;\"><\/div><a  class=\"inactive-link pushed\" data-lb-index=\"2\"><div class=\"t-entry-visual-overlay\"><div class=\"t-entry-visual-overlay-in style-color-lxmt-bg\" style=\"opacity: 0.01;\"><\/div><\/div><img decoding=\"async\" class=\"wp-image-553\" src=\"https:\/\/jessgrove.co.uk\/wp-content\/uploads\/2022\/12\/About-04.jpg\" width=\"1000\" height=\"1000\" alt=\"\" title=\"\" srcset=\"https:\/\/jessgrove.co.uk\/wp-content\/uploads\/2022\/12\/About-04.jpg 1000w, https:\/\/jessgrove.co.uk\/wp-content\/uploads\/2022\/12\/About-04-300x300.jpg 300w, https:\/\/jessgrove.co.uk\/wp-content\/uploads\/2022\/12\/About-04-150x150.jpg 150w, https:\/\/jessgrove.co.uk\/wp-content\/uploads\/2022\/12\/About-04-768x768.jpg 768w, https:\/\/jessgrove.co.uk\/wp-content\/uploads\/2022\/12\/About-04-12x12.jpg 12w, https:\/\/jessgrove.co.uk\/wp-content\/uploads\/2022\/12\/About-04-350x350.jpg 350w, https:\/\/jessgrove.co.uk\/wp-content\/uploads\/2022\/12\/About-04-348x348.jpg 348w\" sizes=\"(max-width: 1000px) 100vw, 1000px\"><\/a><\/div>\n\t\t\t\t\t<\/div>\n\t\t\t\t<\/div><\/div><\/div>\t\t\t<\/div>\n\t\t\t\t\t<\/div>\n\n\t\n\t\n\t\n<\/div>\n\n<\/div><\/div><\/div><\/div><\/div><script id=\"script-row-unique-3\" data-row=\"script-row-unique-3\" type=\"text\/javascript\" class=\"vc_controls\">UNCODE.initRow(document.getElementById(\"row-unique-3\"));<\/script><\/div><\/div><\/div><div data-parent=\"true\" class=\"vc_row has-bg need-focus style-color-lxmt-bg row-container\" id=\"row-unique-4\"><div class=\"row no-top-padding double-bottom-padding single-h-padding limit-width row-parent\"><div class=\"wpb_row row-inner\"><div class=\"wpb_column pos-top pos-center align_left column_parent col-lg-10 single-internal-gutter\"><div class=\"uncol style-light\"  ><div class=\"uncoltable\"><div class=\"uncell no-block-padding\" ><div class=\"uncont\" ><div class=\"uncode_text_column\" ><p>V posledn\u00ed dob\u011b, kdy se zhor\u0161ily probl\u00e9my v dodavatelsk\u00e9m \u0159et\u011bzci zp\u016fsoben\u00e9 zejm\u00e9na v\u00fdlukami a rostouc\u00edm pov\u011bdom\u00edm o \u017eivotn\u00edm prost\u0159ed\u00ed, roste snaha trhu p\u0159esunout v\u00fdrobu bl\u00ed\u017ee ke kone\u010dn\u00fdm prodejn\u00edm m\u00edst\u016fm na vysp\u011bl\u00fdch evropsk\u00fdch trz\u00edch. Proto se je\u0161t\u011b v\u00edce zam\u011b\u0159ujeme na na\u0161e evropsk\u00e9 operace. Jako p\u0159\u00edklad lze uv\u00e9st \u0160pan\u011blsko, kter\u00e9 se pro n\u00e1s stalo velmi d\u016fle\u017eit\u00fdm trhem, a proto jsme v roce 2021 p\u0159evzali barv\u00edrnu v severn\u00edm \u0160pan\u011blsku, kter\u00e1 se chyst\u00e1 ukon\u010dit provoz. Znovu jsme ji otev\u0159eli a zah\u00e1jili program investic. V n\u00e1sleduj\u00edc\u00edch letech to bude jeden z na\u0161ich kl\u00ed\u010dov\u00fdch v\u00fdrobn\u00edch z\u00e1vod\u016f, kter\u00fd bude slou\u017eit \u0161pan\u011blsk\u00e9mu i \u0161ir\u0161\u00edmu evropsk\u00e9mu trhu.<\/p>\n<p>Ron Craven, zakladatel spole\u010dnosti Jessgrove, zem\u0159el v roce 2018. Jeho syn Lee pokra\u010duje v rodinn\u00e9m anga\u017em\u00e1. Trhy se budou i nad\u00e1le m\u011bnit: z\u016fstaneme flexibiln\u00ed, p\u0159izp\u016fsob\u00edme se a budeme i nad\u00e1le stav\u011bt na pevn\u00fdch z\u00e1kladech, kter\u00e9 n\u00e1m Ron zanechal.<\/p>\n<\/div><\/div><\/div><\/div><\/div><\/div><div class=\"wpb_column pos-top pos-center align_left column_parent col-lg-2 single-internal-gutter\"><div class=\"uncol style-light\"  ><div class=\"uncoltable\"><div class=\"uncell no-block-padding\" ><div class=\"uncont\" ><\/div><\/div><\/div><\/div><\/div><script id=\"script-row-unique-4\" data-row=\"script-row-unique-4\" type=\"text\/javascript\" class=\"vc_controls\">UNCODE.initRow(document.getElementById(\"row-unique-4\"));<\/script><\/div><\/div><\/div><div data-parent=\"true\" class=\"vc_row has-bg need-focus style-color-xsdn-bg row-container\" id=\"row-unique-6\"><div class=\"row-background background-element\">\n\t\t\t\t\t\t\t\t\t\t\t<div class=\"background-wrapper\">\n\t\t\t\t\t\t\t\t\t\t\t\t<div class=\"background-inner self-video uncode-video-container\" style=\"background-image: url(https:\/\/jessgrove.co.uk\/wp-content\/uploads\/2022\/12\/video-bg2.jpg);background-repeat: no-repeat;background-position: center center;background-attachment: fixed;background-size: cover;\"><div style=\"width: 640px;\" class=\"wp-video\"><video onloadeddata=\"this.play();\" loop playsinline muted aria-hidden=\"true\" role=\"presentation\" data-keepplaying class =\"background-video-shortcode\" data-ratio=\"1.7777777777778\" id=\"video-537-1\" width=\"640\" height=\"360\" preload=\"metadata\" ><source type=\"video\/mp4\" src=\"https:\/\/jessgrove.co.uk\/wp-content\/uploads\/2022\/12\/1078673180-hd.mp4?_=1\" \/><\/video><\/div><\/div>\n\t\t\t\t\t\t\t\t\t\t\t\t<div class=\"block-bg-overlay style-color-jevc-bg\" style=\"opacity: 0.3;\"><\/div>\n\t\t\t\t\t\t\t\t\t\t\t<\/div>\n\t\t\t\t\t\t\t\t\t\t<\/div><div class=\"row triple-top-padding triple-bottom-padding double-h-padding full-width row-parent\"><div class=\"wpb_row row-inner\"><div class=\"wpb_column pos-top pos-center align_left column_parent col-lg-12 overflow-hidden single-internal-gutter\"><div class=\"uncol style-light\"  ><div class=\"uncoltable\"><div class=\"uncell no-block-padding\" ><div class=\"uncont\" ><div class=\"vc_row row-internal row-container\"><div class=\"row unequal col-no-gutter row-child\" data-height=\"100\"><div class=\"wpb_row row-inner\"><div class=\"wpb_column pos-top pos-center align_left column_child col-lg-1 single-internal-gutter\"><div class=\"uncol style-light\" ><div class=\"uncoltable\"><div class=\"uncell no-block-padding\" ><div class=\"uncont\" ><\/div><\/div><\/div><\/div><\/div><div class=\"wpb_column pos-top pos-center align_left column_child col-lg-6 one-internal-gutter\"><div class=\"uncol style-spec style-dark\" ><div class=\"uncoltable\"><div class=\"uncell triple-block-padding\" ><div class=\"uncont\" ><div class=\"empty-space empty-single desktop-hidden\" ><span class=\"empty-space-inner\"><\/span><\/div>\n<div class=\"vc_custom_heading_wrap\"><div class=\"heading-text el-text\" ><h3 class=\"h3 text-uppercase\" ><span>pot\u0159ebujete<\/span><\/h3><\/div><div class=\"clear\"><\/div><\/div><div class=\"vc_custom_heading_wrap\"><div class=\"heading-text el-text\" ><h2 class=\"font-111111 fontsize-140484\" ><span>85 000 m2<\/span><\/h2><\/div><div class=\"clear\"><\/div><\/div><div class=\"vc_custom_heading_wrap\"><div class=\"heading-text el-text\" ><h3 class=\"fontsize-410071\" ><span>z elastick\u00e9 \u010dern\u00e9 pod\u0161\u00edvkov\u00e9 tkaniny<\/span><\/h3><\/div><div class=\"clear\"><\/div><\/div><div class=\"vc_custom_heading_wrap\"><div class=\"heading-text el-text\" ><h3 class=\"fontsize-248842\" ><span>sp\u011bch\u00e1te?<\/span><\/h3><\/div><div class=\"clear\"><\/div><\/div><div class=\"empty-space empty-half\" ><span class=\"empty-space-inner\"><\/span><\/div>\n<div class=\"divider-wrapper\"  >\n    <hr class=\"unseparator border-,Default-color separator-no-padding\"  style=\"border-top-width: 8px;\" \/>\n<\/div>\n<div class=\"empty-space empty-half\" ><span class=\"empty-space-inner\"><\/span><\/div>\n<div class=\"vc_custom_heading_wrap\"><div class=\"heading-text el-text\" ><h3 class=\"h2\" ><span>V\u00edce ne\u017e 8 milion\u016f metr\u016f l\u00e1tek na sklad\u011b s dod\u00e1n\u00edm do druh\u00e9ho dne po cel\u00e9 Evrop\u011b<\/span><\/h3><\/div><div class=\"clear\"><\/div><\/div><div class=\"empty-space empty-half\" ><span class=\"empty-space-inner\"><\/span><\/div>\n<div class=\"vc_custom_heading_wrap\"><div class=\"heading-text el-text\" ><h3 class=\"h2\" ><span><a href=\"https:\/\/jessgrove.co.uk\/cs\/kontakt\/\">Kontaktujte n\u00e1s &gt;<\/a><\/span><\/h3><\/div><div class=\"clear\"><\/div><\/div><div class=\"empty-space empty-half\" ><span class=\"empty-space-inner\"><\/span><\/div>\n<\/div><\/div><\/div><\/div><\/div><div class=\"wpb_column pos-middle pos-center align_left column_child col-lg-5 tablet-hidden mobile-hidden single-internal-gutter z_index_1\"><div class=\"uncol style-light\" ><div class=\"uncoltable\"><div class=\"uncell no-block-padding\" ><div class=\"uncont\" ><\/div><\/div><\/div><\/div><\/div><\/div><\/div><\/div><\/div><\/div><\/div><\/div><\/div><script id=\"script-row-unique-6\" data-row=\"script-row-unique-6\" type=\"text\/javascript\" class=\"vc_controls\">UNCODE.initRow(document.getElementById(\"row-unique-6\"));<\/script><\/div><\/div><\/div>\n<\/div>","protected":false},"excerpt":{"rendered":"| About |A family run business and one of Europe's leading lining suppliers since 1983 A short history of JessgroveJessgrove [...]","protected":false},"author":4,"featured_media":541,"parent":0,"menu_order":0,"comment_status":"closed","ping_status":"closed","template":"","meta":{"_surecart_dashboard_logo_width":"180px","_surecart_dashboard_show_logo":true,"_surecart_dashboard_navigation_orders":true,"_surecart_dashboard_navigation_invoices":true,"_surecart_dashboard_navigation_subscriptions":true,"_surecart_dashboard_navigation_downloads":true,"_surecart_dashboard_navigation_billing":true,"_surecart_dashboard_navigation_account":true,"_monsterinsights_skip_tracking":false,"_monsterinsights_sitenote_active":false,"_monsterinsights_sitenote_note":"","_monsterinsights_sitenote_category":0,"footnotes":""},"class_list":["post-537","page","type-page","status-publish","has-post-thumbnail","hentry"],"_links":{"self":[{"href":"https:\/\/jessgrove.co.uk\/cs\/wp-json\/wp\/v2\/pages\/537","targetHints":{"allow":["GET"]}}],"collection":[{"href":"https:\/\/jessgrove.co.uk\/cs\/wp-json\/wp\/v2\/pages"}],"about":[{"href":"https:\/\/jessgrove.co.uk\/cs\/wp-json\/wp\/v2\/types\/page"}],"author":[{"embeddable":true,"href":"https:\/\/jessgrove.co.uk\/cs\/wp-json\/wp\/v2\/users\/4"}],"replies":[{"embeddable":true,"href":"https:\/\/jessgrove.co.uk\/cs\/wp-json\/wp\/v2\/comments?post=537"}],"version-history":[{"count":0,"href":"https:\/\/jessgrove.co.uk\/cs\/wp-json\/wp\/v2\/pages\/537\/revisions"}],"wp:featuredmedia":[{"embeddable":true,"href":"https:\/\/jessgrove.co.uk\/cs\/wp-json\/wp\/v2\/media\/541"}],"wp:attachment":[{"href":"https:\/\/jessgrove.co.uk\/cs\/wp-json\/wp\/v2\/media?parent=537"}],"curies":[{"name":"wp","href":"https:\/\/api.w.org\/{rel}","templated":true}]}}