{"id":3,"date":"2021-01-26T09:22:34","date_gmt":"2021-01-26T09:22:34","guid":{"rendered":"https:\/\/jessgrove.co.uk\/?page_id=3"},"modified":"2022-12-22T09:23:06","modified_gmt":"2022-12-22T09:23:06","slug":"zasady-ochrany-osobnich-udaju","status":"publish","type":"page","link":"https:\/\/jessgrove.co.uk\/cs\/privacy-policy\/","title":{"rendered":"Z\u00e1sady ochrany osobn\u00edch \u00fadaj\u016f"},"content":{"rendered":"<div class=\"wpb-content-wrapper\"><div data-parent=\"true\" class=\"vc_row has-bg need-focus style-accent-bg row-container\" id=\"row-unique-0\"><div class=\"row double-top-padding double-bottom-padding single-h-padding limit-width row-parent\"><div class=\"wpb_row row-inner\"><div class=\"wpb_column pos-middle pos-center align_center column_parent col-lg-12 single-internal-gutter\"><div class=\"uncol style-spec style-dark\"  ><div class=\"uncoltable\"><div class=\"uncell no-block-padding\" ><div class=\"uncont\" ><div class=\"vc_custom_heading_wrap\"><div class=\"heading-text el-text\" ><h1 class=\"fontsize-410071 text-color-xsdn-color\" ><span>Z\u00e1sady ochrany osobn\u00edch \u00fadaj\u016f<\/span><\/h1><\/div><div class=\"clear\"><\/div><\/div><\/div><\/div><\/div><\/div><\/div><script id=\"script-row-unique-0\" data-row=\"script-row-unique-0\" type=\"text\/javascript\" class=\"vc_controls\">UNCODE.initRow(document.getElementById(\"row-unique-0\"));<\/script><\/div><\/div><\/div><div data-parent=\"true\" class=\"vc_row has-bg need-focus style-color-xsdn-bg row-container\" id=\"row-unique-1\"><div class=\"row double-top-padding double-bottom-padding single-h-padding limit-width row-parent\"><div class=\"wpb_row row-inner\"><div class=\"wpb_column pos-top pos-center align_left column_parent col-lg-12 single-internal-gutter\"><div class=\"uncol style-light\"  ><div class=\"uncoltable\"><div class=\"uncell no-block-padding\" ><div class=\"uncont\" ><div class=\"vc_custom_heading_wrap\"><div class=\"heading-text el-text\" ><h2 class=\"font-111111 h4 font-weight-400\" ><span>Spole\u010dnost Jessgrove Group (\"My\") se zavazuje chr\u00e1nit a respektovat va\u0161e soukrom\u00ed.<\/span><\/h2><\/div><div class=\"clear\"><\/div><\/div><div class=\"uncode_text_column\" ><p>Tyto z\u00e1sady stanov\u00ed, na jak\u00e9m z\u00e1klad\u011b budeme zpracov\u00e1vat ve\u0161ker\u00e9 osobn\u00ed \u00fadaje, kter\u00e9 od v\u00e1s shroma\u017e\u010fujeme nebo kter\u00e9 n\u00e1m poskytnete. P\u0159e\u010dt\u011bte si pros\u00edm pozorn\u011b n\u00e1sleduj\u00edc\u00ed informace, abyste pochopili na\u0161e n\u00e1zory a postupy t\u00fdkaj\u00edc\u00ed se va\u0161ich osobn\u00edch \u00fadaj\u016f a zp\u016fsobu, jak\u00fdm s nimi budeme nakl\u00e1dat. Uchov\u00e1v\u00e1me ur\u010dit\u00e9 z\u00e1kladn\u00ed informace, kdy\u017e nav\u0161t\u00edv\u00edte na\u0161e webov\u00e9 str\u00e1nky, a uv\u011bdomujeme si, \u017ee je d\u016fle\u017eit\u00e9 tyto informace uchov\u00e1vat v bezpe\u010d\u00ed a informovat v\u00e1s o tom, co s nimi budeme d\u011blat.<\/p>\n<p>Pro \u00fa\u010dely z\u00e1kona o ochran\u011b osobn\u00edch \u00fadaj\u016f z roku 1998 (d\u00e1le jen \"z\u00e1kon\") je spr\u00e1vcem \u00fadaj\u016f spole\u010dnost Jessgrove, Cross Lane Mills, Cross Lane, Bradford, BD7 3JT.<\/p>\n<p>Pokud opust\u00edte na\u0161e str\u00e1nky prost\u0159ednictv\u00edm odkazu nebo jin\u00fdm zp\u016fsobem, budete se \u0159\u00eddit z\u00e1sadami poskytovatele t\u011bchto str\u00e1nek. Nem\u00e1me kontrolu nad t\u011bmito z\u00e1sadami nebo podm\u00ednkami webov\u00fdch str\u00e1nek a m\u011bli byste se sezn\u00e1mit s jejich z\u00e1sadami d\u0159\u00edve, ne\u017e budete pokra\u010dovat v p\u0159\u00edstupu na str\u00e1nky.<\/p>\n<h4>Informace, kter\u00e9 od v\u00e1s m\u016f\u017eeme shroma\u017e\u010fovat<\/h4>\n<p>M\u016f\u017eeme o v\u00e1s shroma\u017e\u010fovat a zpracov\u00e1vat n\u00e1sleduj\u00edc\u00ed \u00fadaje:<\/p>\n<ol>\n<li>Informace, kter\u00e9 poskytnete vypln\u011bn\u00edm formul\u00e1\u0159\u016f na na\u0161ich str\u00e1nk\u00e1ch. Pat\u0159\u00ed sem informace poskytnut\u00e9 p\u0159i registraci k pou\u017e\u00edv\u00e1n\u00ed na\u0161ich str\u00e1nek, p\u0159i p\u0159ihl\u00e1\u0161en\u00ed k odb\u011bru na\u0161ich slu\u017eeb nebo p\u0159i \u017e\u00e1dosti o dal\u0161\u00ed slu\u017eby. M\u016f\u017eeme v\u00e1s tak\u00e9 po\u017e\u00e1dat o informace, kdy\u017e nahl\u00e1s\u00edte probl\u00e9m s na\u0161imi str\u00e1nkami.<\/li>\n<li>Pokud n\u00e1s kontaktujete, m\u016f\u017eeme si o t\u00e9to korespondenci v\u00e9st z\u00e1znamy.<\/li>\n<li>M\u016f\u017eeme v\u00e1s tak\u00e9 po\u017e\u00e1dat o vypln\u011bn\u00ed dotazn\u00edk\u016f, kter\u00e9 pou\u017e\u00edv\u00e1me pro v\u00fdzkumn\u00e9 \u00fa\u010dely, a\u010dkoli na n\u011b nemus\u00edte odpov\u00eddat.<\/li>\n<li>Podrobnosti o va\u0161ich n\u00e1v\u0161t\u011bv\u00e1ch na\u0161ich str\u00e1nek, mimo jin\u00e9 v\u010detn\u011b \u00fadaj\u016f o provozu, \u00fadaj\u016f o poloze, webov\u00fdch den\u00edk\u016f, opera\u010dn\u00edm syst\u00e9mu, pou\u017e\u00edv\u00e1n\u00ed prohl\u00ed\u017ee\u010de a dal\u0161\u00edch komunika\u010dn\u00edch \u00fadaj\u016f, a\u0165 u\u017e jsou pot\u0159ebn\u00e9 pro na\u0161e vlastn\u00ed faktura\u010dn\u00ed \u00fa\u010dely nebo jin\u00e9, a zdroj\u016f, ke kter\u00fdm p\u0159istupujete.<\/li>\n<\/ol>\n<h4>IP adresy<\/h4>\n<p>M\u016f\u017eeme shroma\u017e\u010fovat informace o va\u0161em po\u010d\u00edta\u010di, v\u010detn\u011b IP adresy, opera\u010dn\u00edho syst\u00e9mu a typu prohl\u00ed\u017ee\u010de, pokud jsou k dispozici, za \u00fa\u010delem spr\u00e1vy syst\u00e9mu a poskytov\u00e1n\u00ed souhrnn\u00fdch informac\u00ed na\u0161im inzerent\u016fm. Jedn\u00e1 se o statistick\u00e9 \u00fadaje o \u010dinnostech a vzorc\u00edch prohl\u00ed\u017een\u00ed na\u0161ich u\u017eivatel\u016f, kter\u00e9 neidentifikuj\u00ed \u017e\u00e1dnou osobu, a t\u00edmto zp\u016fsobem nebudeme shroma\u017e\u010fovat osobn\u00ed \u00fadaje.<\/p>\n<h4>Va\u0161e pr\u00e1va<\/h4>\n<p>M\u00e1te pr\u00e1vo n\u00e1s po\u017e\u00e1dat, abychom va\u0161e osobn\u00ed \u00fadaje nezpracov\u00e1vali pro marketingov\u00e9 \u00fa\u010dely. Obvykle v\u00e1s budeme informovat (p\u0159ed shrom\u00e1\u017ed\u011bn\u00edm va\u0161ich \u00fadaj\u016f), pokud m\u00e1me v \u00famyslu pou\u017e\u00edt va\u0161e \u00fadaje pro tyto \u00fa\u010dely nebo pokud m\u00e1me v \u00famyslu poskytnout va\u0161e \u00fadaje t\u0159et\u00ed stran\u011b pro tyto \u00fa\u010dely. Sv\u00e9 pr\u00e1vo zabr\u00e1nit takov\u00e9mu zpracov\u00e1n\u00ed m\u016f\u017eete uplatnit za\u0161krtnut\u00edm ur\u010dit\u00fdch pol\u00ed\u010dek ve formul\u00e1\u0159\u00edch, kter\u00e9 pou\u017e\u00edv\u00e1me ke shroma\u017e\u010fov\u00e1n\u00ed va\u0161ich \u00fadaj\u016f. Toto pr\u00e1vo m\u016f\u017eete tak\u00e9 kdykoli uplatnit tak, \u017ee n\u00e1s kontaktujete na adrese Jessgrove, Cross Lane Mills, Cross Lane, Bradford, BD7 3JT.<\/p>\n<p>Na\u0161e str\u00e1nky mohou \u010das od \u010dasu obsahovat odkazy na webov\u00e9 str\u00e1nky na\u0161ich partnersk\u00fdch s\u00edt\u00ed, inzerent\u016f a pobo\u010dek. Pokud p\u0159ejdete na odkaz na n\u011bkterou z t\u011bchto webov\u00fdch str\u00e1nek, vezm\u011bte pros\u00edm na v\u011bdom\u00ed, \u017ee tyto webov\u00e9 str\u00e1nky maj\u00ed sv\u00e9 vlastn\u00ed z\u00e1sady ochrany osobn\u00edch \u00fadaj\u016f a \u017ee za tyto z\u00e1sady neneseme \u017e\u00e1dnou odpov\u011bdnost. Ne\u017e t\u011bmto webov\u00fdm str\u00e1nk\u00e1m poskytnete jak\u00e9koli osobn\u00ed \u00fadaje, zkontrolujte si pros\u00edm tyto z\u00e1sady.<\/p>\n<h4>P\u0159\u00edstup k informac\u00edm<\/h4>\n<p>Z\u00e1kon v\u00e1m d\u00e1v\u00e1 pr\u00e1vo na p\u0159\u00edstup k informac\u00edm, kter\u00e9 jsou o v\u00e1s uchov\u00e1v\u00e1ny. Va\u0161e pr\u00e1vo na p\u0159\u00edstup lze uplatnit v souladu se z\u00e1konem. Ka\u017ed\u00e1 \u017e\u00e1dost o p\u0159\u00edstup m\u016f\u017ee b\u00fdt zpoplatn\u011bna \u010d\u00e1stkou 10 GBP, abychom pokryli na\u0161e n\u00e1klady na poskytnut\u00ed podrobnost\u00ed o informac\u00edch, kter\u00e9 o v\u00e1s uchov\u00e1v\u00e1me.<\/p>\n<h4>Zm\u011bny na\u0161ich z\u00e1sad ochrany osobn\u00edch \u00fadaj\u016f<\/h4>\n<p>Ve\u0161ker\u00e9 zm\u011bny, kter\u00e9 v budoucnu provedeme v na\u0161ich z\u00e1sad\u00e1ch ochrany osobn\u00edch \u00fadaj\u016f, budou zve\u0159ejn\u011bny na t\u00e9to str\u00e1nce a p\u0159\u00edpadn\u011b v\u00e1m budou ozn\u00e1meny e-mailem. Doporu\u010dujeme v\u00e1m v\u0161ak, abyste tuto str\u00e1nku pravideln\u011b kontrolovali, abyste m\u011bli p\u0159ehled o v\u0161ech pot\u0159ebn\u00fdch zm\u011bn\u00e1ch.<\/p>\n<h4>Kontakt<\/h4>\n<p>Dotazy, p\u0159ipom\u00ednky a \u017e\u00e1dosti t\u00fdkaj\u00edc\u00ed se t\u011bchto z\u00e1sad ochrany osobn\u00edch \u00fadaj\u016f jsou v\u00edt\u00e1ny a m\u011bly by b\u00fdt adresov\u00e1ny spole\u010dnosti Jessgrove, Cross Lane Mills, Cross Lane, Bradford, BD7 3JT.<\/p>\n<p>\n<\/div><\/div><\/div><\/div><\/div><\/div><script id=\"script-row-unique-1\" data-row=\"script-row-unique-1\" type=\"text\/javascript\" class=\"vc_controls\">UNCODE.initRow(document.getElementById(\"row-unique-1\"));<\/script><\/div><\/div><\/div>\n<\/div>","protected":false},"excerpt":{"rendered":"Privacy PolicyThe Jessgrove Group (\u201cWe\u201d) are committed to protecting and respecting your privacy.This policy sets out the basis on which [...]","protected":false},"author":4,"featured_media":0,"parent":0,"menu_order":0,"comment_status":"closed","ping_status":"closed","template":"","meta":{"_surecart_dashboard_logo_width":"180px","_surecart_dashboard_show_logo":true,"_surecart_dashboard_navigation_orders":true,"_surecart_dashboard_navigation_invoices":true,"_surecart_dashboard_navigation_subscriptions":true,"_surecart_dashboard_navigation_downloads":true,"_surecart_dashboard_navigation_billing":true,"_surecart_dashboard_navigation_account":true,"_monsterinsights_skip_tracking":false,"_monsterinsights_sitenote_active":false,"_monsterinsights_sitenote_note":"","_monsterinsights_sitenote_category":0,"footnotes":""},"class_list":["post-3","page","type-page","status-publish","hentry"],"_links":{"self":[{"href":"https:\/\/jessgrove.co.uk\/cs\/wp-json\/wp\/v2\/pages\/3","targetHints":{"allow":["GET"]}}],"collection":[{"href":"https:\/\/jessgrove.co.uk\/cs\/wp-json\/wp\/v2\/pages"}],"about":[{"href":"https:\/\/jessgrove.co.uk\/cs\/wp-json\/wp\/v2\/types\/page"}],"author":[{"embeddable":true,"href":"https:\/\/jessgrove.co.uk\/cs\/wp-json\/wp\/v2\/users\/4"}],"replies":[{"embeddable":true,"href":"https:\/\/jessgrove.co.uk\/cs\/wp-json\/wp\/v2\/comments?post=3"}],"version-history":[{"count":0,"href":"https:\/\/jessgrove.co.uk\/cs\/wp-json\/wp\/v2\/pages\/3\/revisions"}],"wp:attachment":[{"href":"https:\/\/jessgrove.co.uk\/cs\/wp-json\/wp\/v2\/media?parent=3"}],"curies":[{"name":"wp","href":"https:\/\/api.w.org\/{rel}","templated":true}]}}